{"id":21439,"date":"2023-09-29T08:55:11","date_gmt":"2023-09-29T05:55:11","guid":{"rendered":"https:\/\/e-kalastus.ee\/toode\/silikoon-westin-bullteez-shadtail-95cm-headlight-1tk\/"},"modified":"2026-03-30T15:45:28","modified_gmt":"2026-03-30T12:45:28","slug":"silikoon-westin-bullteez-shadtail-95cm-headlight-1tk","status":"publish","type":"product","link":"https:\/\/e-kalastus.ee\/toode\/silikoon-westin-bullteez-shadtail-95cm-headlight-1tk\/","title":{"rendered":"Westin Bullteez Shadtail 9,5cm 1tk #Headlight"},"content":{"rendered":"<p><\/p>\n<p dir=\"ltr\" style=\"line-height:1.7999999999999998;margin-top:12pt;margin-bottom:12pt\"><span id=\"docs-internal-guid-426fcda4-7fff-cc24-139f-1053c5e3959c\"><span style=\"font-size: 11pt;font-family: Arial, sans-serif;background-color: transparent;vertical-align: baseline\">Tahad p\u00fc\u00fcda t\u00f5eliselt suurt kala? Siis on <\/span><span style=\"font-size: 11pt;font-family: Arial, sans-serif;background-color: transparent;font-weight: 700;vertical-align: baseline\">BullTeez<\/span><span style=\"font-size: 11pt;font-family: Arial, sans-serif;background-color: transparent;vertical-align: baseline\"> ideaalne valik suurtele r\u00f6\u00f6vkaladele nagu haug ja koha. Saba ja sale keskosa koos loovad ahvatleva v\u00e4releva ning k\u00f5hualust v\u00e4lgutava liikumise \u2013 isegi aeglasel kerimisel. Just see v\u00e4relev liikumine meelitab ja petab suuri kalu r\u00fcnnakule. <\/span><span style=\"font-size: 11pt;font-family: Arial, sans-serif;background-color: transparent;font-weight: 700;vertical-align: baseline\">BullTeez<\/span><span style=\"font-size: 11pt;font-family: Arial, sans-serif;background-color: transparent;vertical-align: baseline\"> sobib suurep\u00e4raselt nii madalate rakendustega kui ka s\u00fcgavp\u00fc\u00fcgil tavalise jigipeaga. Umbrohuvaba p\u00fc\u00fcgiviisi jaoks oleme varustanud landi k\u00f5hul ja seljal olevate piludega, et kasutada seda nihkekonksuga. T\u00e4iuslik valik p\u00fc\u00fcgiks roostikus!<\/span><\/span><\/p>\n<ul style=\"margin-top:0;margin-bottom:0;padding-inline-start:48px\">\n<li dir=\"ltr\" style=\"list-style-type: disc;font-size: 11pt;font-family: Arial, sans-serif;background-color: transparent;vertical-align: baseline;white-space: pre\">\n<p dir=\"ltr\" role=\"presentation\" style=\"line-height:1.7999999999999998;margin-top:12pt;margin-bottom:0pt\"><span id=\"docs-internal-guid-426fcda4-7fff-cc24-139f-1053c5e3959c\"><span style=\"font-size: 11pt;background-color: transparent;vertical-align: baseline\">Ei sisalda toksilisi ftalaate<\/span><\/span><br \/>\n\t&nbsp;<\/p>\n<\/li>\n<li dir=\"ltr\" style=\"list-style-type: disc;font-size: 11pt;font-family: Arial, sans-serif;background-color: transparent;vertical-align: baseline;white-space: pre\">\n<p dir=\"ltr\" role=\"presentation\" style=\"line-height:1.7999999999999998;margin-top:0pt;margin-bottom:0pt\"><span id=\"docs-internal-guid-426fcda4-7fff-cc24-139f-1053c5e3959c\"><span style=\"font-size: 11pt;background-color: transparent;vertical-align: baseline\">Realistlikud silmad<\/span><\/span><br \/>\n\t&nbsp;<\/p>\n<\/li>\n<li dir=\"ltr\" style=\"list-style-type: disc;font-size: 11pt;font-family: Arial, sans-serif;background-color: transparent;vertical-align: baseline;white-space: pre\">\n<p dir=\"ltr\" role=\"presentation\" style=\"line-height:1.7999999999999998;margin-top:0pt;margin-bottom:0pt\"><span id=\"docs-internal-guid-426fcda4-7fff-cc24-139f-1053c5e3959c\"><span style=\"font-size: 11pt;background-color: transparent;vertical-align: baseline\">Lihtsasti m\u00e4ngiv laba-saba<\/span><\/span><br \/>\n\t&nbsp;<\/p>\n<\/li>\n<li dir=\"ltr\" style=\"list-style-type: disc;font-size: 11pt;font-family: Arial, sans-serif;background-color: transparent;vertical-align: baseline;white-space: pre\">\n<p dir=\"ltr\" role=\"presentation\" style=\"line-height:1.7999999999999998;margin-top:0pt;margin-bottom:0pt\"><span id=\"docs-internal-guid-426fcda4-7fff-cc24-139f-1053c5e3959c\"><span style=\"font-size: 11pt;background-color: transparent;vertical-align: baseline\">Ahvatlev v\u00e4relev ja k\u00f5hualust v\u00e4lgutav liikumine ka madalal kiirusel<\/span><\/span><br \/>\n\t&nbsp;<\/p>\n<\/li>\n<li dir=\"ltr\" style=\"list-style-type: disc;font-size: 11pt;font-family: Arial, sans-serif;background-color: transparent;vertical-align: baseline;white-space: pre\">\n<p dir=\"ltr\" role=\"presentation\" style=\"line-height:1.7999999999999998;margin-top:0pt;margin-bottom:12pt\"><span id=\"docs-internal-guid-426fcda4-7fff-cc24-139f-1053c5e3959c\"><span style=\"font-size: 11pt;background-color: transparent;vertical-align: baseline\">Selja- ja k\u00f5hupilud nihkekonksu jaoks<\/span><\/span><br \/>\n\t&nbsp;<\/p>\n<\/li>\n<li dir=\"ltr\" style=\"list-style-type: disc;font-size: 11pt;font-family: Arial, sans-serif;background-color: transparent;vertical-align: baseline;white-space: pre\">\n<p dir=\"ltr\" role=\"presentation\" style=\"line-height:1.7999999999999998;margin-top:12pt;margin-bottom:12pt\"><span id=\"docs-internal-guid-426fcda4-7fff-cc24-139f-1053c5e3959c\"><span style=\"font-size: 11pt;background-color: transparent;vertical-align: baseline\">K\u00e4sitsi v\u00e4rvitud detailne viimistlus<\/span><\/span><\/p>\n<\/li>\n<\/ul>\n<p><\/p>\n\n    <div class=\"xs_social_share_widget xs_share_url after_content \t\tmain_content  wslu-style-1 wslu-share-box-shaped wslu-fill-colored wslu-none wslu-share-horizontal wslu-theme-font-no wslu-main_content\">\n\n\t\t\n        <ul>\n\t\t\t        <\/ul>\n    <\/div>","protected":false},"excerpt":{"rendered":"<p>BullTeez on realistliku liikumisega lant, mis \u00fchendab v\u00f5imsa saba ja sale keha, et meelitada suuri r\u00f6\u00f6vkalasid nagu haug ja koha ka k\u00f5ige aeglasemal m\u00e4ngul.<\/p>\n","protected":false},"featured_media":70786,"template":"","meta":{"_uag_custom_page_level_css":""},"product_brand":[763],"product_cat":[1417],"product_tag":[],"class_list":{"0":"post-21439","1":"product","2":"type-product","3":"status-publish","4":"has-post-thumbnail","6":"product_brand-westin","7":"product_cat-bullteez-shadtail","8":"pa_brand-westin","9":"pa_pikkus-7-6-9-9cm","11":"first","12":"instock","13":"taxable","14":"shipping-taxable","15":"purchasable","16":"product-type-simple"},"uagb_featured_image_src":{"full":["https:\/\/e-kalastus.b-cdn.net\/wp-content\/uploads\/2024\/07\/p138-122-163-default.jpg",1000,750,false],"thumbnail":["https:\/\/e-kalastus.b-cdn.net\/wp-content\/uploads\/2024\/07\/p138-122-163-default-150x150.jpg",150,150,true],"medium":["https:\/\/e-kalastus.b-cdn.net\/wp-content\/uploads\/2024\/07\/p138-122-163-default-300x300.jpg",300,300,true],"medium_large":["https:\/\/e-kalastus.b-cdn.net\/wp-content\/uploads\/2024\/07\/p138-122-163-default-768x768.jpg",768,768,true],"large":["https:\/\/e-kalastus.b-cdn.net\/wp-content\/uploads\/2024\/07\/p138-122-163-default-800x800.jpg",800,800,true],"1536x1536":["https:\/\/e-kalastus.b-cdn.net\/wp-content\/uploads\/2024\/07\/p138-122-163-default.jpg",1000,750,false],"2048x2048":["https:\/\/e-kalastus.b-cdn.net\/wp-content\/uploads\/2024\/07\/p138-122-163-default.jpg",1000,750,false],"woocommerce_thumbnail":["https:\/\/e-kalastus.b-cdn.net\/wp-content\/uploads\/2024\/07\/p138-122-163-default-768x768.jpg",324,324,true],"woocommerce_single":["https:\/\/e-kalastus.b-cdn.net\/wp-content\/uploads\/2024\/07\/p138-122-163-default.jpg",416,312,false],"woocommerce_gallery_thumbnail":["https:\/\/e-kalastus.b-cdn.net\/wp-content\/uploads\/2024\/07\/p138-122-163-default-100x100.jpg",100,100,true]},"uagb_author_info":{"display_name":"adam.mrozek","author_link":"https:\/\/e-kalastus.ee\/author\/"},"uagb_comment_info":0,"uagb_excerpt":"BullTeez on realistliku liikumisega lant, mis \u00fchendab v\u00f5imsa saba ja sale keha, et meelitada suuri r\u00f6\u00f6vkalasid nagu haug ja koha ka k\u00f5ige aeglasemal m\u00e4ngul.","_links":{"self":[{"href":"https:\/\/e-kalastus.ee\/wp-json\/wp\/v2\/product\/21439","targetHints":{"allow":["GET"]}}],"collection":[{"href":"https:\/\/e-kalastus.ee\/wp-json\/wp\/v2\/product"}],"about":[{"href":"https:\/\/e-kalastus.ee\/wp-json\/wp\/v2\/types\/product"}],"wp:featuredmedia":[{"embeddable":true,"href":"https:\/\/e-kalastus.ee\/wp-json\/wp\/v2\/media\/70786"}],"wp:attachment":[{"href":"https:\/\/e-kalastus.ee\/wp-json\/wp\/v2\/media?parent=21439"}],"wp:term":[{"taxonomy":"product_brand","embeddable":true,"href":"https:\/\/e-kalastus.ee\/wp-json\/wp\/v2\/product_brand?post=21439"},{"taxonomy":"product_cat","embeddable":true,"href":"https:\/\/e-kalastus.ee\/wp-json\/wp\/v2\/product_cat?post=21439"},{"taxonomy":"product_tag","embeddable":true,"href":"https:\/\/e-kalastus.ee\/wp-json\/wp\/v2\/product_tag?post=21439"}],"curies":[{"name":"wp","href":"https:\/\/api.w.org\/{rel}","templated":true}]}}