{"id":21403,"date":"2023-09-28T15:11:07","date_gmt":"2023-09-28T12:11:07","guid":{"rendered":"https:\/\/e-kalastus.ee\/toode\/noor-sunline-siglon-pe-x8-17-022mm-150m-13kg-multicolor\/"},"modified":"2026-03-30T15:27:44","modified_gmt":"2026-03-30T12:27:44","slug":"noor-sunline-siglon-pe-x8-17-022mm-150m-13kg-multicolor","status":"publish","type":"product","link":"https:\/\/e-kalastus.ee\/toode\/noor-sunline-siglon-pe-x8-17-022mm-150m-13kg-multicolor\/","title":{"rendered":"Sunline Siglon PE X8 #1,7 0,22mm 13kg 150m #Multicolor"},"content":{"rendered":"<p>See PE-n\u00f6\u00f6r on t\u00e4iesti uus toode, mille Sunline on oma rahvusvahelistele f\u00e4nnidele ja klientidele v\u00e4lja t\u00f6\u00f6tanud. See on tugev punutud multifilament\u00f5ngen\u00f6\u00f6r, mis sobib igat t\u00fc\u00fcpi p\u00fc\u00fcgitehnikate jaoks, saavutades nii k\u00f5rge t\u00f5mbetugevuse kui ka s\u00f5lmede katkemise. See on ka vastupidav ja minimaalse verejooksuga. Selle silmapaistev \u00fcmaram kuju on teine \u200b\u200b\u200b\u200boluline omadus, mis tagab suurep\u00e4rase libeduse ja heidetavuse. T\u00e4nu sujuvusele muutub kasutamine v\u00e4ga lihtsaks ja nauditavaks. Sunline&#8217;i eesm\u00e4rk on pakkuda igale \u00f5ngitsejale kalap\u00fc\u00fcgist r\u00f5\u00f5mu ja rahulolu.<\/p>\n\n    <div class=\"xs_social_share_widget xs_share_url after_content \t\tmain_content  wslu-style-1 wslu-share-box-shaped wslu-fill-colored wslu-none wslu-share-horizontal wslu-theme-font-no wslu-main_content\">\n\n\t\t\n        <ul>\n\t\t\t        <\/ul>\n    <\/div>","protected":false},"excerpt":{"rendered":"<p>\u25cf Kompaktselt punutud ja k\u00f5rgelt kvalifitseeritud PE-\u00f5ngen\u00f6\u00f6r<br \/>\n\u25cf Suurep\u00e4rane joonetugevus ja s\u00f5lmetugevus<br \/>\n\u25cf Suur kulumiskindlus ja tugev t\u00f5mbetugevus<br \/>\n\u25cf Suurep\u00e4rane libedus ja elastsus<br \/>\n\u25cf Lihtne kasutada<\/p>\n","protected":false},"featured_media":68852,"template":"","meta":{"_uag_custom_page_level_css":""},"product_brand":[1524],"product_cat":[1158],"product_tag":[],"class_list":{"0":"post-21403","1":"product","2":"type-product","3":"status-publish","4":"has-post-thumbnail","6":"product_brand-sunline","7":"product_cat-noorid","8":"pa_brand-sunline","9":"pa_labimoot-0-21-0-25mm","11":"first","12":"instock","13":"taxable","14":"shipping-taxable","15":"purchasable","16":"product-type-simple"},"uagb_featured_image_src":{"full":["https:\/\/e-kalastus.b-cdn.net\/wp-content\/uploads\/2024\/07\/4968813432035.jpg",999,999,false],"thumbnail":["https:\/\/e-kalastus.b-cdn.net\/wp-content\/uploads\/2024\/07\/4968813432035-150x150.jpg",150,150,true],"medium":["https:\/\/e-kalastus.b-cdn.net\/wp-content\/uploads\/2024\/07\/4968813432035-300x300.jpg",300,300,true],"medium_large":["https:\/\/e-kalastus.b-cdn.net\/wp-content\/uploads\/2024\/07\/4968813432035-768x768.jpg",768,768,true],"large":["https:\/\/e-kalastus.b-cdn.net\/wp-content\/uploads\/2024\/07\/4968813432035-800x800.jpg",800,800,true],"1536x1536":["https:\/\/e-kalastus.b-cdn.net\/wp-content\/uploads\/2024\/07\/4968813432035.jpg",999,999,false],"2048x2048":["https:\/\/e-kalastus.b-cdn.net\/wp-content\/uploads\/2024\/07\/4968813432035.jpg",999,999,false],"woocommerce_thumbnail":["https:\/\/e-kalastus.b-cdn.net\/wp-content\/uploads\/2024\/07\/4968813432035-768x768.jpg",324,324,true],"woocommerce_single":["https:\/\/e-kalastus.b-cdn.net\/wp-content\/uploads\/2024\/07\/4968813432035-768x768.jpg",416,416,true],"woocommerce_gallery_thumbnail":["https:\/\/e-kalastus.b-cdn.net\/wp-content\/uploads\/2024\/07\/4968813432035-100x100.jpg",100,100,true]},"uagb_author_info":{"display_name":"adam.mrozek","author_link":"https:\/\/e-kalastus.ee\/author\/"},"uagb_comment_info":0,"uagb_excerpt":"\u25cf Kompaktselt punutud ja k\u00f5rgelt kvalifitseeritud PE-\u00f5ngen\u00f6\u00f6r \u25cf Suurep\u00e4rane joonetugevus ja s\u00f5lmetugevus \u25cf Suur kulumiskindlus ja tugev t\u00f5mbetugevus \u25cf Suurep\u00e4rane libedus ja elastsus \u25cf Lihtne kasutada","_links":{"self":[{"href":"https:\/\/e-kalastus.ee\/wp-json\/wp\/v2\/product\/21403","targetHints":{"allow":["GET"]}}],"collection":[{"href":"https:\/\/e-kalastus.ee\/wp-json\/wp\/v2\/product"}],"about":[{"href":"https:\/\/e-kalastus.ee\/wp-json\/wp\/v2\/types\/product"}],"wp:featuredmedia":[{"embeddable":true,"href":"https:\/\/e-kalastus.ee\/wp-json\/wp\/v2\/media\/68852"}],"wp:attachment":[{"href":"https:\/\/e-kalastus.ee\/wp-json\/wp\/v2\/media?parent=21403"}],"wp:term":[{"taxonomy":"product_brand","embeddable":true,"href":"https:\/\/e-kalastus.ee\/wp-json\/wp\/v2\/product_brand?post=21403"},{"taxonomy":"product_cat","embeddable":true,"href":"https:\/\/e-kalastus.ee\/wp-json\/wp\/v2\/product_cat?post=21403"},{"taxonomy":"product_tag","embeddable":true,"href":"https:\/\/e-kalastus.ee\/wp-json\/wp\/v2\/product_tag?post=21403"}],"curies":[{"name":"wp","href":"https:\/\/api.w.org\/{rel}","templated":true}]}}