{"id":20526,"date":"2023-09-27T18:24:58","date_gmt":"2023-09-27T15:24:58","guid":{"rendered":"https:\/\/e-kalastus.ee\/toode\/co2-ohupustol-borner-sport-306-cal-4-5mm\/"},"modified":"2026-03-30T15:08:50","modified_gmt":"2026-03-30T12:08:50","slug":"co2-ohupustol-borner-sport-306-cal-4-5mm","status":"publish","type":"product","link":"https:\/\/e-kalastus.ee\/toode\/co2-ohupustol-borner-sport-306-cal-4-5mm\/","title":{"rendered":"CO2 \u00f5hup\u00fcstol Borner Sport 306 cal 4.5mm"},"content":{"rendered":"<p><span style=\"font-family: Verdana, Geneva, sans-serif;font-size: 12px\">Tootja: Borner (USA\/Taiwan)<\/span><br style=\"margin: 0px;padding: 0px;font-family: Verdana, Geneva, sans-serif;font-size: 12px\" \/><br \/>\n<span style=\"font-family: Verdana, Geneva, sans-serif;font-size: 12px\">Laskemoon: Metallist BB<\/span><br style=\"margin: 0px;padding: 0px;font-family: Verdana, Geneva, sans-serif;font-size: 12px\" \/><br \/>\n<span style=\"font-family: Verdana, Geneva, sans-serif;font-size: 12px\">Protot\u00fc\u00fcp: Beretta 90-Two(Itaalia)<\/span><br style=\"margin: 0px;padding: 0px;font-family: Verdana, Geneva, sans-serif;font-size: 12px\" \/><br \/>\n<span style=\"font-family: Verdana, Geneva, sans-serif;font-size: 12px\">Toimimisp\u00f5him\u00f5te: Gaasiballoone pneumaatika<\/span><br style=\"margin: 0px;padding: 0px;font-family: Verdana, Geneva, sans-serif;font-size: 12px\" \/><br \/>\n<span style=\"font-family: Verdana, Geneva, sans-serif;font-size: 12px\">Energiaallikas: CO2-gaasist 12-grammised kanistrid<\/span><br style=\"margin: 0px;padding: 0px;font-family: Verdana, Geneva, sans-serif;font-size: 12px\" \/><br \/>\n<span style=\"font-family: Verdana, Geneva, sans-serif;font-size: 12px\">Koonenergia: Kuni 3J<\/span><br style=\"margin: 0px;padding: 0px;font-family: Verdana, Geneva, sans-serif;font-size: 12px\" \/><br \/>\n<span style=\"font-family: Verdana, Geneva, sans-serif;font-size: 12px\">Salvemaht: 18tk<\/span><br style=\"margin: 0px;padding: 0px;font-family: Verdana, Geneva, sans-serif;font-size: 12px\" \/><br \/>\n<span style=\"font-family: Verdana, Geneva, sans-serif;font-size: 12px\">Katik: Fikseeritud<\/span><br style=\"margin: 0px;padding: 0px;font-family: Verdana, Geneva, sans-serif;font-size: 12px\" \/><br \/>\n<span style=\"font-family: Verdana, Geneva, sans-serif;font-size: 12px\">Blowback: Ei<\/span><br style=\"margin: 0px;padding: 0px;font-family: Verdana, Geneva, sans-serif;font-size: 12px\" \/><br \/>\n<span style=\"font-family: Verdana, Geneva, sans-serif;font-size: 12px\">Laskekiirus: 120 m\/s<\/span><br style=\"margin: 0px;padding: 0px;font-family: Verdana, Geneva, sans-serif;font-size: 12px\" \/><br \/>\n<span style=\"font-family: Verdana, Geneva, sans-serif;font-size: 12px\">Materjal: Keha,alus &#8211; metall<\/span><br style=\"margin: 0px;padding: 0px;font-family: Verdana, Geneva, sans-serif;font-size: 12px\" \/><br \/>\n<span style=\"font-family: Verdana, Geneva, sans-serif;font-size: 12px\">Pikkus: 215mm<\/span><br style=\"margin: 0px;padding: 0px;font-family: Verdana, Geneva, sans-serif;font-size: 12px\" \/><br \/>\n<span style=\"font-family: Verdana, Geneva, sans-serif;font-size: 12px\">Kaal: 470g<\/span><br style=\"margin: 0px;padding: 0px;font-family: Verdana, Geneva, sans-serif;font-size: 12px\" \/><br \/>\n<span style=\"margin: 0px;padding: 0px;font-family: Verdana, Geneva, sans-serif;font-size: 12px\">Piiramata tsiviilk\u00e4ibega relvi ja laskemoona saab osta v\u00e4hemalt 18-aasta vanune isik!<\/span><\/p>\n\n    <div class=\"xs_social_share_widget xs_share_url after_content \t\tmain_content  wslu-style-1 wslu-share-box-shaped wslu-fill-colored wslu-none wslu-share-horizontal wslu-theme-font-no wslu-main_content\">\n\n\t\t\n        <ul>\n\t\t\t        <\/ul>\n    <\/div>","protected":false},"excerpt":{"rendered":"<p>Tootja: Borner (USA\/Taiwan) Laskemoon: Metallist BB Protot\u00fc\u00fcp: Beretta 90-Two(Itaalia) Toimimisp\u00f5him\u00f5te: Gaasiballoone pneumaatika Energiaallikas: CO2-gaasist 12-grammised kanistrid Koonenergia: Kuni 3J Salvemaht: 18tk Katik: Fikseeritud Blowback: Ei Laskekiirus: 120 m\/s Materjal: Keha,alus &#8211; metall Pikkus: 215mm Kaal: 470g Piiramata tsiviilk\u00e4ibega relvi ja laskemoona saab osta v\u00e4hemalt 18-aasta vanune isik!<\/p>\n","protected":false},"featured_media":70848,"template":"","meta":{"_uag_custom_page_level_css":""},"product_brand":[1585],"product_cat":[1224],"product_tag":[],"class_list":{"0":"post-20526","1":"product","2":"type-product","3":"status-publish","4":"has-post-thumbnail","6":"product_brand-borner","7":"product_cat-ohkrelvad","8":"pa_brand-borner","10":"first","11":"instock","12":"sale","13":"taxable","14":"shipping-taxable","15":"purchasable","16":"product-type-simple"},"uagb_featured_image_src":{"full":["https:\/\/e-kalastus.b-cdn.net\/wp-content\/uploads\/2024\/07\/7576-7576-5c7e33628ddc24-85947514-borner306-large.png",800,800,false],"thumbnail":["https:\/\/e-kalastus.b-cdn.net\/wp-content\/uploads\/2024\/07\/7576-7576-5c7e33628ddc24-85947514-borner306-large-150x150.png.jpg",150,150,true],"medium":["https:\/\/e-kalastus.b-cdn.net\/wp-content\/uploads\/2024\/07\/7576-7576-5c7e33628ddc24-85947514-borner306-large-300x300.png.jpg",300,300,true],"medium_large":["https:\/\/e-kalastus.b-cdn.net\/wp-content\/uploads\/2024\/07\/7576-7576-5c7e33628ddc24-85947514-borner306-large-768x768.png.jpg",768,768,true],"large":["https:\/\/e-kalastus.b-cdn.net\/wp-content\/uploads\/2024\/07\/7576-7576-5c7e33628ddc24-85947514-borner306-large-800x800.png.jpg",800,800,true],"1536x1536":["https:\/\/e-kalastus.b-cdn.net\/wp-content\/uploads\/2024\/07\/7576-7576-5c7e33628ddc24-85947514-borner306-large.png",800,800,false],"2048x2048":["https:\/\/e-kalastus.b-cdn.net\/wp-content\/uploads\/2024\/07\/7576-7576-5c7e33628ddc24-85947514-borner306-large.png",800,800,false],"woocommerce_thumbnail":["https:\/\/e-kalastus.b-cdn.net\/wp-content\/uploads\/2024\/07\/7576-7576-5c7e33628ddc24-85947514-borner306-large-768x768.png.jpg",324,324,true],"woocommerce_single":["https:\/\/e-kalastus.b-cdn.net\/wp-content\/uploads\/2024\/07\/7576-7576-5c7e33628ddc24-85947514-borner306-large-768x768.png.jpg",416,416,true],"woocommerce_gallery_thumbnail":["https:\/\/e-kalastus.b-cdn.net\/wp-content\/uploads\/2024\/07\/7576-7576-5c7e33628ddc24-85947514-borner306-large-100x100.png.jpg",100,100,true]},"uagb_author_info":{"display_name":"adam.mrozek","author_link":"https:\/\/e-kalastus.ee\/author\/"},"uagb_comment_info":0,"uagb_excerpt":"Tootja: Borner (USA\/Taiwan) Laskemoon: Metallist BB Protot\u00fc\u00fcp: Beretta 90-Two(Itaalia) Toimimisp\u00f5him\u00f5te: Gaasiballoone pneumaatika Energiaallikas: CO2-gaasist 12-grammised kanistrid Koonenergia: Kuni 3J Salvemaht: 18tk Katik: Fikseeritud Blowback: Ei Laskekiirus: 120 m\/s Materjal: Keha,alus &#8211; metall Pikkus: 215mm Kaal: 470g Piiramata tsiviilk\u00e4ibega relvi ja laskemoona saab osta v\u00e4hemalt 18-aasta vanune isik!","_links":{"self":[{"href":"https:\/\/e-kalastus.ee\/wp-json\/wp\/v2\/product\/20526","targetHints":{"allow":["GET"]}}],"collection":[{"href":"https:\/\/e-kalastus.ee\/wp-json\/wp\/v2\/product"}],"about":[{"href":"https:\/\/e-kalastus.ee\/wp-json\/wp\/v2\/types\/product"}],"wp:featuredmedia":[{"embeddable":true,"href":"https:\/\/e-kalastus.ee\/wp-json\/wp\/v2\/media\/70848"}],"wp:attachment":[{"href":"https:\/\/e-kalastus.ee\/wp-json\/wp\/v2\/media?parent=20526"}],"wp:term":[{"taxonomy":"product_brand","embeddable":true,"href":"https:\/\/e-kalastus.ee\/wp-json\/wp\/v2\/product_brand?post=20526"},{"taxonomy":"product_cat","embeddable":true,"href":"https:\/\/e-kalastus.ee\/wp-json\/wp\/v2\/product_cat?post=20526"},{"taxonomy":"product_tag","embeddable":true,"href":"https:\/\/e-kalastus.ee\/wp-json\/wp\/v2\/product_tag?post=20526"}],"curies":[{"name":"wp","href":"https:\/\/api.w.org\/{rel}","templated":true}]}}