{"id":20489,"date":"2023-09-27T15:10:18","date_gmt":"2023-09-27T12:10:18","guid":{"rendered":"https:\/\/e-kalastus.ee\/toode\/silikoon-westin-shadteez-slim-10cm-gold-rush-1tk\/"},"modified":"2026-03-30T15:03:20","modified_gmt":"2026-03-30T12:03:20","slug":"silikoon-westin-shadteez-slim-10cm-gold-rush-1tk","status":"publish","type":"product","link":"https:\/\/e-kalastus.ee\/toode\/silikoon-westin-shadteez-slim-10cm-gold-rush-1tk\/","title":{"rendered":"Westin Shadteez Slim 10cm 1tk #Gold Rush"},"content":{"rendered":"<p><\/p>\n<p dir=\"ltr\" style=\"line-height:1.38;margin-top:12pt;margin-bottom:12pt\"><span id=\"docs-internal-guid-edf2b256-7fff-2b21-c602-7fd6c1177307\"><span style=\"font-size: 11pt;font-family: Arial, sans-serif;background-color: transparent;vertical-align: baseline\">See saleda kehaga lant meelitab kiskjad oma ahvatleva vingerdava liikumisega, mis t\u00f6\u00f6tab suurep\u00e4raselt erinevatel kerimiskiirustel. Tegemist on olemasoleva landi v\u00e4iksema vennaga, kuid just v\u00e4iksem suurus annab sellele rohkem mitmek\u00fclgsust. N\u00e4ljased kiskjad neelavad selle kergesti alla, tagades kindlamad haakimised.<\/span><\/span><\/p>\n<ul style=\"margin-top:0;margin-bottom:0;padding-inline-start:48px\">\n<li dir=\"ltr\" style=\"list-style-type: disc;font-size: 11pt;font-family: Arial, sans-serif;background-color: transparent;vertical-align: baseline;white-space: pre\">\n<p dir=\"ltr\" role=\"presentation\" style=\"line-height:1.38;margin-top:12pt;margin-bottom:0pt\"><span id=\"docs-internal-guid-edf2b256-7fff-2b21-c602-7fd6c1177307\"><span style=\"font-size: 11pt;background-color: transparent;vertical-align: baseline\">Optimeeritud paindlikkus<\/span><\/span><br \/>\n\t&nbsp;<\/p>\n<\/li>\n<li dir=\"ltr\" style=\"list-style-type: disc;font-size: 11pt;font-family: Arial, sans-serif;background-color: transparent;vertical-align: baseline;white-space: pre\">\n<p dir=\"ltr\" role=\"presentation\" style=\"line-height:1.38;margin-top:0pt;margin-bottom:0pt\"><span id=\"docs-internal-guid-edf2b256-7fff-2b21-c602-7fd6c1177307\"><span style=\"font-size: 11pt;background-color: transparent;vertical-align: baseline\">Realistlikud silmad<\/span><\/span><br \/>\n\t&nbsp;<\/p>\n<\/li>\n<li dir=\"ltr\" style=\"list-style-type: disc;font-size: 11pt;font-family: Arial, sans-serif;background-color: transparent;vertical-align: baseline;white-space: pre\">\n<p dir=\"ltr\" role=\"presentation\" style=\"line-height:1.38;margin-top:0pt;margin-bottom:0pt\"><span id=\"docs-internal-guid-edf2b256-7fff-2b21-c602-7fd6c1177307\"><span style=\"font-size: 11pt;background-color: transparent;vertical-align: baseline\">Lihtsasti t\u00f6\u00f6tav sabauime kuju<\/span><\/span><br \/>\n\t&nbsp;<\/p>\n<\/li>\n<li dir=\"ltr\" style=\"list-style-type: disc;font-size: 11pt;font-family: Arial, sans-serif;background-color: transparent;vertical-align: baseline;white-space: pre\">\n<p dir=\"ltr\" role=\"presentation\" style=\"line-height:1.38;margin-top:0pt;margin-bottom:12pt\"><span id=\"docs-internal-guid-edf2b256-7fff-2b21-c602-7fd6c1177307\"><span style=\"font-size: 11pt;background-color: transparent;vertical-align: baseline\">Sale kere hea k\u00f5hupoolse v\u00e4lgatusega<\/span><\/span><br \/>\n\t&nbsp;<\/p>\n<\/li>\n<li dir=\"ltr\" style=\"list-style-type: disc;font-size: 11pt;font-family: Arial, sans-serif;background-color: transparent;vertical-align: baseline;white-space: pre\">\n<p dir=\"ltr\" role=\"presentation\" style=\"line-height:1.38;margin-top:12pt;margin-bottom:12pt\"><span id=\"docs-internal-guid-edf2b256-7fff-2b21-c602-7fd6c1177307\"><span style=\"font-size: 11pt;background-color: transparent;vertical-align: baseline\">K\u00e4sitsi v\u00e4rvitud detailne viimistlus<\/span><\/span><\/p>\n<\/li>\n<\/ul>\n<p><\/p>\n\n    <div class=\"xs_social_share_widget xs_share_url after_content \t\tmain_content  wslu-style-1 wslu-share-box-shaped wslu-fill-colored wslu-none wslu-share-horizontal wslu-theme-font-no wslu-main_content\">\n\n\t\t\n        <ul>\n\t\t\t        <\/ul>\n    <\/div>","protected":false},"excerpt":{"rendered":"<p>V\u00e4ike, ent mitmek\u00fclgne lant realistliku v\u00e4limuse ja vingerdava liikumisega, mis meelitab kiskjad kindlalt r\u00fcndama.<\/p>\n","protected":false},"featured_media":68180,"template":"","meta":{"_uag_custom_page_level_css":""},"product_brand":[763],"product_cat":[1420],"product_tag":[],"class_list":{"0":"post-20489","1":"product","2":"type-product","3":"status-publish","4":"has-post-thumbnail","6":"product_brand-westin","7":"product_cat-shadteez-slim","8":"pa_brand-westin","9":"pa_pikkus-10-15-2cm","11":"first","12":"instock","13":"taxable","14":"shipping-taxable","15":"purchasable","16":"product-type-simple"},"uagb_featured_image_src":{"full":["https:\/\/e-kalastus.b-cdn.net\/wp-content\/uploads\/2024\/07\/p020-578-014-default-2.jpg",1000,750,false],"thumbnail":["https:\/\/e-kalastus.b-cdn.net\/wp-content\/uploads\/2024\/07\/p020-578-014-default-2-150x150.jpg",150,150,true],"medium":["https:\/\/e-kalastus.b-cdn.net\/wp-content\/uploads\/2024\/07\/p020-578-014-default-2-300x300.jpg",300,300,true],"medium_large":["https:\/\/e-kalastus.b-cdn.net\/wp-content\/uploads\/2024\/07\/p020-578-014-default-2-768x768.jpg",768,768,true],"large":["https:\/\/e-kalastus.b-cdn.net\/wp-content\/uploads\/2024\/07\/p020-578-014-default-2-800x800.jpg",800,800,true],"1536x1536":["https:\/\/e-kalastus.b-cdn.net\/wp-content\/uploads\/2024\/07\/p020-578-014-default-2.jpg",1000,750,false],"2048x2048":["https:\/\/e-kalastus.b-cdn.net\/wp-content\/uploads\/2024\/07\/p020-578-014-default-2.jpg",1000,750,false],"woocommerce_thumbnail":["https:\/\/e-kalastus.b-cdn.net\/wp-content\/uploads\/2024\/07\/p020-578-014-default-2-768x768.jpg",324,324,true],"woocommerce_single":["https:\/\/e-kalastus.b-cdn.net\/wp-content\/uploads\/2024\/07\/p020-578-014-default-2.jpg",416,312,false],"woocommerce_gallery_thumbnail":["https:\/\/e-kalastus.b-cdn.net\/wp-content\/uploads\/2024\/07\/p020-578-014-default-2-100x100.jpg",100,100,true]},"uagb_author_info":{"display_name":"adam.mrozek","author_link":"https:\/\/e-kalastus.ee\/author\/"},"uagb_comment_info":0,"uagb_excerpt":"V\u00e4ike, ent mitmek\u00fclgne lant realistliku v\u00e4limuse ja vingerdava liikumisega, mis meelitab kiskjad kindlalt r\u00fcndama.","_links":{"self":[{"href":"https:\/\/e-kalastus.ee\/wp-json\/wp\/v2\/product\/20489","targetHints":{"allow":["GET"]}}],"collection":[{"href":"https:\/\/e-kalastus.ee\/wp-json\/wp\/v2\/product"}],"about":[{"href":"https:\/\/e-kalastus.ee\/wp-json\/wp\/v2\/types\/product"}],"wp:featuredmedia":[{"embeddable":true,"href":"https:\/\/e-kalastus.ee\/wp-json\/wp\/v2\/media\/68180"}],"wp:attachment":[{"href":"https:\/\/e-kalastus.ee\/wp-json\/wp\/v2\/media?parent=20489"}],"wp:term":[{"taxonomy":"product_brand","embeddable":true,"href":"https:\/\/e-kalastus.ee\/wp-json\/wp\/v2\/product_brand?post=20489"},{"taxonomy":"product_cat","embeddable":true,"href":"https:\/\/e-kalastus.ee\/wp-json\/wp\/v2\/product_cat?post=20489"},{"taxonomy":"product_tag","embeddable":true,"href":"https:\/\/e-kalastus.ee\/wp-json\/wp\/v2\/product_tag?post=20489"}],"curies":[{"name":"wp","href":"https:\/\/api.w.org\/{rel}","templated":true}]}}