{"id":20360,"date":"2023-09-27T11:59:19","date_gmt":"2023-09-27T08:59:19","guid":{"rendered":"https:\/\/e-kalastus.ee\/toode\/silikoon-westin-shadteez-9cm-fireflake-1tk\/"},"modified":"2026-03-30T15:42:44","modified_gmt":"2026-03-30T12:42:44","slug":"silikoon-westin-shadteez-9cm-fireflake-1tk","status":"publish","type":"product","link":"https:\/\/e-kalastus.ee\/toode\/silikoon-westin-shadteez-9cm-fireflake-1tk\/","title":{"rendered":"Westin Shadteez 9cm 1tk #Fireflake"},"content":{"rendered":"<p><\/p>\n<p dir=\"ltr\" style=\"line-height:1.7999999999999998;margin-top:12pt;margin-bottom:12pt\"><span id=\"docs-internal-guid-ba517202-7fff-426e-a738-2f9e7d13308d\"><span style=\"font-size: 11pt;font-family: Arial, sans-serif;background-color: transparent;vertical-align: baseline\">Paneb teised shad\u2019id varju j\u00e4\u00e4ma \u2013 <\/span><span style=\"font-size: 11pt;font-family: Arial, sans-serif;background-color: transparent;font-weight: 700;vertical-align: baseline\">ShadTeez<\/span><span style=\"font-size: 11pt;font-family: Arial, sans-serif;background-color: transparent;vertical-align: baseline\"> on viimistletud t\u00e4iuslikkuseni kuni pisimate detailideni. S\u00fcgav keha, sale keskosa ja lai saba loovad rulluva, k\u00f5hualust v\u00e4lgutava ujumisliikumise isegi aeglasel kerimisel, mis j\u00e4tab suured r\u00f6\u00f6vkalad t\u00e4iesti lummusesse. T\u00e4iuslik valik nii jigimiseks, spinninguks kui ka vertikaalp\u00fc\u00fcgiks. J\u00e4ljendades kergelt vigastatud ja paanikas kala, leiad oma rekordsaagi otsa kiiremini, kui arvatagi oskad!<\/span><\/span><\/p>\n<ul style=\"margin-top:0;margin-bottom:0;padding-inline-start:48px\">\n<li dir=\"ltr\" style=\"list-style-type: disc;font-size: 11pt;font-family: Arial, sans-serif;background-color: transparent;vertical-align: baseline;white-space: pre\">\n<p dir=\"ltr\" role=\"presentation\" style=\"line-height:1.7999999999999998;margin-top:12pt;margin-bottom:0pt\"><span id=\"docs-internal-guid-ba517202-7fff-426e-a738-2f9e7d13308d\"><span style=\"font-size: 11pt;background-color: transparent;vertical-align: baseline\">Optimeeritud painduvus<\/span><\/span><br \/>\n\t&nbsp;<\/p>\n<\/li>\n<li dir=\"ltr\" style=\"list-style-type: disc;font-size: 11pt;font-family: Arial, sans-serif;background-color: transparent;vertical-align: baseline;white-space: pre\">\n<p dir=\"ltr\" role=\"presentation\" style=\"line-height:1.7999999999999998;margin-top:0pt;margin-bottom:0pt\"><span id=\"docs-internal-guid-ba517202-7fff-426e-a738-2f9e7d13308d\"><span style=\"font-size: 11pt;background-color: transparent;vertical-align: baseline\">Realistlikud silmad<\/span><\/span><br \/>\n\t&nbsp;<\/p>\n<\/li>\n<li dir=\"ltr\" style=\"list-style-type: disc;font-size: 11pt;font-family: Arial, sans-serif;background-color: transparent;vertical-align: baseline;white-space: pre\">\n<p dir=\"ltr\" role=\"presentation\" style=\"line-height:1.7999999999999998;margin-top:0pt;margin-bottom:0pt\"><span id=\"docs-internal-guid-ba517202-7fff-426e-a738-2f9e7d13308d\"><span style=\"font-size: 11pt;background-color: transparent;vertical-align: baseline\">Lihtsasti m\u00e4ngiv laba-saba<\/span><\/span><br \/>\n\t&nbsp;<\/p>\n<\/li>\n<li dir=\"ltr\" style=\"list-style-type: disc;font-size: 11pt;font-family: Arial, sans-serif;background-color: transparent;vertical-align: baseline;white-space: pre\">\n<p dir=\"ltr\" role=\"presentation\" style=\"line-height:1.7999999999999998;margin-top:0pt;margin-bottom:0pt\"><span id=\"docs-internal-guid-ba517202-7fff-426e-a738-2f9e7d13308d\"><span style=\"font-size: 11pt;background-color: transparent;vertical-align: baseline\">K\u00f5rge kehakujuga ja tugeva k\u00f5hualuse v\u00e4lgatusega<\/span><\/span><br \/>\n\t&nbsp;<\/p>\n<\/li>\n<li dir=\"ltr\" style=\"list-style-type: disc;font-size: 11pt;font-family: Arial, sans-serif;background-color: transparent;vertical-align: baseline;white-space: pre\">\n<p dir=\"ltr\" role=\"presentation\" style=\"line-height:1.7999999999999998;margin-top:0pt;margin-bottom:0pt\"><span id=\"docs-internal-guid-ba517202-7fff-426e-a738-2f9e7d13308d\"><span style=\"font-size: 11pt;background-color: transparent;vertical-align: baseline\">K\u00e4sitsi v\u00e4rvitud detailne viimistlus<\/span><\/span><br \/>\n\t&nbsp;<\/p>\n<\/li>\n<li dir=\"ltr\" style=\"list-style-type: disc;font-size: 11pt;font-family: Arial, sans-serif;background-color: transparent;vertical-align: baseline;white-space: pre\">\n<p dir=\"ltr\" role=\"presentation\" style=\"line-height:1.7999999999999998;margin-top:0pt;margin-bottom:12pt\"><span id=\"docs-internal-guid-ba517202-7fff-426e-a738-2f9e7d13308d\"><span style=\"font-size: 11pt;background-color: transparent;vertical-align: baseline\">Tarnitakse karbis<\/span><\/span><br \/>\n\t&nbsp;<\/p>\n<\/li>\n<li dir=\"ltr\" style=\"list-style-type: disc;font-size: 11pt;font-family: Arial, sans-serif;background-color: transparent;vertical-align: baseline;white-space: pre\">\n<p dir=\"ltr\" role=\"presentation\" style=\"line-height:1.7999999999999998;margin-top:12pt;margin-bottom:12pt\"><span id=\"docs-internal-guid-ba517202-7fff-426e-a738-2f9e7d13308d\"><span style=\"font-size: 11pt;background-color: transparent;vertical-align: baseline\">Kaal: 7 cm 4 g | 9 cm 7 g | 12 cm 15 g | 16 cm 39 g | 19 cm 56 g<\/span><\/span><\/p>\n<\/li>\n<\/ul>\n<p><\/p>\n\n    <div class=\"xs_social_share_widget xs_share_url after_content \t\tmain_content  wslu-style-1 wslu-share-box-shaped wslu-fill-colored wslu-none wslu-share-horizontal wslu-theme-font-no wslu-main_content\">\n\n\t\t\n        <ul>\n\t\t\t        <\/ul>\n    <\/div>","protected":false},"excerpt":{"rendered":"<p>ShadTeez on \u00fclimalt realistlik lant, mis \u00fchendab elutruu m\u00e4ngu ja detailse viimistluse, et meelitada ligi ka k\u00f5ige ettevaatlikumad r\u00f6\u00f6vkalad.<\/p>\n","protected":false},"featured_media":67734,"template":"","meta":{"_uag_custom_page_level_css":""},"product_brand":[763],"product_cat":[1419],"product_tag":[],"class_list":{"0":"post-20360","1":"product","2":"type-product","3":"status-publish","4":"has-post-thumbnail","6":"product_brand-westin","7":"product_cat-shadteez","8":"pa_brand-westin","9":"pa_pikkus-7-6-9-9cm","11":"first","12":"instock","13":"taxable","14":"shipping-taxable","15":"purchasable","16":"product-type-simple"},"uagb_featured_image_src":{"full":["https:\/\/e-kalastus.b-cdn.net\/wp-content\/uploads\/2024\/07\/p021-097-x1-default.jpg",1000,750,false],"thumbnail":["https:\/\/e-kalastus.b-cdn.net\/wp-content\/uploads\/2024\/07\/p021-097-x1-default-150x150.jpg",150,150,true],"medium":["https:\/\/e-kalastus.b-cdn.net\/wp-content\/uploads\/2024\/07\/p021-097-x1-default-300x300.jpg",300,300,true],"medium_large":["https:\/\/e-kalastus.b-cdn.net\/wp-content\/uploads\/2024\/07\/p021-097-x1-default-768x768.jpg",768,768,true],"large":["https:\/\/e-kalastus.b-cdn.net\/wp-content\/uploads\/2024\/07\/p021-097-x1-default-800x800.jpg",800,800,true],"1536x1536":["https:\/\/e-kalastus.b-cdn.net\/wp-content\/uploads\/2024\/07\/p021-097-x1-default.jpg",1000,750,false],"2048x2048":["https:\/\/e-kalastus.b-cdn.net\/wp-content\/uploads\/2024\/07\/p021-097-x1-default.jpg",1000,750,false],"woocommerce_thumbnail":["https:\/\/e-kalastus.b-cdn.net\/wp-content\/uploads\/2024\/07\/p021-097-x1-default-768x768.jpg",324,324,true],"woocommerce_single":["https:\/\/e-kalastus.b-cdn.net\/wp-content\/uploads\/2024\/07\/p021-097-x1-default.jpg",416,312,false],"woocommerce_gallery_thumbnail":["https:\/\/e-kalastus.b-cdn.net\/wp-content\/uploads\/2024\/07\/p021-097-x1-default-100x100.jpg",100,100,true]},"uagb_author_info":{"display_name":"adam.mrozek","author_link":"https:\/\/e-kalastus.ee\/author\/"},"uagb_comment_info":0,"uagb_excerpt":"ShadTeez on \u00fclimalt realistlik lant, mis \u00fchendab elutruu m\u00e4ngu ja detailse viimistluse, et meelitada ligi ka k\u00f5ige ettevaatlikumad r\u00f6\u00f6vkalad.","_links":{"self":[{"href":"https:\/\/e-kalastus.ee\/wp-json\/wp\/v2\/product\/20360","targetHints":{"allow":["GET"]}}],"collection":[{"href":"https:\/\/e-kalastus.ee\/wp-json\/wp\/v2\/product"}],"about":[{"href":"https:\/\/e-kalastus.ee\/wp-json\/wp\/v2\/types\/product"}],"wp:featuredmedia":[{"embeddable":true,"href":"https:\/\/e-kalastus.ee\/wp-json\/wp\/v2\/media\/67734"}],"wp:attachment":[{"href":"https:\/\/e-kalastus.ee\/wp-json\/wp\/v2\/media?parent=20360"}],"wp:term":[{"taxonomy":"product_brand","embeddable":true,"href":"https:\/\/e-kalastus.ee\/wp-json\/wp\/v2\/product_brand?post=20360"},{"taxonomy":"product_cat","embeddable":true,"href":"https:\/\/e-kalastus.ee\/wp-json\/wp\/v2\/product_cat?post=20360"},{"taxonomy":"product_tag","embeddable":true,"href":"https:\/\/e-kalastus.ee\/wp-json\/wp\/v2\/product_tag?post=20360"}],"curies":[{"name":"wp","href":"https:\/\/api.w.org\/{rel}","templated":true}]}}