{"id":20158,"date":"2023-09-26T16:29:07","date_gmt":"2023-09-26T13:29:07","guid":{"rendered":"https:\/\/e-kalastus.ee\/toode\/silikoon-westin-bullteez-shadtail-24cm-motoroil-pike-1tk\/"},"modified":"2026-04-10T14:59:57","modified_gmt":"2026-04-10T11:59:57","slug":"silikoon-westin-bullteez-shadtail-24cm-motoroil-pike-1tk","status":"publish","type":"product","link":"https:\/\/e-kalastus.ee\/fi\/tuotteet\/westin-bullteez-shadtail-24cm-1kpl-motoroil-pike\/","title":{"rendered":"Westin Bullteez Shadtail 24cm 1kpl #Motoroil Pike"},"content":{"rendered":"<p><\/p>\n<p>Haluatko saada todella ison kalan? Silloin BullTeez on ihanteellinen valinta suurille petokaloille kuten hauelle ja kuha. H\u00e4nt\u00e4 ja hoikka keskiosa luovat yhdess\u00e4 houkuttelevan v\u00e4risev\u00e4n ja vatsan v\u00e4lkkyv\u00e4n liikkeen \u2013 jopa hitaalla kelauksella. Juuri t\u00e4m\u00e4 v\u00e4risev\u00e4 liike houkuttelee ja huijaa suuria kaloja hy\u00f6kk\u00e4\u00e4m\u00e4\u00e4n. BullTeez sopii erinomaisesti sek\u00e4 mataliin monisteisiin ett\u00e4 syv\u00e4kalastukseen tavallisella jigikoukulla. Ruohottoman kalastustavan vuoksi olemme varustaneet vieheen raoilla vatsassa ja sel\u00e4ss\u00e4, jotta sit\u00e4 voidaan k\u00e4ytt\u00e4\u00e4 liukukoukulla. T\u00e4ydellinen valinta kalastukseen vesikasvillisuudessa!<\/p>\n<ul>\n<li>\n<p role=\"presentation\">Ei sis\u00e4ll\u00e4 myrkyllisi\u00e4 ftaalaatteja<br \/>\n\t&nbsp;<\/p>\n<\/li>\n<li>\n<p role=\"presentation\">Realistiset silm\u00e4t<br \/>\n\t&nbsp;<\/p>\n<\/li>\n<li>\n<p role=\"presentation\">Helposti soiva lapah\u00e4nt\u00e4<br \/>\n\t&nbsp;<\/p>\n<\/li>\n<li>\n<p role=\"presentation\">Houkutteleva v\u00e4risev\u00e4 ja vatsan v\u00e4lkkyv\u00e4 liike jopa matalalla nopeudella<br \/>\n\t&nbsp;<\/p>\n<\/li>\n<li>\n<p role=\"presentation\">Sel\u00e4n ja vatsan raot liukukoukkua varten<br \/>\n\t&nbsp;<\/p>\n<\/li>\n<li>\n<p role=\"presentation\">K\u00e4sin maalattu yksityiskohtainen viimeistely<\/p>\n<\/li>\n<\/ul>\n<p><\/p>\n\n    <div class=\"xs_social_share_widget xs_share_url after_content \t\tmain_content  wslu-style-1 wslu-share-box-shaped wslu-fill-colored wslu-none wslu-share-horizontal wslu-theme-font-no wslu-main_content\">\n\n\t\t\n        <ul>\n\t\t\t        <\/ul>\n    <\/div>","protected":false},"excerpt":{"rendered":"<p>BullTeez on viehe realistisella liikkeell\u00e4, joka yhdist\u00e4\u00e4 voimakkaan h\u00e4nn\u00e4n ja hoikan rungon houkuttelemaan suuria petokaloja kuten haukea ja kuhaa jopa hitaimmalla kelauksella.<\/p>\n","protected":false},"featured_media":71570,"template":"","meta":{"_uag_custom_page_level_css":""},"product_brand":[763],"product_cat":[1417],"product_tag":[],"class_list":{"0":"post-20158","1":"product","2":"type-product","3":"status-publish","4":"has-post-thumbnail","6":"product_brand-westin","7":"product_cat-bullteez-shadtail","8":"pa_brand-westin","9":"pa_pikkus-16-25cm","11":"first","12":"outofstock","13":"taxable","14":"shipping-taxable","15":"purchasable","16":"product-type-simple"},"uagb_featured_image_src":{"full":["https:\/\/e-kalastus.b-cdn.net\/wp-content\/uploads\/2024\/07\/tuotesivu-WestinBullteezShadtail24cm107gMotoroilPike-5707549453148-0d2fffaa4b5e3b7a4e27cd61bcb1a81b-1.png",510,383,false],"thumbnail":["https:\/\/e-kalastus.b-cdn.net\/wp-content\/uploads\/2024\/07\/tuotesivu-WestinBullteezShadtail24cm107gMotoroilPike-5707549453148-0d2fffaa4b5e3b7a4e27cd61bcb1a81b-1-150x150.png.jpg",150,150,true],"medium":["https:\/\/e-kalastus.b-cdn.net\/wp-content\/uploads\/2024\/07\/tuotesivu-WestinBullteezShadtail24cm107gMotoroilPike-5707549453148-0d2fffaa4b5e3b7a4e27cd61bcb1a81b-1-300x300.png.jpg",300,300,true],"medium_large":["https:\/\/e-kalastus.b-cdn.net\/wp-content\/uploads\/2024\/07\/tuotesivu-WestinBullteezShadtail24cm107gMotoroilPike-5707549453148-0d2fffaa4b5e3b7a4e27cd61bcb1a81b-1-768x768.png.jpg",768,768,true],"large":["https:\/\/e-kalastus.b-cdn.net\/wp-content\/uploads\/2024\/07\/tuotesivu-WestinBullteezShadtail24cm107gMotoroilPike-5707549453148-0d2fffaa4b5e3b7a4e27cd61bcb1a81b-1-800x800.png.jpg",800,800,true],"1536x1536":["https:\/\/e-kalastus.b-cdn.net\/wp-content\/uploads\/2024\/07\/tuotesivu-WestinBullteezShadtail24cm107gMotoroilPike-5707549453148-0d2fffaa4b5e3b7a4e27cd61bcb1a81b-1.png",510,383,false],"2048x2048":["https:\/\/e-kalastus.b-cdn.net\/wp-content\/uploads\/2024\/07\/tuotesivu-WestinBullteezShadtail24cm107gMotoroilPike-5707549453148-0d2fffaa4b5e3b7a4e27cd61bcb1a81b-1.png",510,383,false],"woocommerce_thumbnail":["https:\/\/e-kalastus.b-cdn.net\/wp-content\/uploads\/2024\/07\/tuotesivu-WestinBullteezShadtail24cm107gMotoroilPike-5707549453148-0d2fffaa4b5e3b7a4e27cd61bcb1a81b-1-768x768.png.jpg",324,324,true],"woocommerce_single":["https:\/\/e-kalastus.b-cdn.net\/wp-content\/uploads\/2024\/07\/tuotesivu-WestinBullteezShadtail24cm107gMotoroilPike-5707549453148-0d2fffaa4b5e3b7a4e27cd61bcb1a81b-1.png",416,312,false],"woocommerce_gallery_thumbnail":["https:\/\/e-kalastus.b-cdn.net\/wp-content\/uploads\/2024\/07\/tuotesivu-WestinBullteezShadtail24cm107gMotoroilPike-5707549453148-0d2fffaa4b5e3b7a4e27cd61bcb1a81b-1-100x100.png.jpg",100,100,true]},"uagb_author_info":{"display_name":"adam.mrozek","author_link":"https:\/\/e-kalastus.ee\/fi\/author\/"},"uagb_comment_info":0,"uagb_excerpt":"BullTeez on viehe realistisella liikkeell\u00e4, joka yhdist\u00e4\u00e4 voimakkaan h\u00e4nn\u00e4n ja hoikan rungon houkuttelemaan suuria petokaloja kuten haukea ja kuhaa jopa hitaimmalla kelauksella.","_links":{"self":[{"href":"https:\/\/e-kalastus.ee\/fi\/wp-json\/wp\/v2\/product\/20158","targetHints":{"allow":["GET"]}}],"collection":[{"href":"https:\/\/e-kalastus.ee\/fi\/wp-json\/wp\/v2\/product"}],"about":[{"href":"https:\/\/e-kalastus.ee\/fi\/wp-json\/wp\/v2\/types\/product"}],"wp:featuredmedia":[{"embeddable":true,"href":"https:\/\/e-kalastus.ee\/fi\/wp-json\/wp\/v2\/media\/71570"}],"wp:attachment":[{"href":"https:\/\/e-kalastus.ee\/fi\/wp-json\/wp\/v2\/media?parent=20158"}],"wp:term":[{"taxonomy":"product_brand","embeddable":true,"href":"https:\/\/e-kalastus.ee\/fi\/wp-json\/wp\/v2\/product_brand?post=20158"},{"taxonomy":"product_cat","embeddable":true,"href":"https:\/\/e-kalastus.ee\/fi\/wp-json\/wp\/v2\/product_cat?post=20158"},{"taxonomy":"product_tag","embeddable":true,"href":"https:\/\/e-kalastus.ee\/fi\/wp-json\/wp\/v2\/product_tag?post=20158"}],"curies":[{"name":"wp","href":"https:\/\/api.w.org\/{rel}","templated":true}]}}