{"id":18555,"date":"2023-09-21T08:55:27","date_gmt":"2023-09-21T05:55:27","guid":{"rendered":"https:\/\/e-kalastus.ee\/toode\/lisand-trape-rbooster-geel-saasevastne-90g\/"},"modified":"2026-04-08T03:00:42","modified_gmt":"2026-04-08T00:00:42","slug":"lisand-trape-rbooster-geel-saasevastne-90g","status":"publish","type":"product","link":"https:\/\/e-kalastus.ee\/toode\/lisand-trape-rbooster-geel-saasevastne-90g\/","title":{"rendered":"Vedel lisand Traper Booster Geel S\u00e4\u00e4sevastne 90g"},"content":{"rendered":"\n    <div class=\"xs_social_share_widget xs_share_url after_content \t\tmain_content  wslu-style-1 wslu-share-box-shaped wslu-fill-colored wslu-none wslu-share-horizontal wslu-theme-font-no wslu-main_content\">\n\n\t\t\n        <ul>\n\t\t\t        <\/ul>\n    <\/div> \n","protected":false},"excerpt":{"rendered":"<p>S\u00f6\u00f6dalisand Traper Booster Gel &#8211; kontsentreeritud l\u00f5hnageel k\u00f5ikidele s\u00f6\u00f6tadele. Mugav aplikaator v\u00f5imaldab geeli t\u00e4pselt s\u00f6\u00f6dale kanda. T\u00e4nu uuele retseptile eraldub lisaks l\u00f5hnale ka j\u00e4rk-j\u00e4rgult v\u00e4rviline atraktori pilv. Suurendab v\u00f5tu sagedust.<\/p>\n","protected":false},"featured_media":67141,"template":"","meta":{"_uag_custom_page_level_css":""},"product_brand":[1522],"product_cat":[1231],"product_tag":[],"class_list":{"0":"post-18555","1":"product","2":"type-product","3":"status-publish","4":"has-post-thumbnail","6":"product_brand-traper","7":"product_cat-vedelad-lisandid","8":"pa_brand-traper","10":"first","11":"instock","12":"sale","13":"taxable","14":"shipping-taxable","15":"purchasable","16":"product-type-simple"},"uagb_featured_image_src":{"full":["https:\/\/e-kalastus.b-cdn.net\/wp-content\/uploads\/2024\/07\/Nimetu-kujundus-57-53.png",1000,1000,false],"thumbnail":["https:\/\/e-kalastus.b-cdn.net\/wp-content\/uploads\/2024\/07\/Nimetu-kujundus-57-53-150x150.png.jpg",150,150,true],"medium":["https:\/\/e-kalastus.b-cdn.net\/wp-content\/uploads\/2024\/07\/Nimetu-kujundus-57-53-300x300.png.jpg",300,300,true],"medium_large":["https:\/\/e-kalastus.b-cdn.net\/wp-content\/uploads\/2024\/07\/Nimetu-kujundus-57-53-768x768.png.jpg",768,768,true],"large":["https:\/\/e-kalastus.b-cdn.net\/wp-content\/uploads\/2024\/07\/Nimetu-kujundus-57-53-800x800.png.jpg",800,800,true],"1536x1536":["https:\/\/e-kalastus.b-cdn.net\/wp-content\/uploads\/2024\/07\/Nimetu-kujundus-57-53.png",1000,1000,false],"2048x2048":["https:\/\/e-kalastus.b-cdn.net\/wp-content\/uploads\/2024\/07\/Nimetu-kujundus-57-53.png",1000,1000,false],"woocommerce_thumbnail":["https:\/\/e-kalastus.b-cdn.net\/wp-content\/uploads\/2024\/07\/Nimetu-kujundus-57-53-768x768.png.jpg",324,324,true],"woocommerce_single":["https:\/\/e-kalastus.b-cdn.net\/wp-content\/uploads\/2024\/07\/Nimetu-kujundus-57-53-768x768.png.jpg",416,416,true],"woocommerce_gallery_thumbnail":["https:\/\/e-kalastus.b-cdn.net\/wp-content\/uploads\/2024\/07\/Nimetu-kujundus-57-53-100x100.png.jpg",100,100,true]},"uagb_author_info":{"display_name":"adam.mrozek","author_link":"https:\/\/e-kalastus.ee\/author\/"},"uagb_comment_info":0,"uagb_excerpt":"S\u00f6\u00f6dalisand Traper Booster Gel - kontsentreeritud l\u00f5hnageel k\u00f5ikidele s\u00f6\u00f6tadele. Mugav aplikaator v\u00f5imaldab geeli t\u00e4pselt s\u00f6\u00f6dale kanda. T\u00e4nu uuele retseptile eraldub lisaks l\u00f5hnale ka j\u00e4rk-j\u00e4rgult v\u00e4rviline atraktori pilv. Suurendab v\u00f5tu sagedust.","_links":{"self":[{"href":"https:\/\/e-kalastus.ee\/wp-json\/wp\/v2\/product\/18555","targetHints":{"allow":["GET"]}}],"collection":[{"href":"https:\/\/e-kalastus.ee\/wp-json\/wp\/v2\/product"}],"about":[{"href":"https:\/\/e-kalastus.ee\/wp-json\/wp\/v2\/types\/product"}],"wp:featuredmedia":[{"embeddable":true,"href":"https:\/\/e-kalastus.ee\/wp-json\/wp\/v2\/media\/67141"}],"wp:attachment":[{"href":"https:\/\/e-kalastus.ee\/wp-json\/wp\/v2\/media?parent=18555"}],"wp:term":[{"taxonomy":"product_brand","embeddable":true,"href":"https:\/\/e-kalastus.ee\/wp-json\/wp\/v2\/product_brand?post=18555"},{"taxonomy":"product_cat","embeddable":true,"href":"https:\/\/e-kalastus.ee\/wp-json\/wp\/v2\/product_cat?post=18555"},{"taxonomy":"product_tag","embeddable":true,"href":"https:\/\/e-kalastus.ee\/wp-json\/wp\/v2\/product_tag?post=18555"}],"curies":[{"name":"wp","href":"https:\/\/api.w.org\/{rel}","templated":true}]}}