{"id":1783,"date":"2023-08-11T09:43:03","date_gmt":"2023-08-11T06:43:03","guid":{"rendered":"https:\/\/e-kalastus.ee\/toode\/kostuum-remington-suit-himalayan-green-forest-l\/"},"modified":"2026-04-16T16:52:23","modified_gmt":"2026-04-16T13:52:23","slug":"kostuum-remington-suit-himalayan-green-forest-l","status":"publish","type":"product","link":"https:\/\/e-kalastus.ee\/fi\/tuotteet\/puku-remington-suit-himalayan-green-forest-l\/","title":{"rendered":"Puku Remington Suit Himalayan Green Forest L"},"content":{"rendered":"\n    <div class=\"xs_social_share_widget xs_share_url after_content \t\tmain_content  wslu-style-1 wslu-share-box-shaped wslu-fill-colored wslu-none wslu-share-horizontal wslu-theme-font-no wslu-main_content\">\n\n\t\t\n        <ul>\n\t\t\t        <\/ul>\n    <\/div> \n","protected":false},"excerpt":{"rendered":"<p>Remington Himalaya -kokoelma on erinomainen valinta kev\u00e4t- ja syyskaudelle.<\/p>\n<p>Puku on valmistettu kest\u00e4v\u00e4st\u00e4, hengitt\u00e4v\u00e4st\u00e4 sek\u00e4 vedest\u00e4 ja likaa hylkiv\u00e4st\u00e4 materiaalista. Sopii erinomaisesti ulkoiluun, mets\u00e4stykseen, kalastukseen tai esimerkiksi maastoajoon. Vahva tuulenkest\u00e4v\u00e4 p\u00e4\u00e4llikerros on yhdistetty hengitt\u00e4v\u00e4mp\u00e4\u00e4n mikrofleece-vuoraan l\u00e4mm\u00f6nhallinnan parantamiseksi. Puvun kuosi on vihre\u00e4 mets\u00e4.<\/p>\n<p>Climatic Pro -kalvo.<br \/>\n100 % polyesteri\u00e4.<br \/>\nLis\u00e4ilmanvaihtoa varten takissa on kainaloissa vetoketjut.<br \/>\nTakissa on s\u00e4\u00e4t\u00f6mahdollisuudet huppussa, alareunassa ja s\u00e4\u00e4dett\u00e4viss\u00e4 neopreenihihansuissa.<br \/>\nKorkea kaulus ja huppu.<br \/>\nUseita erikokoisia taskuja.<br \/>\nHousuissa on korkea vy\u00f6t\u00e4r\u00f6, jota voidaan s\u00e4\u00e4t\u00e4\u00e4 sopivaksi, ja napit kannattimille.<br \/>\nS\u00e4\u00e4nt\u00f6mahdollisuudet lahkeen suussa ja pohkeessa istuvuuden parantamiseksi.<br \/>\nVesipatsasarvo 5000 mm.<br \/>\nSuositeltu l\u00e4mp\u00f6tila +10 &#8211; -5.<br \/>\nHengitt\u00e4vyys 8000 g\/m\u00b2\/24 h.<\/p>\n","protected":false},"featured_media":68341,"template":"","meta":{"_uag_custom_page_level_css":""},"product_brand":[1654],"product_cat":[1218],"product_tag":[],"class_list":{"0":"post-1783","1":"product","2":"type-product","3":"status-publish","4":"has-post-thumbnail","6":"product_brand-remington","7":"product_cat-kostuumid","8":"pa_brand-remington","10":"first","11":"instock","12":"sale","13":"taxable","14":"shipping-taxable","15":"purchasable","16":"product-type-simple"},"uagb_featured_image_src":{"full":["https:\/\/e-kalastus.b-cdn.net\/wp-content\/uploads\/2024\/07\/tuotesivu-RemingtonHimalayangreenforest-erapuku-3950001287641-bde375bd614b05497eb3a7ea24374991-1-2.jpg",510,510,false],"thumbnail":["https:\/\/e-kalastus.b-cdn.net\/wp-content\/uploads\/2024\/07\/tuotesivu-RemingtonHimalayangreenforest-erapuku-3950001287641-bde375bd614b05497eb3a7ea24374991-1-2-150x150.jpg",150,150,true],"medium":["https:\/\/e-kalastus.b-cdn.net\/wp-content\/uploads\/2024\/07\/tuotesivu-RemingtonHimalayangreenforest-erapuku-3950001287641-bde375bd614b05497eb3a7ea24374991-1-2-300x300.jpg",300,300,true],"medium_large":["https:\/\/e-kalastus.b-cdn.net\/wp-content\/uploads\/2024\/07\/tuotesivu-RemingtonHimalayangreenforest-erapuku-3950001287641-bde375bd614b05497eb3a7ea24374991-1-2-768x768.jpg",768,768,true],"large":["https:\/\/e-kalastus.b-cdn.net\/wp-content\/uploads\/2024\/07\/tuotesivu-RemingtonHimalayangreenforest-erapuku-3950001287641-bde375bd614b05497eb3a7ea24374991-1-2-800x800.jpg",800,800,true],"1536x1536":["https:\/\/e-kalastus.b-cdn.net\/wp-content\/uploads\/2024\/07\/tuotesivu-RemingtonHimalayangreenforest-erapuku-3950001287641-bde375bd614b05497eb3a7ea24374991-1-2.jpg",510,510,false],"2048x2048":["https:\/\/e-kalastus.b-cdn.net\/wp-content\/uploads\/2024\/07\/tuotesivu-RemingtonHimalayangreenforest-erapuku-3950001287641-bde375bd614b05497eb3a7ea24374991-1-2.jpg",510,510,false],"woocommerce_thumbnail":["https:\/\/e-kalastus.b-cdn.net\/wp-content\/uploads\/2024\/07\/tuotesivu-RemingtonHimalayangreenforest-erapuku-3950001287641-bde375bd614b05497eb3a7ea24374991-1-2-768x768.jpg",324,324,true],"woocommerce_single":["https:\/\/e-kalastus.b-cdn.net\/wp-content\/uploads\/2024\/07\/tuotesivu-RemingtonHimalayangreenforest-erapuku-3950001287641-bde375bd614b05497eb3a7ea24374991-1-2-768x768.jpg",416,416,true],"woocommerce_gallery_thumbnail":["https:\/\/e-kalastus.b-cdn.net\/wp-content\/uploads\/2024\/07\/tuotesivu-RemingtonHimalayangreenforest-erapuku-3950001287641-bde375bd614b05497eb3a7ea24374991-1-2-100x100.jpg",100,100,true]},"uagb_author_info":{"display_name":"adam.mrozek","author_link":"https:\/\/e-kalastus.ee\/fi\/author\/"},"uagb_comment_info":0,"uagb_excerpt":"Remington Himalaya -kokoelma on erinomainen valinta kev\u00e4t- ja syyskaudelle. Puku on valmistettu kest\u00e4v\u00e4st\u00e4, hengitt\u00e4v\u00e4st\u00e4 sek\u00e4 vedest\u00e4 ja likaa hylkiv\u00e4st\u00e4 materiaalista. Sopii erinomaisesti ulkoiluun, mets\u00e4stykseen, kalastukseen tai esimerkiksi maastoajoon. Vahva tuulenkest\u00e4v\u00e4 p\u00e4\u00e4llikerros on yhdistetty hengitt\u00e4v\u00e4mp\u00e4\u00e4n mikrofleece-vuoraan l\u00e4mm\u00f6nhallinnan parantamiseksi. Puvun kuosi on vihre\u00e4 mets\u00e4. Climatic Pro -kalvo. 100 % polyesteri\u00e4. Lis\u00e4ilmanvaihtoa varten takissa on kainaloissa vetoketjut. Takissa&hellip;","_links":{"self":[{"href":"https:\/\/e-kalastus.ee\/fi\/wp-json\/wp\/v2\/product\/1783","targetHints":{"allow":["GET"]}}],"collection":[{"href":"https:\/\/e-kalastus.ee\/fi\/wp-json\/wp\/v2\/product"}],"about":[{"href":"https:\/\/e-kalastus.ee\/fi\/wp-json\/wp\/v2\/types\/product"}],"wp:featuredmedia":[{"embeddable":true,"href":"https:\/\/e-kalastus.ee\/fi\/wp-json\/wp\/v2\/media\/68341"}],"wp:attachment":[{"href":"https:\/\/e-kalastus.ee\/fi\/wp-json\/wp\/v2\/media?parent=1783"}],"wp:term":[{"taxonomy":"product_brand","embeddable":true,"href":"https:\/\/e-kalastus.ee\/fi\/wp-json\/wp\/v2\/product_brand?post=1783"},{"taxonomy":"product_cat","embeddable":true,"href":"https:\/\/e-kalastus.ee\/fi\/wp-json\/wp\/v2\/product_cat?post=1783"},{"taxonomy":"product_tag","embeddable":true,"href":"https:\/\/e-kalastus.ee\/fi\/wp-json\/wp\/v2\/product_tag?post=1783"}],"curies":[{"name":"wp","href":"https:\/\/api.w.org\/{rel}","templated":true}]}}