{"id":1754,"date":"2023-08-11T09:42:53","date_gmt":"2023-08-11T06:42:53","guid":{"rendered":"https:\/\/e-kalastus.ee\/toode\/kostuum-graff-fishing-jacket-bratex-pro-xl\/"},"modified":"2026-04-16T16:00:46","modified_gmt":"2026-04-16T13:00:46","slug":"kostuum-graff-fishing-jacket-bratex-pro-xl","status":"publish","type":"product","link":"https:\/\/e-kalastus.ee\/toode\/kostuum-graff-fishing-jacket-bratex-pro-xl\/","title":{"rendered":"Kost\u00fc\u00fcm Graff Fishing jacket bratex-pro XL B31-B-2"},"content":{"rendered":"<p><br \/>\n&nbsp;<\/p>\n\n    <div class=\"xs_social_share_widget xs_share_url after_content \t\tmain_content  wslu-style-1 wslu-share-box-shaped wslu-fill-colored wslu-none wslu-share-horizontal wslu-theme-font-no wslu-main_content\">\n\n\t\t\n        <ul>\n\t\t\t        <\/ul>\n    <\/div>","protected":false},"excerpt":{"rendered":"<p>Uusima p\u00f5lvkonna veekindel vihmakindel komplekt AquaGuard Pro sarjast. See on loodud k\u00f5ige n\u00f5udlikumatele kasutajatele, kes ootavad tippklassi tooteid, mis kaitsevad neid ka \u00fclikeerulistes ilmastikutingimustes.<\/p>\n<p>T\u00e4nu 3-kihilise BRATEX\u00ae membraani kasutamisele, mille veekindlad ja hingavad parameetrid on 25 000 mm H2O\/20 000 g\/m2\/24 h, pakub komplekt suurep\u00e4rast kaitset vihma ja tuule eest.<\/p>\n<p>Spetsiaalselt v\u00e4lja t\u00f6\u00f6tatud TEFLON\u00ae kate laseb kanga pinnalt vee vabalt voolata ja mustus kleepub sellele v\u00e4hem, muutes puhastamise lihtsamaks.<\/p>\n<p>Lisaks on komplekti rikastatud kaitse UV-kiirte eest, kaitstes materjali pleekimise ja pleekimise eest. Jopede ja p\u00fckste efektiivsuse suurendamiseks kasutati tunnustatud YKK\u00ae firma VISLON\u00ae AquaGuard\u00ae sarja tippt\u00f5mblukke.<\/p>\n<p>See komplekt on ideaalne lahendus k\u00f5ige n\u00f5udlikumale kasutajale. Tippkomponendid, tipplahendus ja kompromisside puudumine tagavad meile 100% rahulolu ja t\u00f5hususe k\u00f5ikides tingimustes.<\/p>\n<p>Kevad- ja s\u00fcgishooajale p\u00fchendatud komplekt. Kuid t\u00e4iendavate sisemiste kihtide kasutamisega, mis loovad termos\u00fcsteemi, t\u00f6\u00f6tab see ka talvetingimustes.<\/p>\n","protected":false},"featured_media":68187,"template":"","meta":{"_uag_custom_page_level_css":""},"product_brand":[1513],"product_cat":[1218],"product_tag":[],"class_list":{"0":"post-1754","1":"product","2":"type-product","3":"status-publish","4":"has-post-thumbnail","6":"product_brand-graff","7":"product_cat-kostuumid","8":"pa_brand-graff","10":"first","11":"outofstock","12":"sale","13":"taxable","14":"shipping-taxable","15":"purchasable","16":"product-type-simple"},"uagb_featured_image_src":{"full":["https:\/\/e-kalastus.b-cdn.net\/wp-content\/uploads\/2024\/07\/images-products-R-R-03513.jpg",700,700,false],"thumbnail":["https:\/\/e-kalastus.b-cdn.net\/wp-content\/uploads\/2024\/07\/images-products-R-R-03513-150x150.jpg",150,150,true],"medium":["https:\/\/e-kalastus.b-cdn.net\/wp-content\/uploads\/2024\/07\/images-products-R-R-03513-300x300.jpg",300,300,true],"medium_large":["https:\/\/e-kalastus.b-cdn.net\/wp-content\/uploads\/2024\/07\/images-products-R-R-03513-768x768.jpg",768,768,true],"large":["https:\/\/e-kalastus.b-cdn.net\/wp-content\/uploads\/2024\/07\/images-products-R-R-03513-800x800.jpg",800,800,true],"1536x1536":["https:\/\/e-kalastus.b-cdn.net\/wp-content\/uploads\/2024\/07\/images-products-R-R-03513.jpg",700,700,false],"2048x2048":["https:\/\/e-kalastus.b-cdn.net\/wp-content\/uploads\/2024\/07\/images-products-R-R-03513.jpg",700,700,false],"woocommerce_thumbnail":["https:\/\/e-kalastus.b-cdn.net\/wp-content\/uploads\/2024\/07\/images-products-R-R-03513-768x768.jpg",324,324,true],"woocommerce_single":["https:\/\/e-kalastus.b-cdn.net\/wp-content\/uploads\/2024\/07\/images-products-R-R-03513-768x768.jpg",416,416,true],"woocommerce_gallery_thumbnail":["https:\/\/e-kalastus.b-cdn.net\/wp-content\/uploads\/2024\/07\/images-products-R-R-03513-100x100.jpg",100,100,true]},"uagb_author_info":{"display_name":"adam.mrozek","author_link":"https:\/\/e-kalastus.ee\/author\/"},"uagb_comment_info":0,"uagb_excerpt":"Uusima p\u00f5lvkonna veekindel vihmakindel komplekt AquaGuard Pro sarjast. See on loodud k\u00f5ige n\u00f5udlikumatele kasutajatele, kes ootavad tippklassi tooteid, mis kaitsevad neid ka \u00fclikeerulistes ilmastikutingimustes. T\u00e4nu 3-kihilise BRATEX\u00ae membraani kasutamisele, mille veekindlad ja hingavad parameetrid on 25 000 mm H2O\/20 000 g\/m2\/24 h, pakub komplekt suurep\u00e4rast kaitset vihma ja tuule eest. Spetsiaalselt v\u00e4lja t\u00f6\u00f6tatud TEFLON\u00ae kate&hellip;","_links":{"self":[{"href":"https:\/\/e-kalastus.ee\/wp-json\/wp\/v2\/product\/1754","targetHints":{"allow":["GET"]}}],"collection":[{"href":"https:\/\/e-kalastus.ee\/wp-json\/wp\/v2\/product"}],"about":[{"href":"https:\/\/e-kalastus.ee\/wp-json\/wp\/v2\/types\/product"}],"wp:featuredmedia":[{"embeddable":true,"href":"https:\/\/e-kalastus.ee\/wp-json\/wp\/v2\/media\/68187"}],"wp:attachment":[{"href":"https:\/\/e-kalastus.ee\/wp-json\/wp\/v2\/media?parent=1754"}],"wp:term":[{"taxonomy":"product_brand","embeddable":true,"href":"https:\/\/e-kalastus.ee\/wp-json\/wp\/v2\/product_brand?post=1754"},{"taxonomy":"product_cat","embeddable":true,"href":"https:\/\/e-kalastus.ee\/wp-json\/wp\/v2\/product_cat?post=1754"},{"taxonomy":"product_tag","embeddable":true,"href":"https:\/\/e-kalastus.ee\/wp-json\/wp\/v2\/product_tag?post=1754"}],"curies":[{"name":"wp","href":"https:\/\/api.w.org\/{rel}","templated":true}]}}