{"id":17328,"date":"2023-09-14T10:08:21","date_gmt":"2023-09-14T07:08:21","guid":{"rendered":"https:\/\/e-kalastus.ee\/toode\/narval-frost-candy-vib-95-95cm-32g-022\/"},"modified":"2026-03-30T15:10:58","modified_gmt":"2026-03-30T12:10:58","slug":"narval-frost-candy-vib-95-95cm-32g-022","status":"publish","type":"product","link":"https:\/\/e-kalastus.ee\/toode\/narval-frost-candy-vib-95-95cm-32g-022\/","title":{"rendered":"Narval Frost Candy VIB 95mm 32g #022 Japanese Viola"},"content":{"rendered":"<p><\/p>\n<p dir=\"ltr\" style=\"line-height:1.38;margin-top:12pt;margin-bottom:12pt\"><span id=\"docs-internal-guid-8d3b37af-7fff-14cc-39e3-493fea3096d1\"><span style=\"font-size: 11pt;font-family: Arial, sans-serif;background-color: transparent;vertical-align: baseline\">Narval Frost Candy Vib 95 mm on spetsiaalselt disainitud koha ja teiste r\u00f6\u00f6vkalade sihip\u00e4raseks p\u00fc\u00fcgiks. Selle kitsas ja raskem konstruktsioon tagab lihtsa t\u00f6\u00f6lehakkamise ning tugeva ja stabiilse vibratsiooni, mis aitab meelitada kala ka passiivsemates oludes.<\/span><\/span><\/p>\n<p dir=\"ltr\" style=\"line-height:1.38;margin-top:12pt;margin-bottom:12pt\"><span id=\"docs-internal-guid-8d3b37af-7fff-14cc-39e3-493fea3096d1\"><span style=\"font-size: 11pt;font-family: Arial, sans-serif;background-color: transparent;vertical-align: baseline\">Lant sobib suurep\u00e4raselt vertikaalp\u00fc\u00fcgiks j\u00e4\u00e4augult ning t\u00f6\u00f6tab efektiivselt ka avaveehooajal. Lai v\u00e4rvivalik, sealhulgas UV-aktiivsed toonid, v\u00f5imaldab valida sobiva variandi vastavalt vee l\u00e4bipaistvusele ja valgusoludele. Mudel on saadaval viies erinevas suuruses ja kaalus, pakkudes paindlikkust erinevates p\u00fc\u00fcgitingimustes. Katseta erinevaid v\u00e4rve ja p\u00fc\u00fca oma j\u00e4rgmine trofeekala!<\/span><\/span><\/p>\n<div>&nbsp;<\/div>\n<p><\/p>\n\n    <div class=\"xs_social_share_widget xs_share_url after_content \t\tmain_content  wslu-style-1 wslu-share-box-shaped wslu-fill-colored wslu-none wslu-share-horizontal wslu-theme-font-no wslu-main_content\">\n\n\t\t\n        <ul>\n\t\t\t        <\/ul>\n    <\/div>","protected":false},"excerpt":{"rendered":"<p>Narval Frost Candy Vib 95 mm on kitsa ja raske kehaga vibratsioonlant, mis on loodud spetsiaalselt koha ja teiste r\u00f6\u00f6vkalade p\u00fc\u00fcgiks. Lant k\u00e4ivitub kiiresti ning tekitab tugeva vibratsiooni, sobides nii vertikaalseks j\u00e4\u00e4p\u00fc\u00fcgiks kui ka avavees kalastamiseks. Lai v\u00e4rvivalik koos UV-aktsentidega v\u00f5imaldab kohanduda erinevate p\u00fc\u00fcgitingimustega. Saadaval viies suuruses ja erineva kaaluga.<\/p>\n","protected":false},"featured_media":70943,"template":"","meta":{"_uag_custom_page_level_css":""},"product_brand":[1153],"product_cat":[1459],"product_tag":[],"class_list":{"0":"post-17328","1":"product","2":"type-product","3":"status-publish","4":"has-post-thumbnail","6":"product_brand-narval","7":"product_cat-frost-candy","8":"pa_brand-narval","9":"pa_pikkus-70-100mm","11":"first","12":"instock","13":"taxable","14":"shipping-taxable","15":"purchasable","16":"product-type-simple"},"uagb_featured_image_src":{"full":["https:\/\/e-kalastus.b-cdn.net\/wp-content\/uploads\/2024\/07\/22-7571.png",1000,1000,false],"thumbnail":["https:\/\/e-kalastus.b-cdn.net\/wp-content\/uploads\/2024\/07\/22-7571-150x150.png.jpg",150,150,true],"medium":["https:\/\/e-kalastus.b-cdn.net\/wp-content\/uploads\/2024\/07\/22-7571-300x300.png.jpg",300,300,true],"medium_large":["https:\/\/e-kalastus.b-cdn.net\/wp-content\/uploads\/2024\/07\/22-7571-768x768.png.jpg",768,768,true],"large":["https:\/\/e-kalastus.b-cdn.net\/wp-content\/uploads\/2024\/07\/22-7571-800x800.png.jpg",800,800,true],"1536x1536":["https:\/\/e-kalastus.b-cdn.net\/wp-content\/uploads\/2024\/07\/22-7571.png",1000,1000,false],"2048x2048":["https:\/\/e-kalastus.b-cdn.net\/wp-content\/uploads\/2024\/07\/22-7571.png",1000,1000,false],"woocommerce_thumbnail":["https:\/\/e-kalastus.b-cdn.net\/wp-content\/uploads\/2024\/07\/22-7571-768x768.png.jpg",324,324,true],"woocommerce_single":["https:\/\/e-kalastus.b-cdn.net\/wp-content\/uploads\/2024\/07\/22-7571-768x768.png.jpg",416,416,true],"woocommerce_gallery_thumbnail":["https:\/\/e-kalastus.b-cdn.net\/wp-content\/uploads\/2024\/07\/22-7571-100x100.png.jpg",100,100,true]},"uagb_author_info":{"display_name":"adam.mrozek","author_link":"https:\/\/e-kalastus.ee\/author\/"},"uagb_comment_info":0,"uagb_excerpt":"Narval Frost Candy Vib 95 mm on kitsa ja raske kehaga vibratsioonlant, mis on loodud spetsiaalselt koha ja teiste r\u00f6\u00f6vkalade p\u00fc\u00fcgiks. Lant k\u00e4ivitub kiiresti ning tekitab tugeva vibratsiooni, sobides nii vertikaalseks j\u00e4\u00e4p\u00fc\u00fcgiks kui ka avavees kalastamiseks. Lai v\u00e4rvivalik koos UV-aktsentidega v\u00f5imaldab kohanduda erinevate p\u00fc\u00fcgitingimustega. Saadaval viies suuruses ja erineva kaaluga.","_links":{"self":[{"href":"https:\/\/e-kalastus.ee\/wp-json\/wp\/v2\/product\/17328","targetHints":{"allow":["GET"]}}],"collection":[{"href":"https:\/\/e-kalastus.ee\/wp-json\/wp\/v2\/product"}],"about":[{"href":"https:\/\/e-kalastus.ee\/wp-json\/wp\/v2\/types\/product"}],"wp:featuredmedia":[{"embeddable":true,"href":"https:\/\/e-kalastus.ee\/wp-json\/wp\/v2\/media\/70943"}],"wp:attachment":[{"href":"https:\/\/e-kalastus.ee\/wp-json\/wp\/v2\/media?parent=17328"}],"wp:term":[{"taxonomy":"product_brand","embeddable":true,"href":"https:\/\/e-kalastus.ee\/wp-json\/wp\/v2\/product_brand?post=17328"},{"taxonomy":"product_cat","embeddable":true,"href":"https:\/\/e-kalastus.ee\/wp-json\/wp\/v2\/product_cat?post=17328"},{"taxonomy":"product_tag","embeddable":true,"href":"https:\/\/e-kalastus.ee\/wp-json\/wp\/v2\/product_tag?post=17328"}],"curies":[{"name":"wp","href":"https:\/\/api.w.org\/{rel}","templated":true}]}}