{"id":17271,"date":"2023-09-13T17:34:37","date_gmt":"2023-09-13T14:34:37","guid":{"rendered":"https:\/\/e-kalastus.ee\/toode\/narval-frost-candy-vib-80-8cm-21g-031\/"},"modified":"2026-03-30T15:35:17","modified_gmt":"2026-03-30T12:35:17","slug":"narval-frost-candy-vib-80-8cm-21g-031","status":"publish","type":"product","link":"https:\/\/e-kalastus.ee\/toode\/narval-frost-candy-vib-80-8cm-21g-031\/","title":{"rendered":"Narval Frost Candy VIB 80mm 21g #031 Bright Trout"},"content":{"rendered":"<p><\/p>\n<p dir=\"ltr\" style=\"line-height:1.38;margin-top:0pt;margin-bottom:0pt\"><span id=\"docs-internal-guid-89ec09e1-7fff-4606-22e9-961eeaa87a70\"><span style=\"font-size: 11pt;font-family: Arial, sans-serif;background-color: transparent;vertical-align: baseline\">Narval Frost Candy Vib 80 mm on spetsiaalselt disainitud koha ja teiste r\u00f6\u00f6vkalade p\u00fc\u00fcgiks. Selle kitsas ja raskem keha tagab lihtsa t\u00f6\u00f6lehakkamise ning tugeva, stabiilse vibratsiooni, mis \u00e4ratab kalade t\u00e4helepanu ka passiivsemates oludes.<\/span><\/span><\/p>\n<p>&nbsp;<\/p>\n<p dir=\"ltr\" style=\"line-height:1.38;margin-top:0pt;margin-bottom:0pt\"><span id=\"docs-internal-guid-89ec09e1-7fff-4606-22e9-961eeaa87a70\"><span style=\"font-size: 11pt;font-family: Arial, sans-serif;background-color: transparent;vertical-align: baseline\">Lant sobib ideaalselt vertikaalp\u00fc\u00fcgiks j\u00e4\u00e4augult, kuid t\u00f6\u00f6tab efektiivselt ka avaveehooajal. Lai v\u00e4rvivalik, sealhulgas UV-aktiivsed toonid, v\u00f5imaldab valida sobiva variandi vastavalt vee l\u00e4bipaistvusele ja valgusoludele. Mudel on saadaval viies erinevas suuruses ja kaalus, pakkudes paindlikkust erinevates p\u00fc\u00fcgitingimustes. Katseta ja p\u00fc\u00fca oma j\u00e4rgmine trofee!<\/span><\/span><\/p>\n<div>&nbsp;<\/div>\n<p><\/p>\n\n    <div class=\"xs_social_share_widget xs_share_url after_content \t\tmain_content  wslu-style-1 wslu-share-box-shaped wslu-fill-colored wslu-none wslu-share-horizontal wslu-theme-font-no wslu-main_content\">\n\n\t\t\n        <ul>\n\t\t\t        <\/ul>\n    <\/div>","protected":false},"excerpt":{"rendered":"<p>Narval Frost Candy Vib 80 mm on kitsas ja raske vibratsioonlant, mis on loodud spetsiaalselt koha p\u00fc\u00fcgiks. Selle kiire k\u00e4ivitumine ja tugev vibratsioon teevad selle t\u00f5husaks valikuks nii vertikaalseks j\u00e4\u00e4p\u00fc\u00fcgiks kui ka avavees. Lai v\u00e4rvivalik koos UV-aktsentidega v\u00f5imaldab kohanduda erinevate p\u00fc\u00fcgitingimustega. Saadaval mitmes suuruses ja kaalus.<\/p>\n","protected":false},"featured_media":67202,"template":"","meta":{"_uag_custom_page_level_css":""},"product_brand":[1153],"product_cat":[1459],"product_tag":[],"class_list":{"0":"post-17271","1":"product","2":"type-product","3":"status-publish","4":"has-post-thumbnail","6":"product_brand-narval","7":"product_cat-frost-candy","8":"pa_brand-narval","9":"pa_pikkus-70-100mm","11":"first","12":"instock","13":"taxable","14":"shipping-taxable","15":"purchasable","16":"product-type-simple"},"uagb_featured_image_src":{"full":["https:\/\/e-kalastus.b-cdn.net\/wp-content\/uploads\/2024\/07\/Nimetu-kujundus-57-17.png",875,875,false],"thumbnail":["https:\/\/e-kalastus.b-cdn.net\/wp-content\/uploads\/2024\/07\/Nimetu-kujundus-57-17-150x150.png.jpg",150,150,true],"medium":["https:\/\/e-kalastus.b-cdn.net\/wp-content\/uploads\/2024\/07\/Nimetu-kujundus-57-17-300x300.png.jpg",300,300,true],"medium_large":["https:\/\/e-kalastus.b-cdn.net\/wp-content\/uploads\/2024\/07\/Nimetu-kujundus-57-17-768x768.png.jpg",768,768,true],"large":["https:\/\/e-kalastus.b-cdn.net\/wp-content\/uploads\/2024\/07\/Nimetu-kujundus-57-17-800x800.png.jpg",800,800,true],"1536x1536":["https:\/\/e-kalastus.b-cdn.net\/wp-content\/uploads\/2024\/07\/Nimetu-kujundus-57-17.png",875,875,false],"2048x2048":["https:\/\/e-kalastus.b-cdn.net\/wp-content\/uploads\/2024\/07\/Nimetu-kujundus-57-17.png",875,875,false],"woocommerce_thumbnail":["https:\/\/e-kalastus.b-cdn.net\/wp-content\/uploads\/2024\/07\/Nimetu-kujundus-57-17-768x768.png.jpg",324,324,true],"woocommerce_single":["https:\/\/e-kalastus.b-cdn.net\/wp-content\/uploads\/2024\/07\/Nimetu-kujundus-57-17-768x768.png.jpg",416,416,true],"woocommerce_gallery_thumbnail":["https:\/\/e-kalastus.b-cdn.net\/wp-content\/uploads\/2024\/07\/Nimetu-kujundus-57-17-100x100.png.jpg",100,100,true]},"uagb_author_info":{"display_name":"adam.mrozek","author_link":"https:\/\/e-kalastus.ee\/author\/"},"uagb_comment_info":0,"uagb_excerpt":"Narval Frost Candy Vib 80 mm on kitsas ja raske vibratsioonlant, mis on loodud spetsiaalselt koha p\u00fc\u00fcgiks. Selle kiire k\u00e4ivitumine ja tugev vibratsioon teevad selle t\u00f5husaks valikuks nii vertikaalseks j\u00e4\u00e4p\u00fc\u00fcgiks kui ka avavees. Lai v\u00e4rvivalik koos UV-aktsentidega v\u00f5imaldab kohanduda erinevate p\u00fc\u00fcgitingimustega. Saadaval mitmes suuruses ja kaalus.","_links":{"self":[{"href":"https:\/\/e-kalastus.ee\/wp-json\/wp\/v2\/product\/17271","targetHints":{"allow":["GET"]}}],"collection":[{"href":"https:\/\/e-kalastus.ee\/wp-json\/wp\/v2\/product"}],"about":[{"href":"https:\/\/e-kalastus.ee\/wp-json\/wp\/v2\/types\/product"}],"wp:featuredmedia":[{"embeddable":true,"href":"https:\/\/e-kalastus.ee\/wp-json\/wp\/v2\/media\/67202"}],"wp:attachment":[{"href":"https:\/\/e-kalastus.ee\/wp-json\/wp\/v2\/media?parent=17271"}],"wp:term":[{"taxonomy":"product_brand","embeddable":true,"href":"https:\/\/e-kalastus.ee\/wp-json\/wp\/v2\/product_brand?post=17271"},{"taxonomy":"product_cat","embeddable":true,"href":"https:\/\/e-kalastus.ee\/wp-json\/wp\/v2\/product_cat?post=17271"},{"taxonomy":"product_tag","embeddable":true,"href":"https:\/\/e-kalastus.ee\/wp-json\/wp\/v2\/product_tag?post=17271"}],"curies":[{"name":"wp","href":"https:\/\/api.w.org\/{rel}","templated":true}]}}