{"id":1724,"date":"2023-08-11T09:42:43","date_gmt":"2023-08-11T06:42:43","guid":{"rendered":"https:\/\/e-kalastus.ee\/toode\/kostuum-graff-fishing-jacket-l\/"},"modified":"2026-04-16T16:28:13","modified_gmt":"2026-04-16T13:28:13","slug":"kostuum-graff-fishing-jacket-l","status":"publish","type":"product","link":"https:\/\/e-kalastus.ee\/toode\/kostuum-graff-fishing-jacket-l\/","title":{"rendered":"Kost\u00fc\u00fcm Graff Fishing jacket bratex-pro L 631-B-2"},"content":{"rendered":"\n    <div class=\"xs_social_share_widget xs_share_url after_content \t\tmain_content  wslu-style-1 wslu-share-box-shaped wslu-fill-colored wslu-none wslu-share-horizontal wslu-theme-font-no wslu-main_content\">\n\n\t\t\n        <ul>\n\t\t\t        <\/ul>\n    <\/div> \n","protected":false},"excerpt":{"rendered":"<p>Graff kost\u00fc\u00fcm 631-B-2 L<\/p>\n<p>T\u00e4nu 3-kihilise BRATEX\u00ae membraani kasutamisele, mille veekindlad ja hingavad parameetrid on 25 000 mm H2O\/20 000 g\/m2\/24 h, pakub jope suurep\u00e4rase kaitse vihma ja tuule eest. Spetsiaalselt v\u00e4lja t\u00f6\u00f6tatud TEFLON\u00ae kate laseb vee kanga pinnalt vabalt voolata ja mustus kleepub sellele v\u00e4hem, muutes puhastamise lihtsamaks. Lisaks on komplekti rikastatud kaitse UV-kiirte eest, kaitstes materjali pleekimise ja pleekimise eest. Jakkide ja p\u00fckste t\u00f5hususe suurendamiseks kasutati tunnustatud YKK\u00ae firma VISLON\u00ae AquaGuard\u00ae sarja tippt\u00f5mblukke.<\/p>\n<p>Teibitud \u00f5mblused<br \/>\n3-kihiline BRATEX\u00ae membraan veekindlate ja hingavate parameetritega<br \/>\n25 000 mm H2O\/20 000 g\/m2\/24 h<br \/>\nTEFLON\u00ae kate, mis suurendab vastupidavust mustusele ja veele<br \/>\nT\u00e4iendav kaitse p\u00e4ikesevalguse eest<br \/>\nYKK\u00ae VISLON\u00ae AquaGuard\u00ae peamine t\u00f5mblukk, mida kaitseb seestpoolt t\u00e4iendav volt<br \/>\n4 mahukat v\u00e4listaskut, mis on kinnitatud veekindlate YKK\u00ae VISLON\u00ae t\u00f5mblukkudega koos t\u00e4iendava vee \u00e4ravooluga<br \/>\nVeekindla YKK\u00ae VISLON\u00ae t\u00f5mblukuga kinnitatud sisetasku k\u00f5ige olulisemate esemete jaoks, nagu telefon\/dokumendid\/v\u00f5tmed<br \/>\nS\u00fcgavalt reguleeritav kapuuts koos piigi t\u00e4iendava j\u00e4ikusega<br \/>\nPuusa \u00fcmberm\u00f5\u00f5du reguleerimine<br \/>\nReguleeritava \u00fcmberm\u00f5\u00f5duga spetsiaalselt disainitud mansetid ja neopreenist t\u00e4iendav sisemansett, mis kaitseb varrukasse voolava vee eest.<br \/>\nPlastikust konksud m\u00f5lemal k\u00fcljel erinevat t\u00fc\u00fcpi tarvikute jaoks, sealhulgas: paadi-, jeti- v\u00f5i mootorsaani mootorite skidderid.<br \/>\nJope tagak\u00fcljel lisakonks<br \/>\nJope sisek\u00fcljel ventileeritav v\u00f5rkvooder<br \/>\nHelkurkleebised ja logod suurendavad ohutust<br \/>\nSuurus: L<\/p>\n","protected":false},"featured_media":69727,"template":"","meta":{"_uag_custom_page_level_css":""},"product_brand":[1513],"product_cat":[1218],"product_tag":[],"class_list":{"0":"post-1724","1":"product","2":"type-product","3":"status-publish","4":"has-post-thumbnail","6":"product_brand-graff","7":"product_cat-kostuumid","8":"pa_brand-graff","10":"first","11":"outofstock","12":"sale","13":"taxable","14":"shipping-taxable","15":"purchasable","16":"product-type-simple"},"uagb_featured_image_src":{"full":["https:\/\/e-kalastus.b-cdn.net\/wp-content\/uploads\/2024\/07\/68254-3.jpg",1000,840,false],"thumbnail":["https:\/\/e-kalastus.b-cdn.net\/wp-content\/uploads\/2024\/07\/68254-3-150x150.jpg",150,150,true],"medium":["https:\/\/e-kalastus.b-cdn.net\/wp-content\/uploads\/2024\/07\/68254-3-300x300.jpg",300,300,true],"medium_large":["https:\/\/e-kalastus.b-cdn.net\/wp-content\/uploads\/2024\/07\/68254-3-768x768.jpg",768,768,true],"large":["https:\/\/e-kalastus.b-cdn.net\/wp-content\/uploads\/2024\/07\/68254-3-800x800.jpg",800,800,true],"1536x1536":["https:\/\/e-kalastus.b-cdn.net\/wp-content\/uploads\/2024\/07\/68254-3.jpg",1000,840,false],"2048x2048":["https:\/\/e-kalastus.b-cdn.net\/wp-content\/uploads\/2024\/07\/68254-3.jpg",1000,840,false],"woocommerce_thumbnail":["https:\/\/e-kalastus.b-cdn.net\/wp-content\/uploads\/2024\/07\/68254-3-768x768.jpg",324,324,true],"woocommerce_single":["https:\/\/e-kalastus.b-cdn.net\/wp-content\/uploads\/2024\/07\/68254-3.jpg",416,349,false],"woocommerce_gallery_thumbnail":["https:\/\/e-kalastus.b-cdn.net\/wp-content\/uploads\/2024\/07\/68254-3-100x100.jpg",100,100,true]},"uagb_author_info":{"display_name":"adam.mrozek","author_link":"https:\/\/e-kalastus.ee\/author\/"},"uagb_comment_info":0,"uagb_excerpt":"Graff kost\u00fc\u00fcm 631-B-2 L T\u00e4nu 3-kihilise BRATEX\u00ae membraani kasutamisele, mille veekindlad ja hingavad parameetrid on 25 000 mm H2O\/20 000 g\/m2\/24 h, pakub jope suurep\u00e4rase kaitse vihma ja tuule eest. Spetsiaalselt v\u00e4lja t\u00f6\u00f6tatud TEFLON\u00ae kate laseb vee kanga pinnalt vabalt voolata ja mustus kleepub sellele v\u00e4hem, muutes puhastamise lihtsamaks. Lisaks on komplekti rikastatud kaitse UV-kiirte&hellip;","_links":{"self":[{"href":"https:\/\/e-kalastus.ee\/wp-json\/wp\/v2\/product\/1724","targetHints":{"allow":["GET"]}}],"collection":[{"href":"https:\/\/e-kalastus.ee\/wp-json\/wp\/v2\/product"}],"about":[{"href":"https:\/\/e-kalastus.ee\/wp-json\/wp\/v2\/types\/product"}],"wp:featuredmedia":[{"embeddable":true,"href":"https:\/\/e-kalastus.ee\/wp-json\/wp\/v2\/media\/69727"}],"wp:attachment":[{"href":"https:\/\/e-kalastus.ee\/wp-json\/wp\/v2\/media?parent=1724"}],"wp:term":[{"taxonomy":"product_brand","embeddable":true,"href":"https:\/\/e-kalastus.ee\/wp-json\/wp\/v2\/product_brand?post=1724"},{"taxonomy":"product_cat","embeddable":true,"href":"https:\/\/e-kalastus.ee\/wp-json\/wp\/v2\/product_cat?post=1724"},{"taxonomy":"product_tag","embeddable":true,"href":"https:\/\/e-kalastus.ee\/wp-json\/wp\/v2\/product_tag?post=1724"}],"curies":[{"name":"wp","href":"https:\/\/api.w.org\/{rel}","templated":true}]}}