{"id":14553,"date":"2023-09-02T10:46:52","date_gmt":"2023-09-02T07:46:52","guid":{"rendered":"https:\/\/e-kalastus.ee\/toode\/soot-traper-sekret-anise-1kg\/"},"modified":"2026-04-03T10:55:44","modified_gmt":"2026-04-03T07:55:44","slug":"soot-traper-sekret-anise-1kg","status":"publish","type":"product","link":"https:\/\/e-kalastus.ee\/fi\/tuotteet\/pohjaviehe-traper-sekret-sarki-anis-1kg\/","title":{"rendered":"Pohjaviehe Traper Sekret S\u00e4rki Anis 1kg"},"content":{"rendered":"\n    <div class=\"xs_social_share_widget xs_share_url after_content \t\tmain_content  wslu-style-1 wslu-share-box-shaped wslu-fill-colored wslu-none wslu-share-horizontal wslu-theme-font-no wslu-main_content\">\n\n\t\t\n        <ul>\n\t\t\t        <\/ul>\n    <\/div> \n","protected":false},"excerpt":{"rendered":"<p>Valmistettu valituista parhaimman laadun luonnonraaka-aineista, lis\u00e4ksi l\u00e4mp\u00f6k\u00e4sitelty saavuttaakseen parhaat tuoksu- ja makuominaisuudet. Ihanteellinen paikoissa, joissa on suuri kalastuspaine ja kalasaalis on niukka.<\/p>\n","protected":false},"featured_media":65439,"template":"","meta":{"_uag_custom_page_level_css":""},"product_brand":[1522],"product_cat":[1186],"product_tag":[],"class_list":{"0":"post-14553","1":"product","2":"type-product","3":"status-publish","4":"has-post-thumbnail","6":"product_brand-traper","7":"product_cat-soodad","8":"pa_brand-traper","10":"first","11":"instock","12":"sale","13":"taxable","14":"shipping-taxable","15":"purchasable","16":"product-type-simple"},"uagb_featured_image_src":{"full":["https:\/\/e-kalastus.b-cdn.net\/wp-content\/uploads\/2024\/07\/sekret-anise-3f9846014a355f0b649545113d0bd1fe.jpg",900,675,false],"thumbnail":["https:\/\/e-kalastus.b-cdn.net\/wp-content\/uploads\/2024\/07\/sekret-anise-3f9846014a355f0b649545113d0bd1fe-150x150.jpg",150,150,true],"medium":["https:\/\/e-kalastus.b-cdn.net\/wp-content\/uploads\/2024\/07\/sekret-anise-3f9846014a355f0b649545113d0bd1fe-300x300.jpg",300,300,true],"medium_large":["https:\/\/e-kalastus.b-cdn.net\/wp-content\/uploads\/2024\/07\/sekret-anise-3f9846014a355f0b649545113d0bd1fe-768x768.jpg",768,768,true],"large":["https:\/\/e-kalastus.b-cdn.net\/wp-content\/uploads\/2024\/07\/sekret-anise-3f9846014a355f0b649545113d0bd1fe-800x800.jpg",800,800,true],"1536x1536":["https:\/\/e-kalastus.b-cdn.net\/wp-content\/uploads\/2024\/07\/sekret-anise-3f9846014a355f0b649545113d0bd1fe.jpg",900,675,false],"2048x2048":["https:\/\/e-kalastus.b-cdn.net\/wp-content\/uploads\/2024\/07\/sekret-anise-3f9846014a355f0b649545113d0bd1fe.jpg",900,675,false],"woocommerce_thumbnail":["https:\/\/e-kalastus.b-cdn.net\/wp-content\/uploads\/2024\/07\/sekret-anise-3f9846014a355f0b649545113d0bd1fe-768x768.jpg",324,324,true],"woocommerce_single":["https:\/\/e-kalastus.b-cdn.net\/wp-content\/uploads\/2024\/07\/sekret-anise-3f9846014a355f0b649545113d0bd1fe.jpg",416,312,false],"woocommerce_gallery_thumbnail":["https:\/\/e-kalastus.b-cdn.net\/wp-content\/uploads\/2024\/07\/sekret-anise-3f9846014a355f0b649545113d0bd1fe-100x100.jpg",100,100,true]},"uagb_author_info":{"display_name":"adam.mrozek","author_link":"https:\/\/e-kalastus.ee\/fi\/author\/"},"uagb_comment_info":0,"uagb_excerpt":"Valmistettu valituista parhaimman laadun luonnonraaka-aineista, lis\u00e4ksi l\u00e4mp\u00f6k\u00e4sitelty saavuttaakseen parhaat tuoksu- ja makuominaisuudet. Ihanteellinen paikoissa, joissa on suuri kalastuspaine ja kalasaalis on niukka.","_links":{"self":[{"href":"https:\/\/e-kalastus.ee\/fi\/wp-json\/wp\/v2\/product\/14553","targetHints":{"allow":["GET"]}}],"collection":[{"href":"https:\/\/e-kalastus.ee\/fi\/wp-json\/wp\/v2\/product"}],"about":[{"href":"https:\/\/e-kalastus.ee\/fi\/wp-json\/wp\/v2\/types\/product"}],"wp:featuredmedia":[{"embeddable":true,"href":"https:\/\/e-kalastus.ee\/fi\/wp-json\/wp\/v2\/media\/65439"}],"wp:attachment":[{"href":"https:\/\/e-kalastus.ee\/fi\/wp-json\/wp\/v2\/media?parent=14553"}],"wp:term":[{"taxonomy":"product_brand","embeddable":true,"href":"https:\/\/e-kalastus.ee\/fi\/wp-json\/wp\/v2\/product_brand?post=14553"},{"taxonomy":"product_cat","embeddable":true,"href":"https:\/\/e-kalastus.ee\/fi\/wp-json\/wp\/v2\/product_cat?post=14553"},{"taxonomy":"product_tag","embeddable":true,"href":"https:\/\/e-kalastus.ee\/fi\/wp-json\/wp\/v2\/product_tag?post=14553"}],"curies":[{"name":"wp","href":"https:\/\/api.w.org\/{rel}","templated":true}]}}