{"id":14515,"date":"2023-09-02T10:01:54","date_gmt":"2023-09-02T07:01:54","guid":{"rendered":"https:\/\/e-kalastus.ee\/toode\/lisand-traper-gst-groundbait-hemp-seed-400g\/"},"modified":"2026-04-03T13:50:37","modified_gmt":"2026-04-03T10:50:37","slug":"lisand-traper-gst-groundbait-hemp-seed-400g","status":"publish","type":"product","link":"https:\/\/e-kalastus.ee\/toode\/lisand-traper-gst-groundbait-hemp-seed-400g\/","title":{"rendered":"Kuivlisand Traper GST Groundbait Additive Hemp Seed\/Kanepiseemned 400g"},"content":{"rendered":"\n    <div class=\"xs_social_share_widget xs_share_url after_content \t\tmain_content  wslu-style-1 wslu-share-box-shaped wslu-fill-colored wslu-none wslu-share-horizontal wslu-theme-font-no wslu-main_content\">\n\n\t\t\n        <ul>\n\t\t\t        <\/ul>\n    <\/div> \n","protected":false},"excerpt":{"rendered":"<p>Terved keedetud seemned s\u00e4rje p\u00fc\u00fcgiks.<\/p>\n","protected":false},"featured_media":70491,"template":"","meta":{"_uag_custom_page_level_css":""},"product_brand":[1522],"product_cat":[1187],"product_tag":[],"class_list":{"0":"post-14515","1":"product","2":"type-product","3":"status-publish","4":"has-post-thumbnail","6":"product_brand-traper","7":"product_cat-kuivlisandid","8":"pa_brand-traper","10":"first","11":"instock","12":"sale","13":"taxable","14":"shipping-taxable","15":"purchasable","16":"product-type-simple"},"uagb_featured_image_src":{"full":["https:\/\/e-kalastus.b-cdn.net\/wp-content\/uploads\/2024\/07\/bcd53b3543b6a8f911b0a4ac7506-2.jpg",389,481,false],"thumbnail":["https:\/\/e-kalastus.b-cdn.net\/wp-content\/uploads\/2024\/07\/bcd53b3543b6a8f911b0a4ac7506-2-150x150.jpg",150,150,true],"medium":["https:\/\/e-kalastus.b-cdn.net\/wp-content\/uploads\/2024\/07\/bcd53b3543b6a8f911b0a4ac7506-2-300x300.jpg",300,300,true],"medium_large":["https:\/\/e-kalastus.b-cdn.net\/wp-content\/uploads\/2024\/07\/bcd53b3543b6a8f911b0a4ac7506-2-768x768.jpg",768,768,true],"large":["https:\/\/e-kalastus.b-cdn.net\/wp-content\/uploads\/2024\/07\/bcd53b3543b6a8f911b0a4ac7506-2-800x800.jpg",800,800,true],"1536x1536":["https:\/\/e-kalastus.b-cdn.net\/wp-content\/uploads\/2024\/07\/bcd53b3543b6a8f911b0a4ac7506-2.jpg",389,481,false],"2048x2048":["https:\/\/e-kalastus.b-cdn.net\/wp-content\/uploads\/2024\/07\/bcd53b3543b6a8f911b0a4ac7506-2.jpg",389,481,false],"woocommerce_thumbnail":["https:\/\/e-kalastus.b-cdn.net\/wp-content\/uploads\/2024\/07\/bcd53b3543b6a8f911b0a4ac7506-2-768x768.jpg",324,324,true],"woocommerce_single":["https:\/\/e-kalastus.b-cdn.net\/wp-content\/uploads\/2024\/07\/bcd53b3543b6a8f911b0a4ac7506-2.jpg",389,481,false],"woocommerce_gallery_thumbnail":["https:\/\/e-kalastus.b-cdn.net\/wp-content\/uploads\/2024\/07\/bcd53b3543b6a8f911b0a4ac7506-2-100x100.jpg",100,100,true]},"uagb_author_info":{"display_name":"adam.mrozek","author_link":"https:\/\/e-kalastus.ee\/author\/"},"uagb_comment_info":0,"uagb_excerpt":"Terved keedetud seemned s\u00e4rje p\u00fc\u00fcgiks.","_links":{"self":[{"href":"https:\/\/e-kalastus.ee\/wp-json\/wp\/v2\/product\/14515","targetHints":{"allow":["GET"]}}],"collection":[{"href":"https:\/\/e-kalastus.ee\/wp-json\/wp\/v2\/product"}],"about":[{"href":"https:\/\/e-kalastus.ee\/wp-json\/wp\/v2\/types\/product"}],"wp:featuredmedia":[{"embeddable":true,"href":"https:\/\/e-kalastus.ee\/wp-json\/wp\/v2\/media\/70491"}],"wp:attachment":[{"href":"https:\/\/e-kalastus.ee\/wp-json\/wp\/v2\/media?parent=14515"}],"wp:term":[{"taxonomy":"product_brand","embeddable":true,"href":"https:\/\/e-kalastus.ee\/wp-json\/wp\/v2\/product_brand?post=14515"},{"taxonomy":"product_cat","embeddable":true,"href":"https:\/\/e-kalastus.ee\/wp-json\/wp\/v2\/product_cat?post=14515"},{"taxonomy":"product_tag","embeddable":true,"href":"https:\/\/e-kalastus.ee\/wp-json\/wp\/v2\/product_tag?post=14515"}],"curies":[{"name":"wp","href":"https:\/\/api.w.org\/{rel}","templated":true}]}}