{"id":14427,"date":"2023-09-01T16:42:15","date_gmt":"2023-09-01T13:42:15","guid":{"rendered":"https:\/\/e-kalastus.ee\/toode\/lisand-traper-melasa-bloodworm-300g\/"},"modified":"2026-03-30T14:37:36","modified_gmt":"2026-03-30T11:37:36","slug":"lisand-traper-melasa-bloodworm-300g","status":"publish","type":"product","link":"https:\/\/e-kalastus.ee\/fi\/tuotteet\/nesteen-lisaaine-traper-melassi-bloodworm-hyttynen-300g\/","title":{"rendered":"Nesteen lis\u00e4aine Traper Melassi Bloodworm\/Hyttysten torjunta 300g"},"content":{"rendered":"\n    <div class=\"xs_social_share_widget xs_share_url after_content \t\tmain_content  wslu-style-1 wslu-share-box-shaped wslu-fill-colored wslu-none wslu-share-horizontal wslu-theme-font-no wslu-main_content\">\n\n\t\t\n        <ul>\n\t\t\t        <\/ul>\n    <\/div> \n","protected":false},"excerpt":{"rendered":"<p>Maun ja rakenteen muodostava sy\u00f6ttilis\u00e4aine<\/p>\n<p>Melassi tulee liuottaa veteen suhteessa 1:1, mink\u00e4 j\u00e4lkeen kostutetaan sy\u00f6tti t\u00e4ll\u00e4 liuoksella. N\u00e4in melassi antaa makean maun, liimaa seoksen yhteen, hidastaen sen toimintaa, mik\u00e4 on hy\u00f6dyllist\u00e4 lahnaa ja muita suuria kaloja pyydett\u00e4ess\u00e4. Tarvittaessa kostuta saatu seos saman vesist\u00f6n vedell\u00e4, josta pyyd\u00e4t.<\/p>\n<p>Traperin melassissa sis\u00e4ltyv\u00e4t betaiini ja makulis\u00e4aineet lis\u00e4\u00e4v\u00e4t t\u00e4m\u00e4n lis\u00e4aineen tehokkuutta ja kiihdytt\u00e4v\u00e4t kalan ruokahalua.<\/p>\n","protected":false},"featured_media":71829,"template":"","meta":{"_uag_custom_page_level_css":""},"product_brand":[1522],"product_cat":[1231],"product_tag":[],"class_list":{"0":"post-14427","1":"product","2":"type-product","3":"status-publish","4":"has-post-thumbnail","6":"product_brand-traper","7":"product_cat-vedelad-lisandid","8":"pa_brand-traper","10":"first","11":"instock","12":"sale","13":"taxable","14":"shipping-taxable","15":"purchasable","16":"product-type-simple"},"uagb_featured_image_src":{"full":["https:\/\/e-kalastus.b-cdn.net\/wp-content\/uploads\/2024\/07\/soodalisand-traper-melasa-motyl-250ml-300g-02338.jpg",600,600,false],"thumbnail":["https:\/\/e-kalastus.b-cdn.net\/wp-content\/uploads\/2024\/07\/soodalisand-traper-melasa-motyl-250ml-300g-02338-150x150.jpg",150,150,true],"medium":["https:\/\/e-kalastus.b-cdn.net\/wp-content\/uploads\/2024\/07\/soodalisand-traper-melasa-motyl-250ml-300g-02338-300x300.jpg",300,300,true],"medium_large":["https:\/\/e-kalastus.b-cdn.net\/wp-content\/uploads\/2024\/07\/soodalisand-traper-melasa-motyl-250ml-300g-02338-768x768.jpg",768,768,true],"large":["https:\/\/e-kalastus.b-cdn.net\/wp-content\/uploads\/2024\/07\/soodalisand-traper-melasa-motyl-250ml-300g-02338-800x800.jpg",800,800,true],"1536x1536":["https:\/\/e-kalastus.b-cdn.net\/wp-content\/uploads\/2024\/07\/soodalisand-traper-melasa-motyl-250ml-300g-02338.jpg",600,600,false],"2048x2048":["https:\/\/e-kalastus.b-cdn.net\/wp-content\/uploads\/2024\/07\/soodalisand-traper-melasa-motyl-250ml-300g-02338.jpg",600,600,false],"woocommerce_thumbnail":["https:\/\/e-kalastus.b-cdn.net\/wp-content\/uploads\/2024\/07\/soodalisand-traper-melasa-motyl-250ml-300g-02338-768x768.jpg",324,324,true],"woocommerce_single":["https:\/\/e-kalastus.b-cdn.net\/wp-content\/uploads\/2024\/07\/soodalisand-traper-melasa-motyl-250ml-300g-02338-768x768.jpg",416,416,true],"woocommerce_gallery_thumbnail":["https:\/\/e-kalastus.b-cdn.net\/wp-content\/uploads\/2024\/07\/soodalisand-traper-melasa-motyl-250ml-300g-02338-100x100.jpg",100,100,true]},"uagb_author_info":{"display_name":"adam.mrozek","author_link":"https:\/\/e-kalastus.ee\/fi\/author\/"},"uagb_comment_info":0,"uagb_excerpt":"Maun ja rakenteen muodostava sy\u00f6ttilis\u00e4aine Melassi tulee liuottaa veteen suhteessa 1:1, mink\u00e4 j\u00e4lkeen kostutetaan sy\u00f6tti t\u00e4ll\u00e4 liuoksella. N\u00e4in melassi antaa makean maun, liimaa seoksen yhteen, hidastaen sen toimintaa, mik\u00e4 on hy\u00f6dyllist\u00e4 lahnaa ja muita suuria kaloja pyydett\u00e4ess\u00e4. Tarvittaessa kostuta saatu seos saman vesist\u00f6n vedell\u00e4, josta pyyd\u00e4t. Traperin melassissa sis\u00e4ltyv\u00e4t betaiini ja makulis\u00e4aineet lis\u00e4\u00e4v\u00e4t t\u00e4m\u00e4n lis\u00e4aineen&hellip;","_links":{"self":[{"href":"https:\/\/e-kalastus.ee\/fi\/wp-json\/wp\/v2\/product\/14427","targetHints":{"allow":["GET"]}}],"collection":[{"href":"https:\/\/e-kalastus.ee\/fi\/wp-json\/wp\/v2\/product"}],"about":[{"href":"https:\/\/e-kalastus.ee\/fi\/wp-json\/wp\/v2\/types\/product"}],"wp:featuredmedia":[{"embeddable":true,"href":"https:\/\/e-kalastus.ee\/fi\/wp-json\/wp\/v2\/media\/71829"}],"wp:attachment":[{"href":"https:\/\/e-kalastus.ee\/fi\/wp-json\/wp\/v2\/media?parent=14427"}],"wp:term":[{"taxonomy":"product_brand","embeddable":true,"href":"https:\/\/e-kalastus.ee\/fi\/wp-json\/wp\/v2\/product_brand?post=14427"},{"taxonomy":"product_cat","embeddable":true,"href":"https:\/\/e-kalastus.ee\/fi\/wp-json\/wp\/v2\/product_cat?post=14427"},{"taxonomy":"product_tag","embeddable":true,"href":"https:\/\/e-kalastus.ee\/fi\/wp-json\/wp\/v2\/product_tag?post=14427"}],"curies":[{"name":"wp","href":"https:\/\/api.w.org\/{rel}","templated":true}]}}