{"id":14352,"date":"2023-09-01T14:57:15","date_gmt":"2023-09-01T11:57:15","guid":{"rendered":"https:\/\/e-kalastus.ee\/toode\/sprei-traper-atomix-method-feeder-kuuslauk-50g\/"},"modified":"2026-03-30T14:48:04","modified_gmt":"2026-03-30T11:48:04","slug":"sprei-traper-atomix-method-feeder-kuuslauk-50g","status":"publish","type":"product","link":"https:\/\/e-kalastus.ee\/fi\/tuotteet\/traper-atomix-method-feeder-valkosipuli-suihke-50g\/","title":{"rendered":"Sprei Traper Atomix Method Feeder Valkosipuli 50g"},"content":{"rendered":"\n    <div class=\"xs_social_share_widget xs_share_url after_content \t\tmain_content  wslu-style-1 wslu-share-box-shaped wslu-fill-colored wslu-none wslu-share-horizontal wslu-theme-font-no wslu-main_content\">\n\n\t\t\n        <ul>\n\t\t\t        <\/ul>\n    <\/div> \n","protected":false},"excerpt":{"rendered":"<p>Traper Atomix Method Feeder sy\u00f6ttilis\u00e4ys &#8211; helppok\u00e4ytt\u00f6inen, keskitetty hajustettu houkutin suihkeena. Ihanteellinen ruiskutettavaksi pohjasy\u00f6tille, koukunsy\u00f6tille tai feeder-korikoille v\u00e4litt\u00f6m\u00e4sti vieheen heittoa ennen.<\/p>\n","protected":false},"featured_media":64854,"template":"","meta":{"_uag_custom_page_level_css":""},"product_brand":[1522],"product_cat":[1231],"product_tag":[],"class_list":{"0":"post-14352","1":"product","2":"type-product","3":"status-publish","4":"has-post-thumbnail","6":"product_brand-traper","7":"product_cat-vedelad-lisandid","8":"pa_brand-traper","10":"first","11":"instock","12":"sale","13":"taxable","14":"shipping-taxable","15":"purchasable","16":"product-type-simple"},"uagb_featured_image_src":{"full":["https:\/\/e-kalastus.b-cdn.net\/wp-content\/uploads\/2024\/07\/5d3b54bae71696fcd22d4e48cbe8bbd4.jpg",295,620,false],"thumbnail":["https:\/\/e-kalastus.b-cdn.net\/wp-content\/uploads\/2024\/07\/5d3b54bae71696fcd22d4e48cbe8bbd4-150x150.jpg",150,150,true],"medium":["https:\/\/e-kalastus.b-cdn.net\/wp-content\/uploads\/2024\/07\/5d3b54bae71696fcd22d4e48cbe8bbd4-300x300.jpg",300,300,true],"medium_large":["https:\/\/e-kalastus.b-cdn.net\/wp-content\/uploads\/2024\/07\/5d3b54bae71696fcd22d4e48cbe8bbd4-768x768.jpg",768,768,true],"large":["https:\/\/e-kalastus.b-cdn.net\/wp-content\/uploads\/2024\/07\/5d3b54bae71696fcd22d4e48cbe8bbd4-800x800.jpg",800,800,true],"1536x1536":["https:\/\/e-kalastus.b-cdn.net\/wp-content\/uploads\/2024\/07\/5d3b54bae71696fcd22d4e48cbe8bbd4.jpg",295,620,false],"2048x2048":["https:\/\/e-kalastus.b-cdn.net\/wp-content\/uploads\/2024\/07\/5d3b54bae71696fcd22d4e48cbe8bbd4.jpg",295,620,false],"woocommerce_thumbnail":["https:\/\/e-kalastus.b-cdn.net\/wp-content\/uploads\/2024\/07\/5d3b54bae71696fcd22d4e48cbe8bbd4-768x768.jpg",324,324,true],"woocommerce_single":["https:\/\/e-kalastus.b-cdn.net\/wp-content\/uploads\/2024\/07\/5d3b54bae71696fcd22d4e48cbe8bbd4.jpg",295,620,false],"woocommerce_gallery_thumbnail":["https:\/\/e-kalastus.b-cdn.net\/wp-content\/uploads\/2024\/07\/5d3b54bae71696fcd22d4e48cbe8bbd4-100x100.jpg",100,100,true]},"uagb_author_info":{"display_name":"adam.mrozek","author_link":"https:\/\/e-kalastus.ee\/fi\/author\/"},"uagb_comment_info":0,"uagb_excerpt":"Traper Atomix Method Feeder sy\u00f6ttilis\u00e4ys - helppok\u00e4ytt\u00f6inen, keskitetty hajustettu houkutin suihkeena. Ihanteellinen ruiskutettavaksi pohjasy\u00f6tille, koukunsy\u00f6tille tai feeder-korikoille v\u00e4litt\u00f6m\u00e4sti vieheen heittoa ennen.","_links":{"self":[{"href":"https:\/\/e-kalastus.ee\/fi\/wp-json\/wp\/v2\/product\/14352","targetHints":{"allow":["GET"]}}],"collection":[{"href":"https:\/\/e-kalastus.ee\/fi\/wp-json\/wp\/v2\/product"}],"about":[{"href":"https:\/\/e-kalastus.ee\/fi\/wp-json\/wp\/v2\/types\/product"}],"wp:featuredmedia":[{"embeddable":true,"href":"https:\/\/e-kalastus.ee\/fi\/wp-json\/wp\/v2\/media\/64854"}],"wp:attachment":[{"href":"https:\/\/e-kalastus.ee\/fi\/wp-json\/wp\/v2\/media?parent=14352"}],"wp:term":[{"taxonomy":"product_brand","embeddable":true,"href":"https:\/\/e-kalastus.ee\/fi\/wp-json\/wp\/v2\/product_brand?post=14352"},{"taxonomy":"product_cat","embeddable":true,"href":"https:\/\/e-kalastus.ee\/fi\/wp-json\/wp\/v2\/product_cat?post=14352"},{"taxonomy":"product_tag","embeddable":true,"href":"https:\/\/e-kalastus.ee\/fi\/wp-json\/wp\/v2\/product_tag?post=14352"}],"curies":[{"name":"wp","href":"https:\/\/api.w.org\/{rel}","templated":true}]}}