{"id":14292,"date":"2023-09-01T13:27:25","date_gmt":"2023-09-01T10:27:25","guid":{"rendered":"https:\/\/e-kalastus.ee\/toode\/lisand-traper-saasevastne-250g\/"},"modified":"2026-03-30T15:18:43","modified_gmt":"2026-03-30T12:18:43","slug":"lisand-traper-saasevastne-250g","status":"publish","type":"product","link":"https:\/\/e-kalastus.ee\/toode\/lisand-traper-saasevastne-250g\/","title":{"rendered":"Kuivlisand Traper Atraktor S\u00e4\u00e4sevastne 250g"},"content":{"rendered":"\n    <div class=\"xs_social_share_widget xs_share_url after_content \t\tmain_content  wslu-style-1 wslu-share-box-shaped wslu-fill-colored wslu-none wslu-share-horizontal wslu-theme-font-no wslu-main_content\">\n\n\t\t\n        <ul>\n\t\t\t        <\/ul>\n    <\/div> \n","protected":false},"excerpt":{"rendered":"<p>Spetsiaalne l\u00f5hnaatraktor s\u00f6\u00f6dale lisamiseks. Teeb teie s\u00f6\u00f6da oluliselt efektiivsemaks. Lisage valmiss\u00f6\u00f6dale. Vajadusel kasutage s\u00f6\u00f6da niisutamiseks vett, mis v\u00f5etud samast veekogust millest p\u00fc\u00fcate. Ideaalne seal, kus on suur \u00f5ngitsemissurve ja kui kalav\u00f5tt on nigel.<\/p>\n","protected":false},"featured_media":64174,"template":"","meta":{"_uag_custom_page_level_css":""},"product_brand":[1522],"product_cat":[1187],"product_tag":[],"class_list":{"0":"post-14292","1":"product","2":"type-product","3":"status-publish","4":"has-post-thumbnail","6":"product_brand-traper","7":"product_cat-kuivlisandid","8":"pa_brand-traper","10":"first","11":"instock","12":"sale","13":"taxable","14":"shipping-taxable","15":"purchasable","16":"product-type-simple"},"uagb_featured_image_src":{"full":["https:\/\/e-kalastus.b-cdn.net\/wp-content\/uploads\/2024\/07\/atraktor-zapachowy-traper-ochotka-250g.jpg",452,584,false],"thumbnail":["https:\/\/e-kalastus.b-cdn.net\/wp-content\/uploads\/2024\/07\/atraktor-zapachowy-traper-ochotka-250g-150x150.jpg",150,150,true],"medium":["https:\/\/e-kalastus.b-cdn.net\/wp-content\/uploads\/2024\/07\/atraktor-zapachowy-traper-ochotka-250g-300x300.jpg",300,300,true],"medium_large":["https:\/\/e-kalastus.b-cdn.net\/wp-content\/uploads\/2024\/07\/atraktor-zapachowy-traper-ochotka-250g-768x768.jpg",768,768,true],"large":["https:\/\/e-kalastus.b-cdn.net\/wp-content\/uploads\/2024\/07\/atraktor-zapachowy-traper-ochotka-250g-800x800.jpg",800,800,true],"1536x1536":["https:\/\/e-kalastus.b-cdn.net\/wp-content\/uploads\/2024\/07\/atraktor-zapachowy-traper-ochotka-250g.jpg",452,584,false],"2048x2048":["https:\/\/e-kalastus.b-cdn.net\/wp-content\/uploads\/2024\/07\/atraktor-zapachowy-traper-ochotka-250g.jpg",452,584,false],"woocommerce_thumbnail":["https:\/\/e-kalastus.b-cdn.net\/wp-content\/uploads\/2024\/07\/atraktor-zapachowy-traper-ochotka-250g-768x768.jpg",324,324,true],"woocommerce_single":["https:\/\/e-kalastus.b-cdn.net\/wp-content\/uploads\/2024\/07\/atraktor-zapachowy-traper-ochotka-250g.jpg",416,537,false],"woocommerce_gallery_thumbnail":["https:\/\/e-kalastus.b-cdn.net\/wp-content\/uploads\/2024\/07\/atraktor-zapachowy-traper-ochotka-250g-100x100.jpg",100,100,true]},"uagb_author_info":{"display_name":"adam.mrozek","author_link":"https:\/\/e-kalastus.ee\/author\/"},"uagb_comment_info":0,"uagb_excerpt":"Spetsiaalne l\u00f5hnaatraktor s\u00f6\u00f6dale lisamiseks. Teeb teie s\u00f6\u00f6da oluliselt efektiivsemaks. Lisage valmiss\u00f6\u00f6dale. Vajadusel kasutage s\u00f6\u00f6da niisutamiseks vett, mis v\u00f5etud samast veekogust millest p\u00fc\u00fcate. Ideaalne seal, kus on suur \u00f5ngitsemissurve ja kui kalav\u00f5tt on nigel.","_links":{"self":[{"href":"https:\/\/e-kalastus.ee\/wp-json\/wp\/v2\/product\/14292","targetHints":{"allow":["GET"]}}],"collection":[{"href":"https:\/\/e-kalastus.ee\/wp-json\/wp\/v2\/product"}],"about":[{"href":"https:\/\/e-kalastus.ee\/wp-json\/wp\/v2\/types\/product"}],"wp:featuredmedia":[{"embeddable":true,"href":"https:\/\/e-kalastus.ee\/wp-json\/wp\/v2\/media\/64174"}],"wp:attachment":[{"href":"https:\/\/e-kalastus.ee\/wp-json\/wp\/v2\/media?parent=14292"}],"wp:term":[{"taxonomy":"product_brand","embeddable":true,"href":"https:\/\/e-kalastus.ee\/wp-json\/wp\/v2\/product_brand?post=14292"},{"taxonomy":"product_cat","embeddable":true,"href":"https:\/\/e-kalastus.ee\/wp-json\/wp\/v2\/product_cat?post=14292"},{"taxonomy":"product_tag","embeddable":true,"href":"https:\/\/e-kalastus.ee\/wp-json\/wp\/v2\/product_tag?post=14292"}],"curies":[{"name":"wp","href":"https:\/\/api.w.org\/{rel}","templated":true}]}}