{"id":14222,"date":"2023-09-01T11:57:21","date_gmt":"2023-09-01T08:57:21","guid":{"rendered":"https:\/\/e-kalastus.ee\/toode\/soot-traper-gst-competition-feeder-bream-black-1kg\/"},"modified":"2026-04-16T16:46:55","modified_gmt":"2026-04-16T13:46:55","slug":"soot-traper-gst-competition-feeder-bream-black-1kg","status":"publish","type":"product","link":"https:\/\/e-kalastus.ee\/toode\/soot-traper-gst-competition-feeder-bream-black-1kg\/","title":{"rendered":"Peibutuss\u00f6\u00f6t Traper GST Competition Feeder Bream Black 1kg 00238"},"content":{"rendered":"\n    <div class=\"xs_social_share_widget xs_share_url after_content \t\tmain_content  wslu-style-1 wslu-share-box-shaped wslu-fill-colored wslu-none wslu-share-horizontal wslu-theme-font-no wslu-main_content\">\n\n\t\t\n        <ul>\n\t\t\t        <\/ul>\n    <\/div> \n","protected":false},"excerpt":{"rendered":"<p>Traper GST Competition Feeder on professionaalne s\u00f6\u00f6t, mis on loodud feederp\u00fc\u00fcgiv\u00f5istlusteks. GST segudes on erinevaid, kalaliikidele meeldivaid ja seedimist soodustavaid lisandeid. T\u00e4pselt tasakaalustatud koostisosade proportsioonid tagavad nende j\u00e4rkj\u00e4rgulise vabanemise ja kohese ahvatleva m\u00f5ju. S\u00f6\u00f6t tekitab tugeva isu, samas ei k\u00fcllasta kala liigselt. T\u00e4pselt valitud kleepuvus, s\u00f5ltuvalt  t\u00fc\u00fcbist ja otstarbest, muudab s\u00f6\u00f6t korvi t\u00e4itmise lihtsamaks. S\u00f6\u00f6tasid saab omavahel kombineerida ning lisada ka l\u00f5hna- ja v\u00e4rvaineid ning aktivaatoreid, et saavutada ainulaadne segu, mis on optimaalselt kohandatud kalap\u00fc\u00fcgitingimustega.<\/p>\n","protected":false},"featured_media":72095,"template":"","meta":{"_uag_custom_page_level_css":""},"product_brand":[1522],"product_cat":[1186],"product_tag":[],"class_list":{"0":"post-14222","1":"product","2":"type-product","3":"status-publish","4":"has-post-thumbnail","6":"product_brand-traper","7":"product_cat-soodad","8":"pa_brand-traper","10":"first","11":"instock","12":"sale","13":"taxable","14":"shipping-taxable","15":"purchasable","16":"product-type-simple"},"uagb_featured_image_src":{"full":["https:\/\/e-kalastus.b-cdn.net\/wp-content\/uploads\/2024\/07\/3-9343502d-4788-45b7-ab5f-438aef3f0afe-300x.jpg",154,280,false],"thumbnail":["https:\/\/e-kalastus.b-cdn.net\/wp-content\/uploads\/2024\/07\/3-9343502d-4788-45b7-ab5f-438aef3f0afe-300x-150x150.jpg",150,150,true],"medium":["https:\/\/e-kalastus.b-cdn.net\/wp-content\/uploads\/2024\/07\/3-9343502d-4788-45b7-ab5f-438aef3f0afe-300x-300x300.jpg",300,300,true],"medium_large":["https:\/\/e-kalastus.b-cdn.net\/wp-content\/uploads\/2024\/07\/3-9343502d-4788-45b7-ab5f-438aef3f0afe-300x-768x768.jpg",768,768,true],"large":["https:\/\/e-kalastus.b-cdn.net\/wp-content\/uploads\/2024\/07\/3-9343502d-4788-45b7-ab5f-438aef3f0afe-300x-800x800.jpg",800,800,true],"1536x1536":["https:\/\/e-kalastus.b-cdn.net\/wp-content\/uploads\/2024\/07\/3-9343502d-4788-45b7-ab5f-438aef3f0afe-300x.jpg",154,280,false],"2048x2048":["https:\/\/e-kalastus.b-cdn.net\/wp-content\/uploads\/2024\/07\/3-9343502d-4788-45b7-ab5f-438aef3f0afe-300x.jpg",154,280,false],"woocommerce_thumbnail":["https:\/\/e-kalastus.b-cdn.net\/wp-content\/uploads\/2024\/07\/3-9343502d-4788-45b7-ab5f-438aef3f0afe-300x-768x768.jpg",324,324,true],"woocommerce_single":["https:\/\/e-kalastus.b-cdn.net\/wp-content\/uploads\/2024\/07\/3-9343502d-4788-45b7-ab5f-438aef3f0afe-300x.jpg",154,280,false],"woocommerce_gallery_thumbnail":["https:\/\/e-kalastus.b-cdn.net\/wp-content\/uploads\/2024\/07\/3-9343502d-4788-45b7-ab5f-438aef3f0afe-300x-100x100.jpg",100,100,true]},"uagb_author_info":{"display_name":"adam.mrozek","author_link":"https:\/\/e-kalastus.ee\/author\/"},"uagb_comment_info":0,"uagb_excerpt":"Traper GST Competition Feeder on professionaalne s\u00f6\u00f6t, mis on loodud feederp\u00fc\u00fcgiv\u00f5istlusteks. GST segudes on erinevaid, kalaliikidele meeldivaid ja seedimist soodustavaid lisandeid. T\u00e4pselt tasakaalustatud koostisosade proportsioonid tagavad nende j\u00e4rkj\u00e4rgulise vabanemise ja kohese ahvatleva m\u00f5ju. S\u00f6\u00f6t tekitab tugeva isu, samas ei k\u00fcllasta kala liigselt. T\u00e4pselt valitud kleepuvus, s\u00f5ltuvalt t\u00fc\u00fcbist ja otstarbest, muudab s\u00f6\u00f6t korvi t\u00e4itmise lihtsamaks. S\u00f6\u00f6tasid&hellip;","_links":{"self":[{"href":"https:\/\/e-kalastus.ee\/wp-json\/wp\/v2\/product\/14222","targetHints":{"allow":["GET"]}}],"collection":[{"href":"https:\/\/e-kalastus.ee\/wp-json\/wp\/v2\/product"}],"about":[{"href":"https:\/\/e-kalastus.ee\/wp-json\/wp\/v2\/types\/product"}],"wp:featuredmedia":[{"embeddable":true,"href":"https:\/\/e-kalastus.ee\/wp-json\/wp\/v2\/media\/72095"}],"wp:attachment":[{"href":"https:\/\/e-kalastus.ee\/wp-json\/wp\/v2\/media?parent=14222"}],"wp:term":[{"taxonomy":"product_brand","embeddable":true,"href":"https:\/\/e-kalastus.ee\/wp-json\/wp\/v2\/product_brand?post=14222"},{"taxonomy":"product_cat","embeddable":true,"href":"https:\/\/e-kalastus.ee\/wp-json\/wp\/v2\/product_cat?post=14222"},{"taxonomy":"product_tag","embeddable":true,"href":"https:\/\/e-kalastus.ee\/wp-json\/wp\/v2\/product_tag?post=14222"}],"curies":[{"name":"wp","href":"https:\/\/api.w.org\/{rel}","templated":true}]}}