{"id":13607,"date":"2023-08-31T12:12:04","date_gmt":"2023-08-31T09:12:04","guid":{"rendered":"https:\/\/e-kalastus.ee\/toode\/elektrimootor-minn-kota-endura-c2-34lbs-36\/"},"modified":"2026-03-30T14:57:25","modified_gmt":"2026-03-30T11:57:25","slug":"elektrimootor-minn-kota-endura-c2-34lbs-36","status":"publish","type":"product","link":"https:\/\/e-kalastus.ee\/toode\/elektrimootor-minn-kota-endura-c2-34lbs-36\/","title":{"rendered":"Elektrimootor Minn Kota Endura C2 34lbs 36&#8243;"},"content":{"rendered":"<p><span style=\"font-family: Verdana, Geneva, sans-serif;font-size: 12px\">Need USA-s toodetud (seeria Endura C2) elektrilised paadimootorid ei ole k\u00f5ige populaarsemad ainult Leedus, vaid ka kogu maailmas. Tugevad, vaiksed, vastupidavad, h\u00f5lpsasti kasutatavad ja muidugi t\u00f6\u00f6kindlad Minn Kota mootorid on suurep\u00e4rane valik nii kaluritele kui ka puhkajatele.<\/span><br style=\"margin: 0px;padding: 0px;font-family: Verdana, Geneva, sans-serif;font-size: 12px\" \/><br \/>\n<br style=\"margin: 0px;padding: 0px;font-family: Verdana, Geneva, sans-serif;font-size: 12px\" \/><br \/>\n<span style=\"font-family: Verdana, Geneva, sans-serif;font-size: 12px\">Minn Kota toob turule \u00fcha uuenduslikemaid tehnoloogiaid, mis vastavad ka k\u00f5ige n\u00f5udlikema kalameeste ootustele.<\/span><br style=\"margin: 0px;padding: 0px;font-family: Verdana, Geneva, sans-serif;font-size: 12px\" \/><br \/>\n<br style=\"margin: 0px;padding: 0px;font-family: Verdana, Geneva, sans-serif;font-size: 12px\" \/><br \/>\n<span style=\"font-family: Verdana, Geneva, sans-serif;font-size: 12px\">Minn Kota Endura C2 seeria on uuendatud Endura elektriliste paadimootorite seeria, millel on t\u00e4iustatud energiatarbimise tehnoloogia ja pikem aku kasutusiga.<\/span><br style=\"margin: 0px;padding: 0px;font-family: Verdana, Geneva, sans-serif;font-size: 12px\" \/><br \/>\n<br style=\"margin: 0px;padding: 0px;font-family: Verdana, Geneva, sans-serif;font-size: 12px\" \/><br \/>\n<span style=\"font-family: Verdana, Geneva, sans-serif;font-size: 12px\">Mootori omadused:<\/span><br style=\"margin: 0px;padding: 0px;font-family: Verdana, Geneva, sans-serif;font-size: 12px\" \/><br \/>\n<br style=\"margin: 0px;padding: 0px;font-family: Verdana, Geneva, sans-serif;font-size: 12px\" \/><br \/>\n<span style=\"font-family: Verdana, Geneva, sans-serif;font-size: 12px\">\u00c4\u00e4rmiselt tugev konstruktsioon<\/span><br style=\"margin: 0px;padding: 0px;font-family: Verdana, Geneva, sans-serif;font-size: 12px\" \/><br \/>\n<span style=\"font-family: Verdana, Geneva, sans-serif;font-size: 12px\">5 edasik\u00e4iku, 3 tagasik\u00e4iku<\/span><br style=\"margin: 0px;padding: 0px;font-family: Verdana, Geneva, sans-serif;font-size: 12px\" \/><br \/>\n<span style=\"font-family: Verdana, Geneva, sans-serif;font-size: 12px\">12-voldine pinge<\/span><br style=\"margin: 0px;padding: 0px;font-family: Verdana, Geneva, sans-serif;font-size: 12px\" \/><br \/>\n<span style=\"font-family: Verdana, Geneva, sans-serif;font-size: 12px\">Mootorijalg on valmistatud spetsiaalsest komposiitmaterjalist ning Minn Kota annab sellele piiramatu garantii<\/span><br style=\"margin: 0px;padding: 0px;font-family: Verdana, Geneva, sans-serif;font-size: 12px\" \/><br \/>\n<span style=\"font-family: Verdana, Geneva, sans-serif;font-size: 12px\">Vaikne &#8211; Minn Kota elektrilised paadimootorid on k\u00f5ige vaiksemad ja v\u00e4iksema vibratsiooniga mootorid<\/span><br style=\"margin: 0px;padding: 0px;font-family: Verdana, Geneva, sans-serif;font-size: 12px\" \/><br \/>\n<span style=\"font-family: Verdana, Geneva, sans-serif;font-size: 12px\">Akutaseme indikaator<\/span><br style=\"margin: 0px;padding: 0px;font-family: Verdana, Geneva, sans-serif;font-size: 12px\" \/><br \/>\n<span style=\"font-family: Verdana, Geneva, sans-serif;font-size: 12px\">Teleskoopiline +15 cm pikkune k\u00e4epide v\u00f5imaldab mootorit h\u00f5lpsalt ja mugavalt kasutada<\/span><br style=\"margin: 0px;padding: 0px;font-family: Verdana, Geneva, sans-serif;font-size: 12px\" \/><br \/>\n<span style=\"font-family: Verdana, Geneva, sans-serif;font-size: 12px\">Jala pikkus 91cm<\/span><br style=\"margin: 0px;padding: 0px;font-family: Verdana, Geneva, sans-serif;font-size: 12px\" \/><br \/>\n<span style=\"font-family: Verdana, Geneva, sans-serif;font-size: 12px\">Soovitav aku alates 100Ah<\/span><br style=\"margin: 0px;padding: 0px;font-family: Verdana, Geneva, sans-serif;font-size: 12px\" \/><br \/>\n<span style=\"font-family: Verdana, Geneva, sans-serif;font-size: 12px\">L\u00fckke tugevus 34LBS<\/span><br style=\"margin: 0px;padding: 0px;font-family: Verdana, Geneva, sans-serif;font-size: 12px\" \/><br \/>\n<span style=\"font-family: Verdana, Geneva, sans-serif;font-size: 12px\">Toitepinge 12V<\/span><br style=\"margin: 0px;padding: 0px;font-family: Verdana, Geneva, sans-serif;font-size: 12px\" \/><br \/>\n<span style=\"font-family: Verdana, Geneva, sans-serif;font-size: 12px\">Garantii 2 aastat<\/span><\/p>\n\n    <div class=\"xs_social_share_widget xs_share_url after_content \t\tmain_content  wslu-style-1 wslu-share-box-shaped wslu-fill-colored wslu-none wslu-share-horizontal wslu-theme-font-no wslu-main_content\">\n\n\t\t\n        <ul>\n\t\t\t        <\/ul>\n    <\/div>","protected":false},"excerpt":{"rendered":"<p>Need USA-s toodetud (seeria Endura C2) elektrilised paadimootorid ei ole k\u00f5ige populaarsemad ainult Leedus, vaid ka kogu maailmas. Tugevad, vaiksed, vastupidavad, h\u00f5lpsasti kasutatavad ja muidugi t\u00f6\u00f6kindlad Minn Kota mootorid on suurep\u00e4rane valik nii kaluritele kui ka puhkajatele. Minn Kota toob turule \u00fcha uuenduslikemaid tehnoloogiaid, mis vastavad ka k\u00f5ige n\u00f5udlikema kalameeste ootustele. Minn Kota Endura C2 [&hellip;]<\/p>\n","protected":false},"featured_media":64523,"template":"","meta":{"_uag_custom_page_level_css":""},"product_brand":[1649],"product_cat":[1228],"product_tag":[],"class_list":{"0":"post-13607","1":"product","2":"type-product","3":"status-publish","4":"has-post-thumbnail","6":"product_brand-minn-kota","7":"product_cat-mootorid","8":"product_shipping_class-suur","9":"pa_brand-minn-kota","11":"first","12":"outofstock","13":"sale","14":"taxable","15":"shipping-taxable","16":"purchasable","17":"product-type-simple"},"uagb_featured_image_src":{"full":["https:\/\/e-kalastus.b-cdn.net\/wp-content\/uploads\/2024\/07\/Electric-motor-minn-kota-endura-c2-34lbs-36.jpg",395,606,false],"thumbnail":["https:\/\/e-kalastus.b-cdn.net\/wp-content\/uploads\/2024\/07\/Electric-motor-minn-kota-endura-c2-34lbs-36-150x150.jpg",150,150,true],"medium":["https:\/\/e-kalastus.b-cdn.net\/wp-content\/uploads\/2024\/07\/Electric-motor-minn-kota-endura-c2-34lbs-36-300x300.jpg",300,300,true],"medium_large":["https:\/\/e-kalastus.b-cdn.net\/wp-content\/uploads\/2024\/07\/Electric-motor-minn-kota-endura-c2-34lbs-36-768x768.jpg",768,768,true],"large":["https:\/\/e-kalastus.b-cdn.net\/wp-content\/uploads\/2024\/07\/Electric-motor-minn-kota-endura-c2-34lbs-36-800x800.jpg",800,800,true],"1536x1536":["https:\/\/e-kalastus.b-cdn.net\/wp-content\/uploads\/2024\/07\/Electric-motor-minn-kota-endura-c2-34lbs-36.jpg",395,606,false],"2048x2048":["https:\/\/e-kalastus.b-cdn.net\/wp-content\/uploads\/2024\/07\/Electric-motor-minn-kota-endura-c2-34lbs-36.jpg",395,606,false],"woocommerce_thumbnail":["https:\/\/e-kalastus.b-cdn.net\/wp-content\/uploads\/2024\/07\/Electric-motor-minn-kota-endura-c2-34lbs-36-768x768.jpg",324,324,true],"woocommerce_single":["https:\/\/e-kalastus.b-cdn.net\/wp-content\/uploads\/2024\/07\/Electric-motor-minn-kota-endura-c2-34lbs-36.jpg",395,606,false],"woocommerce_gallery_thumbnail":["https:\/\/e-kalastus.b-cdn.net\/wp-content\/uploads\/2024\/07\/Electric-motor-minn-kota-endura-c2-34lbs-36-100x100.jpg",100,100,true]},"uagb_author_info":{"display_name":"adam.mrozek","author_link":"https:\/\/e-kalastus.ee\/author\/"},"uagb_comment_info":0,"uagb_excerpt":"Need USA-s toodetud (seeria Endura C2) elektrilised paadimootorid ei ole k\u00f5ige populaarsemad ainult Leedus, vaid ka kogu maailmas. Tugevad, vaiksed, vastupidavad, h\u00f5lpsasti kasutatavad ja muidugi t\u00f6\u00f6kindlad Minn Kota mootorid on suurep\u00e4rane valik nii kaluritele kui ka puhkajatele. Minn Kota toob turule \u00fcha uuenduslikemaid tehnoloogiaid, mis vastavad ka k\u00f5ige n\u00f5udlikema kalameeste ootustele. Minn Kota Endura C2&hellip;","_links":{"self":[{"href":"https:\/\/e-kalastus.ee\/wp-json\/wp\/v2\/product\/13607","targetHints":{"allow":["GET"]}}],"collection":[{"href":"https:\/\/e-kalastus.ee\/wp-json\/wp\/v2\/product"}],"about":[{"href":"https:\/\/e-kalastus.ee\/wp-json\/wp\/v2\/types\/product"}],"wp:featuredmedia":[{"embeddable":true,"href":"https:\/\/e-kalastus.ee\/wp-json\/wp\/v2\/media\/64523"}],"wp:attachment":[{"href":"https:\/\/e-kalastus.ee\/wp-json\/wp\/v2\/media?parent=13607"}],"wp:term":[{"taxonomy":"product_brand","embeddable":true,"href":"https:\/\/e-kalastus.ee\/wp-json\/wp\/v2\/product_brand?post=13607"},{"taxonomy":"product_cat","embeddable":true,"href":"https:\/\/e-kalastus.ee\/wp-json\/wp\/v2\/product_cat?post=13607"},{"taxonomy":"product_tag","embeddable":true,"href":"https:\/\/e-kalastus.ee\/wp-json\/wp\/v2\/product_tag?post=13607"}],"curies":[{"name":"wp","href":"https:\/\/api.w.org\/{rel}","templated":true}]}}