{"id":128692,"date":"2025-12-11T15:39:32","date_gmt":"2025-12-11T13:39:32","guid":{"rendered":"https:\/\/e-kalastus.ee\/toode\/kostuum-graff-warmguard-extreme-50c-220-o-b-4-l-176-182cm\/"},"modified":"2026-04-16T16:55:59","modified_gmt":"2026-04-16T13:55:59","slug":"kostuum-graff-warmguard-extreme-50c-220-o-b-4-l-176-182cm","status":"publish","type":"product","link":"https:\/\/e-kalastus.ee\/toode\/kostuum-graff-warmguard-extreme-50c-220-o-b-4-l-176-182cm\/","title":{"rendered":"Kost\u00fc\u00fcm Graff Warmguard Extreme -50C 220-O-B-4 L 176-182cm"},"content":{"rendered":"<p><\/p>\n<div class=\"flex flex-col text-sm pb-25\">\n<article class=\"text-token-text-primary w-full focus:outline-none [--shadow-height:45px] has-data-writing-block:pointer-events-none has-data-writing-block:-mt-(--shadow-height) has-data-writing-block:pt-(--shadow-height) [&amp;:has([data-writing-block])&gt;*]:pointer-events-auto scroll-mt-[calc(var(--header-height)+min(200px,max(70px,20svh)))]\" data-scroll-anchor=\"true\" data-testid=\"conversation-turn-26\" data-turn=\"assistant\" data-turn-id=\"request-WEB:2f45de43-b91b-4d24-b236-ed1b9d4589a3-21\" dir=\"auto\">\n<div class=\"text-base my-auto mx-auto pb-10 [--thread-content-margin:--spacing(4)] @w-sm\/main:[--thread-content-margin:--spacing(6)] @w-lg\/main:[--thread-content-margin:--spacing(16)] px-(--thread-content-margin)\">\n<div class=\"[--thread-content-max-width:40rem] @w-lg\/main:[--thread-content-max-width:48rem] mx-auto max-w-(--thread-content-max-width) flex-1 group\/turn-messages focus-visible:outline-hidden relative flex w-full min-w-0 flex-col agent-turn\">\n<div class=\"flex max-w-full flex-col grow\">\n<div class=\"min-h-8 text-message relative flex w-full flex-col items-end gap-2 text-start break-words whitespace-normal [.text-message+&amp;]:mt-1\" data-message-author-role=\"assistant\" data-message-id=\"6cda8d15-8bd6-46c4-b19d-2fe465e4b908\" data-message-model-slug=\"gpt-5-2\" dir=\"auto\">\n<div class=\"flex w-full flex-col gap-1 empty:hidden first:pt-[1px]\">\n<div class=\"markdown prose dark:prose-invert w-full wrap-break-word dark markdown-new-styling\">\n<p data-end=\"10\" data-start=\"0\"><strong data-end=\"8\" data-start=\"0\">Jope<\/strong><\/p>\n<ul data-end=\"558\" data-start=\"12\">\n<li data-end=\"80\" data-start=\"12\">\n<p data-end=\"80\" data-start=\"14\">3-kihiline BRATEX\u00ae membraan (25 000 mm H\u2082O \/ 20 000 g\/m\u00b2 \/ 24 h)<\/p>\n<\/li>\n<li data-end=\"103\" data-start=\"81\">\n<p data-end=\"103\" data-start=\"83\">SUBZERO\u00ae soojustus<\/p>\n<\/li>\n<li data-end=\"125\" data-start=\"104\">\n<p data-end=\"125\" data-start=\"106\">Teibitud \u00f5mblused<\/p>\n<\/li>\n<li data-end=\"161\" data-start=\"126\">\n<p data-end=\"161\" data-start=\"128\">Pealukk YKK\u00ae VISLON\u00ae AquaGuard\u00ae<\/p>\n<\/li>\n<li data-end=\"195\" data-start=\"162\">\n<p data-end=\"195\" data-start=\"164\">Mahukad taskud landikarpidele<\/p>\n<\/li>\n<li data-end=\"238\" data-start=\"196\">\n<p data-end=\"238\" data-start=\"198\">Kahekordne tormiklapp magnettrukkidega<\/p>\n<\/li>\n<li data-end=\"276\" data-start=\"239\">\n<p data-end=\"276\" data-start=\"241\">Veekindlate YKK\u00ae lukkudega taskud<\/p>\n<\/li>\n<li data-end=\"322\" data-start=\"277\">\n<p data-end=\"322\" data-start=\"279\">Sooja kootud voodriga k\u00e4tesoojendustaskud<\/p>\n<\/li>\n<li data-end=\"370\" data-start=\"323\">\n<p data-end=\"370\" data-start=\"325\">Sisemised varrukamansetid vee eest kaitseks<\/p>\n<\/li>\n<li data-end=\"450\" data-start=\"371\">\n<p data-end=\"450\" data-start=\"373\">Plastist kinnitusaasad lisatarvikutele (nt paadi turval\u00fcliti kinnitamiseks)<\/p>\n<\/li>\n<li data-end=\"480\" data-start=\"451\">\n<p data-end=\"480\" data-start=\"453\">S\u00fcgav kapuuts n\u00e4okaitsega<\/p>\n<\/li>\n<li data-end=\"515\" data-start=\"481\">\n<p data-end=\"515\" data-start=\"483\">Reguleeritav v\u00f6\u00f6koht ja all\u00e4\u00e4r<\/p>\n<\/li>\n<li data-end=\"558\" data-start=\"516\">\n<p data-end=\"558\" data-start=\"518\">Helkurelemendid turvalisuse tagamiseks<\/p>\n<\/li>\n<\/ul>\n<p data-end=\"572\" data-start=\"560\"><strong data-end=\"570\" data-start=\"560\">P\u00fcksid<\/strong><\/p>\n<ul data-end=\"1065\" data-is-last-node=\"\" data-is-only-node=\"\" data-start=\"574\">\n<li data-end=\"642\" data-start=\"574\">\n<p data-end=\"642\" data-start=\"576\">3-kihiline BRATEX\u00ae membraan (25 000 mm H\u2082O \/ 20 000 g\/m\u00b2 \/ 24 h)<\/p>\n<\/li>\n<li data-end=\"665\" data-start=\"643\">\n<p data-end=\"665\" data-start=\"645\">SUBZERO\u00ae soojustus<\/p>\n<\/li>\n<li data-end=\"687\" data-start=\"666\">\n<p data-end=\"687\" data-start=\"668\">Teibitud \u00f5mblused<\/p>\n<\/li>\n<li data-end=\"723\" data-start=\"688\">\n<p data-end=\"723\" data-start=\"690\">Pealukk YKK\u00ae VISLON\u00ae AquaGuard\u00ae<\/p>\n<\/li>\n<li data-end=\"750\" data-start=\"724\">\n<p data-end=\"750\" data-start=\"726\">Laiad elastsed traksid<\/p>\n<\/li>\n<li data-end=\"778\" data-start=\"751\">\n<p data-end=\"778\" data-start=\"753\">Takjakinnitusega taskud<\/p>\n<\/li>\n<li data-end=\"827\" data-start=\"779\">\n<p data-end=\"827\" data-start=\"781\">T\u00e4iendavad veekindlate YKK\u00ae lukkudega taskud<\/p>\n<\/li>\n<li data-end=\"887\" data-start=\"828\">\n<p data-end=\"887\" data-start=\"830\">Vastupidava materjaliga tugevdatud p\u00f5lve- ja istmikuosa<\/p>\n<\/li>\n<li data-end=\"930\" data-start=\"888\">\n<p data-end=\"930\" data-start=\"890\">Plastist kinnitusaasad lisatarvikutele<\/p>\n<\/li>\n<li data-end=\"996\" data-start=\"931\">\n<p data-end=\"996\" data-start=\"933\">Lukuga avatavad s\u00e4\u00e4reotsad lihtsamaks saabaste jalga panekuks<\/p>\n<\/li>\n<li data-end=\"1024\" data-start=\"997\">\n<p data-end=\"1024\" data-start=\"999\">Reguleeritav s\u00e4\u00e4relaius<\/p>\n<\/li>\n<li data-end=\"1065\" data-is-last-node=\"\" data-start=\"1025\">\n<p data-end=\"1065\" data-is-last-node=\"\" data-start=\"1027\">Helkurelemendid turvalisuse tagamiseks<\/p>\n<\/li>\n<\/ul>\n<\/div>\n<\/div>\n<\/div>\n<\/div>\n<div class=\"z-0 flex min-h-[46px] justify-start\">&nbsp;<\/div>\n<div class=\"mt-3 w-full empty:hidden\">\n<div class=\"text-center\">&nbsp;<\/div>\n<\/div>\n<\/div>\n<\/div>\n<\/article>\n<\/div>\n<div aria-hidden=\"true\" class=\"pointer-events-none h-px w-px absolute bottom-0\" data-edge=\"true\">&nbsp;<\/div>\n<p><\/p>\n\n    <div class=\"xs_social_share_widget xs_share_url after_content \t\tmain_content  wslu-style-1 wslu-share-box-shaped wslu-fill-colored wslu-none wslu-share-horizontal wslu-theme-font-no wslu-main_content\">\n\n\t\t\n        <ul>\n\t\t\t        <\/ul>\n    <\/div>","protected":false},"excerpt":{"rendered":"<p>WARMGUARD on erakordne talvekomplekt, mis tagab soojapidavuse ka \u00e4\u00e4rmuslikes temperatuurides kuni \u201350 \u00b0C. T\u00e4nu spetsiaalsele l\u00f5ikele ja kergele kaalule pakub see t\u00e4ielikku liikumisvabadust ning v\u00f5imaldab mugavalt tegeleda oma lemmiktegevustega. Komplekt on loodud inimestele, kes tegutsevad k\u00f5ige karmimates ilmastikutingimustes.<\/p>\n<p>3-kihiline BRATEX\u00ae membraan, millel on suurep\u00e4rane hingavus ja veekindlus (25 000 mm H\u2082O \/ 20 000 g\/m\u00b2 \/ 24 h), juhib t\u00f5husalt niiskuse eemale ning kaitseb vihma, lume ja tuule eest. Pealiskangas on kaetud DRY CARE\u00ae viimistlusega, mis laseb veel kangapinnalt maha voolata ja v\u00e4hendab mustuse nakkumist. HEAT COAT vooder toimib soojusisolaatorina, aidates t\u00f5husalt soojust s\u00e4ilitada.<\/p>\n<p>Komplekt on varustatud praktiliste taskute ja kinnitusaasadega ning helkurelemendid suurendavad n\u00e4htavust ja turvalisust kalastamisel v\u00f5i v\u00e4lit\u00f6\u00f6del.<\/p>\n","protected":false},"featured_media":128691,"template":"","meta":{"_uag_custom_page_level_css":""},"product_brand":[1513],"product_cat":[1218],"product_tag":[],"class_list":{"0":"post-128692","1":"product","2":"type-product","3":"status-publish","4":"has-post-thumbnail","6":"product_brand-graff","7":"product_cat-kostuumid","8":"pa_brand-graff","10":"first","11":"instock","12":"sale","13":"taxable","14":"shipping-taxable","15":"purchasable","16":"product-type-simple"},"uagb_featured_image_src":{"full":["https:\/\/e-kalastus.b-cdn.net\/wp-content\/uploads\/2025\/12\/image-44918.png",800,672,false],"thumbnail":["https:\/\/e-kalastus.b-cdn.net\/wp-content\/uploads\/2025\/12\/image-44918-150x150.png",150,150,true],"medium":["https:\/\/e-kalastus.b-cdn.net\/wp-content\/uploads\/2025\/12\/image-44918-300x252.png",300,252,true],"medium_large":["https:\/\/e-kalastus.b-cdn.net\/wp-content\/uploads\/2025\/12\/image-44918-768x645.png",768,645,true],"large":["https:\/\/e-kalastus.b-cdn.net\/wp-content\/uploads\/2025\/12\/image-44918.png",800,672,false],"1536x1536":["https:\/\/e-kalastus.b-cdn.net\/wp-content\/uploads\/2025\/12\/image-44918.png",800,672,false],"2048x2048":["https:\/\/e-kalastus.b-cdn.net\/wp-content\/uploads\/2025\/12\/image-44918.png",800,672,false],"woocommerce_thumbnail":["https:\/\/e-kalastus.b-cdn.net\/wp-content\/uploads\/2025\/12\/image-44918-324x324.png",324,324,true],"woocommerce_single":["https:\/\/e-kalastus.b-cdn.net\/wp-content\/uploads\/2025\/12\/image-44918.png",416,349,false],"woocommerce_gallery_thumbnail":["https:\/\/e-kalastus.b-cdn.net\/wp-content\/uploads\/2025\/12\/image-44918-100x100.png",100,100,true]},"uagb_author_info":{"display_name":"Sergei Voronin","author_link":"https:\/\/e-kalastus.ee\/author\/"},"uagb_comment_info":0,"uagb_excerpt":"WARMGUARD on erakordne talvekomplekt, mis tagab soojapidavuse ka \u00e4\u00e4rmuslikes temperatuurides kuni \u201350 \u00b0C. T\u00e4nu spetsiaalsele l\u00f5ikele ja kergele kaalule pakub see t\u00e4ielikku liikumisvabadust ning v\u00f5imaldab mugavalt tegeleda oma lemmiktegevustega. Komplekt on loodud inimestele, kes tegutsevad k\u00f5ige karmimates ilmastikutingimustes. 3-kihiline BRATEX\u00ae membraan, millel on suurep\u00e4rane hingavus ja veekindlus (25 000 mm H\u2082O \/ 20 000 g\/m\u00b2&hellip;","_links":{"self":[{"href":"https:\/\/e-kalastus.ee\/wp-json\/wp\/v2\/product\/128692","targetHints":{"allow":["GET"]}}],"collection":[{"href":"https:\/\/e-kalastus.ee\/wp-json\/wp\/v2\/product"}],"about":[{"href":"https:\/\/e-kalastus.ee\/wp-json\/wp\/v2\/types\/product"}],"wp:featuredmedia":[{"embeddable":true,"href":"https:\/\/e-kalastus.ee\/wp-json\/wp\/v2\/media\/128691"}],"wp:attachment":[{"href":"https:\/\/e-kalastus.ee\/wp-json\/wp\/v2\/media?parent=128692"}],"wp:term":[{"taxonomy":"product_brand","embeddable":true,"href":"https:\/\/e-kalastus.ee\/wp-json\/wp\/v2\/product_brand?post=128692"},{"taxonomy":"product_cat","embeddable":true,"href":"https:\/\/e-kalastus.ee\/wp-json\/wp\/v2\/product_cat?post=128692"},{"taxonomy":"product_tag","embeddable":true,"href":"https:\/\/e-kalastus.ee\/wp-json\/wp\/v2\/product_tag?post=128692"}],"curies":[{"name":"wp","href":"https:\/\/api.w.org\/{rel}","templated":true}]}}