{"id":126619,"date":"2025-10-13T15:10:36","date_gmt":"2025-10-13T12:10:36","guid":{"rendered":"https:\/\/e-kalastus.ee\/toode\/sunline-siglon-braided-line-x4-06-0132mm-45kg-150m-light-green\/"},"modified":"2026-03-30T14:28:39","modified_gmt":"2026-03-30T11:28:39","slug":"sunline-siglon-braided-line-x4-06-0132mm-45kg-150m-light-green","status":"publish","type":"product","link":"https:\/\/e-kalastus.ee\/fi\/tuotteet\/sunline-siglon-punottu-siima-x4-06-0132mm-45kg-150m-vaaleanvihrea\/","title":{"rendered":"Sunline Siglon Braided Line X4 #0,6 0,132mm 4,5kg 150m Vaaleanvihre\u00e4"},"content":{"rendered":"<p>T\u00e4m\u00e4 PE-siima on t\u00e4ysin uusi tuote, jonka Sunline on kehitt\u00e4nyt kansainv\u00e4lisille faneilleen ja asiakkailleen. Se on vahva punottu monilankainen kalastussiima, joka sopii kaiken tyyppisiin kalastustekniikoihin saavuttaen sek\u00e4 korkean vetolujuuden ett\u00e4 solmujen katkeamislujuuden. Se on my\u00f6s kest\u00e4v\u00e4 ja sill\u00e4 on minimaalinen veden imeytyminen. Sen huomattavasti py\u00f6re\u00e4mpi muoto on toinen t\u00e4rke\u00e4 ominaisuus, joka takaa erinomaisen sujuvuuden ja heittokyvyn. Sujuvuutensa ansiosta k\u00e4ytt\u00f6 on eritt\u00e4in helppoa ja nautinnollista. Sunlinen tavoitteena on tarjota jokaiselle kalastajalle iloa ja tyydytyst\u00e4 kalastuksesta.<\/p>\n\n    <div class=\"xs_social_share_widget xs_share_url after_content \t\tmain_content  wslu-style-1 wslu-share-box-shaped wslu-fill-colored wslu-none wslu-share-horizontal wslu-theme-font-no wslu-main_content\">\n\n\t\t\n        <ul>\n\t\t\t        <\/ul>\n    <\/div>","protected":false},"excerpt":{"rendered":"<p>\u25cf Tiiviisti punottu ja eritt\u00e4in laadukas PE-kalastussiima<br \/>\n\u25cf Erinomainen lankalujuus ja solmulujuus<br \/>\n\u25cf Korkea kulutuskest\u00e4vyys ja vahva vetolujuus<br \/>\n\u25cf Erinomainen sujuvuus ja joustavuus<br \/>\n\u25cf Helppo k\u00e4ytt\u00e4\u00e4<\/p>\n","protected":false},"featured_media":126618,"template":"","meta":{"_uag_custom_page_level_css":""},"product_brand":[1524],"product_cat":[1158],"product_tag":[],"class_list":{"0":"post-126619","1":"product","2":"type-product","3":"status-publish","4":"has-post-thumbnail","6":"product_brand-sunline","7":"product_cat-noorid","8":"pa_brand-sunline","10":"first","11":"instock","12":"taxable","13":"shipping-taxable","14":"purchasable","15":"product-type-simple"},"uagb_featured_image_src":{"full":["https:\/\/e-kalastus.b-cdn.net\/wp-content\/uploads\/2025\/10\/sunline-siglon-pe-x-4.jpg",800,800,false],"thumbnail":["https:\/\/e-kalastus.b-cdn.net\/wp-content\/uploads\/2025\/10\/sunline-siglon-pe-x-4-150x150.jpg",150,150,true],"medium":["https:\/\/e-kalastus.b-cdn.net\/wp-content\/uploads\/2025\/10\/sunline-siglon-pe-x-4-300x300.jpg",300,300,true],"medium_large":["https:\/\/e-kalastus.b-cdn.net\/wp-content\/uploads\/2025\/10\/sunline-siglon-pe-x-4-768x768.jpg",768,768,true],"large":["https:\/\/e-kalastus.b-cdn.net\/wp-content\/uploads\/2025\/10\/sunline-siglon-pe-x-4.jpg",800,800,false],"1536x1536":["https:\/\/e-kalastus.b-cdn.net\/wp-content\/uploads\/2025\/10\/sunline-siglon-pe-x-4.jpg",800,800,false],"2048x2048":["https:\/\/e-kalastus.b-cdn.net\/wp-content\/uploads\/2025\/10\/sunline-siglon-pe-x-4.jpg",800,800,false],"woocommerce_thumbnail":["https:\/\/e-kalastus.b-cdn.net\/wp-content\/uploads\/2025\/10\/sunline-siglon-pe-x-4-768x768.jpg",324,324,true],"woocommerce_single":["https:\/\/e-kalastus.b-cdn.net\/wp-content\/uploads\/2025\/10\/sunline-siglon-pe-x-4.jpg",416,416,false],"woocommerce_gallery_thumbnail":["https:\/\/e-kalastus.b-cdn.net\/wp-content\/uploads\/2025\/10\/sunline-siglon-pe-x-4-100x100.jpg",100,100,true]},"uagb_author_info":{"display_name":"Roman Jakovlev","author_link":"https:\/\/e-kalastus.ee\/fi\/author\/"},"uagb_comment_info":0,"uagb_excerpt":"\u25cf Tiiviisti punottu ja eritt\u00e4in laadukas PE-kalastussiima \u25cf Erinomainen lankalujuus ja solmulujuus \u25cf Korkea kulutuskest\u00e4vyys ja vahva vetolujuus \u25cf Erinomainen sujuvuus ja joustavuus \u25cf Helppo k\u00e4ytt\u00e4\u00e4","_links":{"self":[{"href":"https:\/\/e-kalastus.ee\/fi\/wp-json\/wp\/v2\/product\/126619","targetHints":{"allow":["GET"]}}],"collection":[{"href":"https:\/\/e-kalastus.ee\/fi\/wp-json\/wp\/v2\/product"}],"about":[{"href":"https:\/\/e-kalastus.ee\/fi\/wp-json\/wp\/v2\/types\/product"}],"wp:featuredmedia":[{"embeddable":true,"href":"https:\/\/e-kalastus.ee\/fi\/wp-json\/wp\/v2\/media\/126618"}],"wp:attachment":[{"href":"https:\/\/e-kalastus.ee\/fi\/wp-json\/wp\/v2\/media?parent=126619"}],"wp:term":[{"taxonomy":"product_brand","embeddable":true,"href":"https:\/\/e-kalastus.ee\/fi\/wp-json\/wp\/v2\/product_brand?post=126619"},{"taxonomy":"product_cat","embeddable":true,"href":"https:\/\/e-kalastus.ee\/fi\/wp-json\/wp\/v2\/product_cat?post=126619"},{"taxonomy":"product_tag","embeddable":true,"href":"https:\/\/e-kalastus.ee\/fi\/wp-json\/wp\/v2\/product_tag?post=126619"}],"curies":[{"name":"wp","href":"https:\/\/api.w.org\/{rel}","templated":true}]}}