{"id":124655,"date":"2025-09-10T18:35:35","date_gmt":"2025-09-10T15:35:35","guid":{"rendered":"https:\/\/e-kalastus.ee\/toode\/frapp-gekoslug-9-23cm-43g-pal18\/"},"modified":"2026-04-10T15:44:53","modified_gmt":"2026-04-10T12:44:53","slug":"frapp-gekoslug-9-23cm-43g-pal18","status":"publish","type":"product","link":"https:\/\/e-kalastus.ee\/toode\/frapp-gekoslug-9-23cm-43g-pal18\/","title":{"rendered":"Frapp Gekoslug 9&#8243; 23cm 43g #PAL18"},"content":{"rendered":"<p><\/p>\n<p><span style=\"background-color:transparent;color:#000000\"><strong>Gekoslug<\/strong> on uus lant FRAPP-i valikus, millel on lai animatsiooniv\u00f5imaluste spekter ning mis on kohandatud t\u00e4psete visete tegemiseks.<\/span><\/p>\n<p><span style=\"background-color:transparent;color:#000000\">\u201eScaly\u201c Geko edust innustatuna l\u00f5i Frappi meeskond koost\u00f6\u00f6s Andrey Pitertsoviga loogilise j\u00e4tku \u2013 landi, mis on eelk\u00f5ige m\u00f5eldud pelagiaalseks p\u00fc\u00fcgiks elusonaritega ning passiivsete r\u00f6\u00f6vkala p\u00fc\u00fcdmiseks.<\/span><\/p>\n<p><span style=\"background-color:transparent;color:#000000\">Gekoslug on \u00fcmara esiosaga, reljeefse \u201esoomuselise\u201c pinnaga ning painduva V-kujulise sabaga lant.<\/span><\/p>\n<p><span style=\"background-color:transparent;color:#000000\">Komplektis on m\u00fcrakapslid.<\/span><\/p>\n<p><span style=\"background-color:transparent;color:#000000\"><strong>Omadused<\/strong><\/span><\/p>\n<ul>\n<li><span style=\"background-color:transparent;color:#000000\">Kolm suurust: 7\u2033, 8\u2033 ja 9\u2033 tolli.<\/span>\n<p>&nbsp;<\/li>\n<li><span style=\"background-color:transparent;color:#000000\">\u201ePassiivne\u201c lant erinevatesse tingimustesse.<\/span>\n<p>&nbsp;<\/li>\n<li><span style=\"background-color:transparent;color:#000000\">M\u00fcrakapslid komplektis.<\/span>\n<p>&nbsp;<\/li>\n<li><span style=\"background-color:transparent;color:#000000\">\u00dcmar esiosa kuju.<\/span>\n<p>&nbsp;<\/li>\n<li><span style=\"background-color:transparent;color:#000000\">T\u00e4psed visked.<\/span>\n<p>&nbsp;<\/li>\n<li><span style=\"background-color:transparent;color:#000000\">Geko \u201esoomuseline\u201c pind.<\/span>\n<p>&nbsp;<\/li>\n<li><span style=\"background-color:transparent;color:#000000\">L\u00e4bim\u00f5eldud v\u00e4rvivalik.<\/span>\n<p>&nbsp;<\/li>\n<li><span style=\"background-color:transparent;color:#000000\">Igas blisterpakis 2 tk igas suuruses.<\/span>\n<p>&nbsp;<\/li>\n<li><span style=\"background-color:transparent;color:#000000\"><strong>PAL-i heakskiidetud.<\/strong><\/span><\/li>\n<\/ul>\n<p><\/p>\n\n    <div class=\"xs_social_share_widget xs_share_url after_content \t\tmain_content  wslu-style-1 wslu-share-box-shaped wslu-fill-colored wslu-none wslu-share-horizontal wslu-theme-font-no wslu-main_content\">\n\n\t\t\n        <ul>\n\t\t\t        <\/ul>\n    <\/div>","protected":false},"excerpt":{"rendered":"<p>Gekoslug \u2013 FRAPP-i uus pehme lant, mille \u00fcmara esiosa, soomuselise pinna, V-kujulise saba ja m\u00fcrakapslite kooslus teeb sellest ideaalse valiku t\u00e4pseks pelagiaalseks p\u00fc\u00fcgiks ka passiivsete r\u00f6\u00f6vkala p\u00fc\u00fcdmisel.<\/p>\n","protected":false},"featured_media":124654,"template":"","meta":{"_uag_custom_page_level_css":""},"product_brand":[1512],"product_cat":[1394],"product_tag":[],"class_list":{"0":"post-124655","1":"product","2":"type-product","3":"status-publish","4":"has-post-thumbnail","6":"product_brand-frapp","7":"product_cat-gekoslug","8":"pa_brand-frapp","10":"first","11":"instock","12":"taxable","13":"shipping-taxable","14":"purchasable","15":"product-type-simple"},"uagb_featured_image_src":{"full":["https:\/\/e-kalastus.b-cdn.net\/wp-content\/uploads\/2025\/09\/image-42496.png",1000,1000,false],"thumbnail":["https:\/\/e-kalastus.b-cdn.net\/wp-content\/uploads\/2025\/09\/image-42496-150x150.png",150,150,true],"medium":["https:\/\/e-kalastus.b-cdn.net\/wp-content\/uploads\/2025\/09\/image-42496-300x300.png",300,300,true],"medium_large":["https:\/\/e-kalastus.b-cdn.net\/wp-content\/uploads\/2025\/09\/image-42496-768x768.png",768,768,true],"large":["https:\/\/e-kalastus.b-cdn.net\/wp-content\/uploads\/2025\/09\/image-42496-800x800.png",800,800,true],"1536x1536":["https:\/\/e-kalastus.b-cdn.net\/wp-content\/uploads\/2025\/09\/image-42496.png",1000,1000,false],"2048x2048":["https:\/\/e-kalastus.b-cdn.net\/wp-content\/uploads\/2025\/09\/image-42496.png",1000,1000,false],"woocommerce_thumbnail":["https:\/\/e-kalastus.b-cdn.net\/wp-content\/uploads\/2025\/09\/image-42496-768x768.png",324,324,true],"woocommerce_single":["https:\/\/e-kalastus.b-cdn.net\/wp-content\/uploads\/2025\/09\/image-42496-768x768.png",416,416,true],"woocommerce_gallery_thumbnail":["https:\/\/e-kalastus.b-cdn.net\/wp-content\/uploads\/2025\/09\/image-42496-100x100.png",100,100,true]},"uagb_author_info":{"display_name":"Roman Jakovlev","author_link":"https:\/\/e-kalastus.ee\/author\/"},"uagb_comment_info":0,"uagb_excerpt":"Gekoslug \u2013 FRAPP-i uus pehme lant, mille \u00fcmara esiosa, soomuselise pinna, V-kujulise saba ja m\u00fcrakapslite kooslus teeb sellest ideaalse valiku t\u00e4pseks pelagiaalseks p\u00fc\u00fcgiks ka passiivsete r\u00f6\u00f6vkala p\u00fc\u00fcdmisel.","_links":{"self":[{"href":"https:\/\/e-kalastus.ee\/wp-json\/wp\/v2\/product\/124655","targetHints":{"allow":["GET"]}}],"collection":[{"href":"https:\/\/e-kalastus.ee\/wp-json\/wp\/v2\/product"}],"about":[{"href":"https:\/\/e-kalastus.ee\/wp-json\/wp\/v2\/types\/product"}],"wp:featuredmedia":[{"embeddable":true,"href":"https:\/\/e-kalastus.ee\/wp-json\/wp\/v2\/media\/124654"}],"wp:attachment":[{"href":"https:\/\/e-kalastus.ee\/wp-json\/wp\/v2\/media?parent=124655"}],"wp:term":[{"taxonomy":"product_brand","embeddable":true,"href":"https:\/\/e-kalastus.ee\/wp-json\/wp\/v2\/product_brand?post=124655"},{"taxonomy":"product_cat","embeddable":true,"href":"https:\/\/e-kalastus.ee\/wp-json\/wp\/v2\/product_cat?post=124655"},{"taxonomy":"product_tag","embeddable":true,"href":"https:\/\/e-kalastus.ee\/wp-json\/wp\/v2\/product_tag?post=124655"}],"curies":[{"name":"wp","href":"https:\/\/api.w.org\/{rel}","templated":true}]}}