{"id":1159,"date":"2023-08-09T13:11:55","date_gmt":"2023-08-09T10:11:55","guid":{"rendered":"https:\/\/e-kalastus.ee\/toode\/kasiong-akara-samurai-4m-bolognese-test-10-30g\/"},"modified":"2026-03-30T14:19:10","modified_gmt":"2026-03-30T11:19:10","slug":"kasiong-akara-samurai-4m-bolognese-test-10-30g","status":"publish","type":"product","link":"https:\/\/e-kalastus.ee\/toode\/kasiong-akara-samurai-4m-bolognese-test-10-30g\/","title":{"rendered":"Akara Samurai Bolo 4m 10-30g"},"content":{"rendered":"\n    <div class=\"xs_social_share_widget xs_share_url after_content \t\tmain_content  wslu-style-1 wslu-share-box-shaped wslu-fill-colored wslu-none wslu-share-horizontal wslu-theme-font-no wslu-main_content\">\n\n\t\t\n        <ul>\n\t\t\t        <\/ul>\n    <\/div> \n","protected":false},"excerpt":{"rendered":"<p>Akara Samurai Bolo seeria on bolonese-t\u00fc\u00fcpi teleskoopridvade seeria, mis on valmistatud k\u00f5rge kvaliteediga s\u00fcsinikkiust. Ridvad on kergekaalulised, tundlikud ja h\u00e4sti tasakaalustatud. Need on varustatud sujuva liinijooksu tagavate r\u00f5ngaste ning kiiresti eemaldatava rullikinnitusega, sobides universaalseks ujukip\u00fc\u00fcgiks nii j\u00e4rvedes kui j\u00f5gedes.<\/p>\n","protected":false},"featured_media":67158,"template":"","meta":{"_uag_custom_page_level_css":""},"product_brand":[915],"product_cat":[1282],"product_tag":[],"class_list":{"0":"post-1159","1":"product","2":"type-product","3":"status-publish","4":"has-post-thumbnail","6":"product_brand-akara","7":"product_cat-kasiong","8":"product_shipping_class-suur","9":"pa_brand-akara","10":"pa_pikkus-3-4m","12":"first","13":"instock","14":"sale","15":"taxable","16":"shipping-taxable","17":"purchasable","18":"product-type-simple"},"uagb_featured_image_src":{"full":["https:\/\/e-kalastus.b-cdn.net\/wp-content\/uploads\/2024\/07\/24567669-ak-samuraibolo-tx30-e04d48077d7eab65.jpg",710,267,false],"thumbnail":["https:\/\/e-kalastus.b-cdn.net\/wp-content\/uploads\/2024\/07\/24567669-ak-samuraibolo-tx30-e04d48077d7eab65-150x150.jpg",150,150,true],"medium":["https:\/\/e-kalastus.b-cdn.net\/wp-content\/uploads\/2024\/07\/24567669-ak-samuraibolo-tx30-e04d48077d7eab65-300x300.jpg",300,300,true],"medium_large":["https:\/\/e-kalastus.b-cdn.net\/wp-content\/uploads\/2024\/07\/24567669-ak-samuraibolo-tx30-e04d48077d7eab65-768x768.jpg",768,768,true],"large":["https:\/\/e-kalastus.b-cdn.net\/wp-content\/uploads\/2024\/07\/24567669-ak-samuraibolo-tx30-e04d48077d7eab65-800x800.jpg",800,800,true],"1536x1536":["https:\/\/e-kalastus.b-cdn.net\/wp-content\/uploads\/2024\/07\/24567669-ak-samuraibolo-tx30-e04d48077d7eab65.jpg",710,267,false],"2048x2048":["https:\/\/e-kalastus.b-cdn.net\/wp-content\/uploads\/2024\/07\/24567669-ak-samuraibolo-tx30-e04d48077d7eab65.jpg",710,267,false],"woocommerce_thumbnail":["https:\/\/e-kalastus.b-cdn.net\/wp-content\/uploads\/2024\/07\/24567669-ak-samuraibolo-tx30-e04d48077d7eab65-768x768.jpg",324,324,true],"woocommerce_single":["https:\/\/e-kalastus.b-cdn.net\/wp-content\/uploads\/2024\/07\/24567669-ak-samuraibolo-tx30-e04d48077d7eab65.jpg",416,156,false],"woocommerce_gallery_thumbnail":["https:\/\/e-kalastus.b-cdn.net\/wp-content\/uploads\/2024\/07\/24567669-ak-samuraibolo-tx30-e04d48077d7eab65-100x100.jpg",100,100,true]},"uagb_author_info":{"display_name":"adam.mrozek","author_link":"https:\/\/e-kalastus.ee\/author\/"},"uagb_comment_info":0,"uagb_excerpt":"Akara Samurai Bolo seeria on bolonese-t\u00fc\u00fcpi teleskoopridvade seeria, mis on valmistatud k\u00f5rge kvaliteediga s\u00fcsinikkiust. Ridvad on kergekaalulised, tundlikud ja h\u00e4sti tasakaalustatud. Need on varustatud sujuva liinijooksu tagavate r\u00f5ngaste ning kiiresti eemaldatava rullikinnitusega, sobides universaalseks ujukip\u00fc\u00fcgiks nii j\u00e4rvedes kui j\u00f5gedes.","_links":{"self":[{"href":"https:\/\/e-kalastus.ee\/wp-json\/wp\/v2\/product\/1159","targetHints":{"allow":["GET"]}}],"collection":[{"href":"https:\/\/e-kalastus.ee\/wp-json\/wp\/v2\/product"}],"about":[{"href":"https:\/\/e-kalastus.ee\/wp-json\/wp\/v2\/types\/product"}],"wp:featuredmedia":[{"embeddable":true,"href":"https:\/\/e-kalastus.ee\/wp-json\/wp\/v2\/media\/67158"}],"wp:attachment":[{"href":"https:\/\/e-kalastus.ee\/wp-json\/wp\/v2\/media?parent=1159"}],"wp:term":[{"taxonomy":"product_brand","embeddable":true,"href":"https:\/\/e-kalastus.ee\/wp-json\/wp\/v2\/product_brand?post=1159"},{"taxonomy":"product_cat","embeddable":true,"href":"https:\/\/e-kalastus.ee\/wp-json\/wp\/v2\/product_cat?post=1159"},{"taxonomy":"product_tag","embeddable":true,"href":"https:\/\/e-kalastus.ee\/wp-json\/wp\/v2\/product_tag?post=1159"}],"curies":[{"name":"wp","href":"https:\/\/api.w.org\/{rel}","templated":true}]}}