{"id":1148,"date":"2023-08-09T13:11:48","date_gmt":"2023-08-09T10:11:48","guid":{"rendered":"https:\/\/e-kalastus.ee\/toode\/kasiong-akara-samurai-6m-bolognese-test-10-30g\/"},"modified":"2026-03-30T15:21:21","modified_gmt":"2026-03-30T12:21:21","slug":"kasiong-akara-samurai-6m-bolognese-test-10-30g","status":"publish","type":"product","link":"https:\/\/e-kalastus.ee\/fi\/tuotteet\/akara-samurai-bolo-6m-10-30g-bolognese-teleskooppivapa\/","title":{"rendered":"Akara Samurai Bolo 6m 10-30g"},"content":{"rendered":"\n    <div class=\"xs_social_share_widget xs_share_url after_content \t\tmain_content  wslu-style-1 wslu-share-box-shaped wslu-fill-colored wslu-none wslu-share-horizontal wslu-theme-font-no wslu-main_content\">\n\n\t\t\n        <ul>\n\t\t\t        <\/ul>\n    <\/div> \n","protected":false},"excerpt":{"rendered":"<p>Akara Samurai Bolo -sarja on Bolognese-tyyppisten teleskooppivapojen sarja, joka on valmistettu korkealaatuisesta hiilikuidusta. Vavat ovat kevyit\u00e4, herkki\u00e4 ja hyvin tasapainoisia. Ne on varustettu renkailla, jotka varmistavat sulavan siiman kulun, sek\u00e4 nopeasti irrotettavalla kelakiinnikkeell\u00e4, mik\u00e4 tekee niist\u00e4 sopivan universaaleiksi kellukekalastukseen sek\u00e4 j\u00e4rviss\u00e4 ett\u00e4 joissa.<\/p>\n","protected":false},"featured_media":70532,"template":"","meta":{"_uag_custom_page_level_css":""},"product_brand":[915],"product_cat":[1282],"product_tag":[],"class_list":{"0":"post-1148","1":"product","2":"type-product","3":"status-publish","4":"has-post-thumbnail","6":"product_brand-akara","7":"product_cat-kasiong","8":"product_shipping_class-suur","9":"pa_brand-akara","10":"pa_pikkus-5-7m","12":"first","13":"instock","14":"sale","15":"taxable","16":"shipping-taxable","17":"purchasable","18":"product-type-simple"},"uagb_featured_image_src":{"full":["https:\/\/e-kalastus.b-cdn.net\/wp-content\/uploads\/2024\/07\/24567669-ak-samuraibolo-tx30-e04d48077d7eab65-3.jpg",710,267,false],"thumbnail":["https:\/\/e-kalastus.b-cdn.net\/wp-content\/uploads\/2024\/07\/24567669-ak-samuraibolo-tx30-e04d48077d7eab65-3-150x150.jpg",150,150,true],"medium":["https:\/\/e-kalastus.b-cdn.net\/wp-content\/uploads\/2024\/07\/24567669-ak-samuraibolo-tx30-e04d48077d7eab65-3-300x300.jpg",300,300,true],"medium_large":["https:\/\/e-kalastus.b-cdn.net\/wp-content\/uploads\/2024\/07\/24567669-ak-samuraibolo-tx30-e04d48077d7eab65-3-768x768.jpg",768,768,true],"large":["https:\/\/e-kalastus.b-cdn.net\/wp-content\/uploads\/2024\/07\/24567669-ak-samuraibolo-tx30-e04d48077d7eab65-3-800x800.jpg",800,800,true],"1536x1536":["https:\/\/e-kalastus.b-cdn.net\/wp-content\/uploads\/2024\/07\/24567669-ak-samuraibolo-tx30-e04d48077d7eab65-3.jpg",710,267,false],"2048x2048":["https:\/\/e-kalastus.b-cdn.net\/wp-content\/uploads\/2024\/07\/24567669-ak-samuraibolo-tx30-e04d48077d7eab65-3.jpg",710,267,false],"woocommerce_thumbnail":["https:\/\/e-kalastus.b-cdn.net\/wp-content\/uploads\/2024\/07\/24567669-ak-samuraibolo-tx30-e04d48077d7eab65-3-768x768.jpg",324,324,true],"woocommerce_single":["https:\/\/e-kalastus.b-cdn.net\/wp-content\/uploads\/2024\/07\/24567669-ak-samuraibolo-tx30-e04d48077d7eab65-3.jpg",416,156,false],"woocommerce_gallery_thumbnail":["https:\/\/e-kalastus.b-cdn.net\/wp-content\/uploads\/2024\/07\/24567669-ak-samuraibolo-tx30-e04d48077d7eab65-3-100x100.jpg",100,100,true]},"uagb_author_info":{"display_name":"adam.mrozek","author_link":"https:\/\/e-kalastus.ee\/fi\/author\/"},"uagb_comment_info":0,"uagb_excerpt":"Akara Samurai Bolo -sarja on Bolognese-tyyppisten teleskooppivapojen sarja, joka on valmistettu korkealaatuisesta hiilikuidusta. Vavat ovat kevyit\u00e4, herkki\u00e4 ja hyvin tasapainoisia. Ne on varustettu renkailla, jotka varmistavat sulavan siiman kulun, sek\u00e4 nopeasti irrotettavalla kelakiinnikkeell\u00e4, mik\u00e4 tekee niist\u00e4 sopivan universaaleiksi kellukekalastukseen sek\u00e4 j\u00e4rviss\u00e4 ett\u00e4 joissa.","_links":{"self":[{"href":"https:\/\/e-kalastus.ee\/fi\/wp-json\/wp\/v2\/product\/1148","targetHints":{"allow":["GET"]}}],"collection":[{"href":"https:\/\/e-kalastus.ee\/fi\/wp-json\/wp\/v2\/product"}],"about":[{"href":"https:\/\/e-kalastus.ee\/fi\/wp-json\/wp\/v2\/types\/product"}],"wp:featuredmedia":[{"embeddable":true,"href":"https:\/\/e-kalastus.ee\/fi\/wp-json\/wp\/v2\/media\/70532"}],"wp:attachment":[{"href":"https:\/\/e-kalastus.ee\/fi\/wp-json\/wp\/v2\/media?parent=1148"}],"wp:term":[{"taxonomy":"product_brand","embeddable":true,"href":"https:\/\/e-kalastus.ee\/fi\/wp-json\/wp\/v2\/product_brand?post=1148"},{"taxonomy":"product_cat","embeddable":true,"href":"https:\/\/e-kalastus.ee\/fi\/wp-json\/wp\/v2\/product_cat?post=1148"},{"taxonomy":"product_tag","embeddable":true,"href":"https:\/\/e-kalastus.ee\/fi\/wp-json\/wp\/v2\/product_tag?post=1148"}],"curies":[{"name":"wp","href":"https:\/\/api.w.org\/{rel}","templated":true}]}}