{"id":113321,"date":"2025-08-03T16:27:44","date_gmt":"2025-08-03T13:27:44","guid":{"rendered":"https:\/\/e-kalastus.ee\/toode\/kuivlisand-traper-champion-activator-bream-skimmer-roachdiechub-300g-01033\/"},"modified":"2026-04-16T15:50:22","modified_gmt":"2026-04-16T12:50:22","slug":"kuivlisand-traper-champion-activator-bream-skimmer-roachdiechub-300g-01033","status":"publish","type":"product","link":"https:\/\/e-kalastus.ee\/toode\/kuivlisand-traper-champion-activator-bream-skimmer-roachdiechub-300g-01033\/","title":{"rendered":"Kuivlisand Traper Champion Activator Bream, Skimmer, Roach,Die,Chub 300g 01033"},"content":{"rendered":"\n    <div class=\"xs_social_share_widget xs_share_url after_content \t\tmain_content  wslu-style-1 wslu-share-box-shaped wslu-fill-colored wslu-none wslu-share-horizontal wslu-theme-font-no wslu-main_content\">\n\n\t\t\n        <ul>\n\t\t\t        <\/ul>\n    <\/div> \n","protected":false},"excerpt":{"rendered":"<p>GOLD Aktivaator 300g Expert on kontsentreeritud aroomiga pulbriline lisand s\u00f6\u00f6dale.<\/p>\n<p>&#8220;Gold&#8221; sarja s\u00f6\u00f6dalisaained on v\u00e4lja t\u00f6\u00f6tatud ettev\u00f5tte ekspertide poolt, et t\u00f5hustada &#8220;Gold&#8221; sarja s\u00f6\u00f6ta. Aktivaatorite ja Aromix&#8217;i l\u00f5hnad on peaaegu identsed s\u00f6\u00f6da aroomidega, kuid \u00fche erinevusega \u2013 need on kontsentreeritumad ja suudavad suurendada kalade ligimeelitamise ala.<\/p>\n","protected":false},"featured_media":113319,"template":"","meta":{"_uag_custom_page_level_css":""},"product_brand":[1522],"product_cat":[1187],"product_tag":[],"class_list":{"0":"post-113321","1":"product","2":"type-product","3":"status-publish","4":"has-post-thumbnail","6":"product_brand-traper","7":"product_cat-kuivlisandid","8":"pa_brand-traper","10":"first","11":"instock","12":"sale","13":"taxable","14":"shipping-taxable","15":"purchasable","16":"product-type-simple"},"uagb_featured_image_src":{"full":["https:\/\/e-kalastus.b-cdn.net\/wp-content\/uploads\/2025\/08\/image-40551.png",900,600,false],"thumbnail":["https:\/\/e-kalastus.b-cdn.net\/wp-content\/uploads\/2025\/08\/image-40551-150x150.png",150,150,true],"medium":["https:\/\/e-kalastus.b-cdn.net\/wp-content\/uploads\/2025\/08\/image-40551-300x200.png",300,200,true],"medium_large":["https:\/\/e-kalastus.b-cdn.net\/wp-content\/uploads\/2025\/08\/image-40551-768x512.png",768,512,true],"large":["https:\/\/e-kalastus.b-cdn.net\/wp-content\/uploads\/2025\/08\/image-40551-800x533.png",800,533,true],"1536x1536":["https:\/\/e-kalastus.b-cdn.net\/wp-content\/uploads\/2025\/08\/image-40551.png",900,600,false],"2048x2048":["https:\/\/e-kalastus.b-cdn.net\/wp-content\/uploads\/2025\/08\/image-40551.png",900,600,false],"woocommerce_thumbnail":["https:\/\/e-kalastus.b-cdn.net\/wp-content\/uploads\/2025\/08\/image-40551-324x324.png",324,324,true],"woocommerce_single":["https:\/\/e-kalastus.b-cdn.net\/wp-content\/uploads\/2025\/08\/image-40551-768x512.png",416,277,true],"woocommerce_gallery_thumbnail":["https:\/\/e-kalastus.b-cdn.net\/wp-content\/uploads\/2025\/08\/image-40551-100x100.png",100,100,true]},"uagb_author_info":{"display_name":"Roman Jakovlev","author_link":"https:\/\/e-kalastus.ee\/author\/"},"uagb_comment_info":0,"uagb_excerpt":"GOLD Aktivaator 300g Expert on kontsentreeritud aroomiga pulbriline lisand s\u00f6\u00f6dale. \"Gold\" sarja s\u00f6\u00f6dalisaained on v\u00e4lja t\u00f6\u00f6tatud ettev\u00f5tte ekspertide poolt, et t\u00f5hustada \"Gold\" sarja s\u00f6\u00f6ta. Aktivaatorite ja Aromix'i l\u00f5hnad on peaaegu identsed s\u00f6\u00f6da aroomidega, kuid \u00fche erinevusega \u2013 need on kontsentreeritumad ja suudavad suurendada kalade ligimeelitamise ala.","_links":{"self":[{"href":"https:\/\/e-kalastus.ee\/wp-json\/wp\/v2\/product\/113321","targetHints":{"allow":["GET"]}}],"collection":[{"href":"https:\/\/e-kalastus.ee\/wp-json\/wp\/v2\/product"}],"about":[{"href":"https:\/\/e-kalastus.ee\/wp-json\/wp\/v2\/types\/product"}],"wp:featuredmedia":[{"embeddable":true,"href":"https:\/\/e-kalastus.ee\/wp-json\/wp\/v2\/media\/113319"}],"wp:attachment":[{"href":"https:\/\/e-kalastus.ee\/wp-json\/wp\/v2\/media?parent=113321"}],"wp:term":[{"taxonomy":"product_brand","embeddable":true,"href":"https:\/\/e-kalastus.ee\/wp-json\/wp\/v2\/product_brand?post=113321"},{"taxonomy":"product_cat","embeddable":true,"href":"https:\/\/e-kalastus.ee\/wp-json\/wp\/v2\/product_cat?post=113321"},{"taxonomy":"product_tag","embeddable":true,"href":"https:\/\/e-kalastus.ee\/wp-json\/wp\/v2\/product_tag?post=113321"}],"curies":[{"name":"wp","href":"https:\/\/api.w.org\/{rel}","templated":true}]}}