{"id":113149,"date":"2025-08-03T16:26:17","date_gmt":"2025-08-03T13:26:17","guid":{"rendered":"https:\/\/e-kalastus.ee\/toode\/noor-daiwa-uvf-durasensor-si2-0065mm-015-13kg-150m-pink\/"},"modified":"2026-03-30T14:15:37","modified_gmt":"2026-03-30T11:15:37","slug":"noor-daiwa-uvf-durasensor-si2-0065mm-015-13kg-150m-pink","status":"publish","type":"product","link":"https:\/\/e-kalastus.ee\/toode\/noor-daiwa-uvf-durasensor-si2-0065mm-015-13kg-150m-pink\/","title":{"rendered":"Daiwa UVF Durasensor Si2 0,065mm #0,15 1,3kg 150m #Pink"},"content":{"rendered":"<p>\u25a0 Muscle PE<br \/>\n* Tihedalt kootud PE-disain. T\u00e4nu tihedale koematerjalile (v\u00f5rreldes meie ettev\u00f5tte toodetega) on niidi kvaliteet oluliselt parem ja see on probleemivaba.<br \/>\n\u201eH\u00f5\u00f5rdumiskindel \/ Parem vastupidavus \/ V\u00e4hem m\u00fcra \/ Suurem lennudistants\u201d<br \/>\n(Suurep\u00e4rase kulumiskindlusega Durasensorite hulgas on tihedalt kootud n\u00f6\u00f6r Muscle PE.)<\/p>\n\n    <div class=\"xs_social_share_widget xs_share_url after_content \t\tmain_content  wslu-style-1 wslu-share-box-shaped wslu-fill-colored wslu-none wslu-share-horizontal wslu-theme-font-no wslu-main_content\">\n\n\t\t\n        <ul>\n\t\t\t        <\/ul>\n    <\/div>","protected":false},"excerpt":{"rendered":"<p>Suure tihedusega \u201eMuscle PE\u201c suurep\u00e4rase kulumiskindluse ja vastupidavusega! Niidi kvaliteet on dramaatiliselt paranenud!<\/p>\n","protected":false},"featured_media":113147,"template":"","meta":{"_uag_custom_page_level_css":""},"product_brand":[1557],"product_cat":[1158],"product_tag":[],"class_list":{"0":"post-113149","1":"product","2":"type-product","3":"status-publish","4":"has-post-thumbnail","6":"product_brand-daiwa","7":"product_cat-noorid","8":"pa_brand-daiwa","10":"first","11":"instock","12":"taxable","13":"shipping-taxable","14":"purchasable","15":"product-type-simple"},"uagb_featured_image_src":{"full":["https:\/\/e-kalastus.b-cdn.net\/wp-content\/uploads\/2025\/08\/image-40785.png",581,720,false],"thumbnail":["https:\/\/e-kalastus.b-cdn.net\/wp-content\/uploads\/2025\/08\/image-40785-150x150.png",150,150,true],"medium":["https:\/\/e-kalastus.b-cdn.net\/wp-content\/uploads\/2025\/08\/image-40785-242x300.png",242,300,true],"medium_large":["https:\/\/e-kalastus.b-cdn.net\/wp-content\/uploads\/2025\/08\/image-40785.png",581,720,false],"large":["https:\/\/e-kalastus.b-cdn.net\/wp-content\/uploads\/2025\/08\/image-40785.png",581,720,false],"1536x1536":["https:\/\/e-kalastus.b-cdn.net\/wp-content\/uploads\/2025\/08\/image-40785.png",581,720,false],"2048x2048":["https:\/\/e-kalastus.b-cdn.net\/wp-content\/uploads\/2025\/08\/image-40785.png",581,720,false],"woocommerce_thumbnail":["https:\/\/e-kalastus.b-cdn.net\/wp-content\/uploads\/2025\/08\/image-40785-324x324.png",324,324,true],"woocommerce_single":["https:\/\/e-kalastus.b-cdn.net\/wp-content\/uploads\/2025\/08\/image-40785.png",416,516,false],"woocommerce_gallery_thumbnail":["https:\/\/e-kalastus.b-cdn.net\/wp-content\/uploads\/2025\/08\/image-40785-100x100.png",100,100,true]},"uagb_author_info":{"display_name":"Roman Jakovlev","author_link":"https:\/\/e-kalastus.ee\/author\/"},"uagb_comment_info":0,"uagb_excerpt":"Suure tihedusega \u201eMuscle PE\u201c suurep\u00e4rase kulumiskindluse ja vastupidavusega! Niidi kvaliteet on dramaatiliselt paranenud!","_links":{"self":[{"href":"https:\/\/e-kalastus.ee\/wp-json\/wp\/v2\/product\/113149","targetHints":{"allow":["GET"]}}],"collection":[{"href":"https:\/\/e-kalastus.ee\/wp-json\/wp\/v2\/product"}],"about":[{"href":"https:\/\/e-kalastus.ee\/wp-json\/wp\/v2\/types\/product"}],"wp:featuredmedia":[{"embeddable":true,"href":"https:\/\/e-kalastus.ee\/wp-json\/wp\/v2\/media\/113147"}],"wp:attachment":[{"href":"https:\/\/e-kalastus.ee\/wp-json\/wp\/v2\/media?parent=113149"}],"wp:term":[{"taxonomy":"product_brand","embeddable":true,"href":"https:\/\/e-kalastus.ee\/wp-json\/wp\/v2\/product_brand?post=113149"},{"taxonomy":"product_cat","embeddable":true,"href":"https:\/\/e-kalastus.ee\/wp-json\/wp\/v2\/product_cat?post=113149"},{"taxonomy":"product_tag","embeddable":true,"href":"https:\/\/e-kalastus.ee\/wp-json\/wp\/v2\/product_tag?post=113149"}],"curies":[{"name":"wp","href":"https:\/\/api.w.org\/{rel}","templated":true}]}}