{"id":1131,"date":"2023-08-09T13:11:42","date_gmt":"2023-08-09T10:11:42","guid":{"rendered":"https:\/\/e-kalastus.ee\/toode\/kasiong-surfmaster-agusta-4m-test-10-30g\/"},"modified":"2026-03-30T14:13:21","modified_gmt":"2026-03-30T11:13:21","slug":"kasiong-surfmaster-agusta-4m-test-10-30g","status":"publish","type":"product","link":"https:\/\/e-kalastus.ee\/toode\/kasiong-surfmaster-agusta-4m-test-10-30g\/","title":{"rendered":"Surfmaster Agusta Bolo 4m 10-30g AGA-400"},"content":{"rendered":"<p><\/p>\n<div>Pikkus (m): 4,00<br \/>\nTest (g): 10\u201330<\/div>\n<div>Transpordipikkus (m): 1,46<\/div>\n<div>Kaal (g): 145<\/div>\n<p><\/p>\n\n    <div class=\"xs_social_share_widget xs_share_url after_content \t\tmain_content  wslu-style-1 wslu-share-box-shaped wslu-fill-colored wslu-none wslu-share-horizontal wslu-theme-font-no wslu-main_content\">\n\n\t\t\n        <ul>\n\t\t\t        <\/ul>\n    <\/div>","protected":false},"excerpt":{"rendered":"<p>\u00d5nged on valmistatud k\u00f5rge modulusega TX-40 s\u00fcsinikkiust  Jaapani Toray grupi poolt ning varustatud kergete Kujira XR Long Super Hard ZrO2 zirconia r\u00f5ngastega. Usaldusv\u00e4\u00e4rne rullikinnitus on roostevabast terasest.<\/p>\n","protected":false},"featured_media":69088,"template":"","meta":{"_uag_custom_page_level_css":""},"product_brand":[1614],"product_cat":[1282],"product_tag":[],"class_list":{"0":"post-1131","1":"product","2":"type-product","3":"status-publish","4":"has-post-thumbnail","6":"product_brand-surfmaster","7":"product_cat-kasiong","8":"product_shipping_class-suur","9":"pa_brand-surfmaster","10":"pa_pikkus-3-4m","12":"first","13":"instock","14":"sale","15":"taxable","16":"shipping-taxable","17":"purchasable","18":"product-type-simple"},"uagb_featured_image_src":{"full":["https:\/\/e-kalastus.b-cdn.net\/wp-content\/uploads\/2024\/07\/8160-8160-5cf22eef4bd0a0-11860882-sm-agusta-tx40-large.jpg",800,800,false],"thumbnail":["https:\/\/e-kalastus.b-cdn.net\/wp-content\/uploads\/2024\/07\/8160-8160-5cf22eef4bd0a0-11860882-sm-agusta-tx40-large-150x150.jpg",150,150,true],"medium":["https:\/\/e-kalastus.b-cdn.net\/wp-content\/uploads\/2024\/07\/8160-8160-5cf22eef4bd0a0-11860882-sm-agusta-tx40-large-300x300.jpg",300,300,true],"medium_large":["https:\/\/e-kalastus.b-cdn.net\/wp-content\/uploads\/2024\/07\/8160-8160-5cf22eef4bd0a0-11860882-sm-agusta-tx40-large-768x768.jpg",768,768,true],"large":["https:\/\/e-kalastus.b-cdn.net\/wp-content\/uploads\/2024\/07\/8160-8160-5cf22eef4bd0a0-11860882-sm-agusta-tx40-large-800x800.jpg",800,800,true],"1536x1536":["https:\/\/e-kalastus.b-cdn.net\/wp-content\/uploads\/2024\/07\/8160-8160-5cf22eef4bd0a0-11860882-sm-agusta-tx40-large.jpg",800,800,false],"2048x2048":["https:\/\/e-kalastus.b-cdn.net\/wp-content\/uploads\/2024\/07\/8160-8160-5cf22eef4bd0a0-11860882-sm-agusta-tx40-large.jpg",800,800,false],"woocommerce_thumbnail":["https:\/\/e-kalastus.b-cdn.net\/wp-content\/uploads\/2024\/07\/8160-8160-5cf22eef4bd0a0-11860882-sm-agusta-tx40-large-768x768.jpg",324,324,true],"woocommerce_single":["https:\/\/e-kalastus.b-cdn.net\/wp-content\/uploads\/2024\/07\/8160-8160-5cf22eef4bd0a0-11860882-sm-agusta-tx40-large-768x768.jpg",416,416,true],"woocommerce_gallery_thumbnail":["https:\/\/e-kalastus.b-cdn.net\/wp-content\/uploads\/2024\/07\/8160-8160-5cf22eef4bd0a0-11860882-sm-agusta-tx40-large-100x100.jpg",100,100,true]},"uagb_author_info":{"display_name":"adam.mrozek","author_link":"https:\/\/e-kalastus.ee\/author\/"},"uagb_comment_info":0,"uagb_excerpt":"\u00d5nged on valmistatud k\u00f5rge modulusega TX-40 s\u00fcsinikkiust Jaapani Toray grupi poolt ning varustatud kergete Kujira XR Long Super Hard ZrO2 zirconia r\u00f5ngastega. Usaldusv\u00e4\u00e4rne rullikinnitus on roostevabast terasest.","_links":{"self":[{"href":"https:\/\/e-kalastus.ee\/wp-json\/wp\/v2\/product\/1131","targetHints":{"allow":["GET"]}}],"collection":[{"href":"https:\/\/e-kalastus.ee\/wp-json\/wp\/v2\/product"}],"about":[{"href":"https:\/\/e-kalastus.ee\/wp-json\/wp\/v2\/types\/product"}],"wp:featuredmedia":[{"embeddable":true,"href":"https:\/\/e-kalastus.ee\/wp-json\/wp\/v2\/media\/69088"}],"wp:attachment":[{"href":"https:\/\/e-kalastus.ee\/wp-json\/wp\/v2\/media?parent=1131"}],"wp:term":[{"taxonomy":"product_brand","embeddable":true,"href":"https:\/\/e-kalastus.ee\/wp-json\/wp\/v2\/product_brand?post=1131"},{"taxonomy":"product_cat","embeddable":true,"href":"https:\/\/e-kalastus.ee\/wp-json\/wp\/v2\/product_cat?post=1131"},{"taxonomy":"product_tag","embeddable":true,"href":"https:\/\/e-kalastus.ee\/wp-json\/wp\/v2\/product_tag?post=1131"}],"curies":[{"name":"wp","href":"https:\/\/api.w.org\/{rel}","templated":true}]}}