{"id":112710,"date":"2025-08-03T16:22:38","date_gmt":"2025-08-03T13:22:38","guid":{"rendered":"https:\/\/e-kalastus.ee\/toode\/peibutussoot-traper-punane-latikas-1kg-00028\/"},"modified":"2026-04-21T03:00:34","modified_gmt":"2026-04-21T00:00:34","slug":"peibutussoot-traper-punane-latikas-1kg-00028","status":"publish","type":"product","link":"https:\/\/e-kalastus.ee\/fi\/tuotteet\/pohjaviehe-traper-punainen-sarki-1kg-00028\/","title":{"rendered":"Pohjaviehe Traper Punainen S\u00e4rki 1kg 00028"},"content":{"rendered":"<p>Traper Secret -sarjan sy\u00f6tit on kehitetty sellaisiin olosuhteisiin, joissa suurta roolia ei pelk\u00e4st\u00e4\u00e4n sy\u00f6tin koostumus, vaan my\u00f6s sen v\u00e4ri. Esimerkiksi havaittiin, ett\u00e4 pienemm\u00e4t kalat (esim. s\u00e4rki) suosivat tummemman v\u00e4rist\u00e4 sy\u00f6tti\u00e4, mutta suuremmille kaloille miellytt\u00e4v\u00e4t vaaleammat sy\u00f6tit. V\u00e4lin lis\u00e4ksi s\u00e4\u00e4, veden kirkkaus ja muut indikaattorit vaikuttavat kalojen mieltymyksiin. Selke\u00e4mm\u00e4ss\u00e4 vedess\u00e4 aurinkoisena p\u00e4iv\u00e4n\u00e4 tummemmat sy\u00f6tit toimivat yleens\u00e4 paremmin (ne ovat vesist\u00f6n pohjan v\u00e4rin kaltaisia). Mutta sameaan veteen kirkkaammat v\u00e4rit ovat suositumpia: punainen, keltainen.<br \/>\nSecret-sarjan valikoimassa on seuraavat v\u00e4rit: musta, keltainen, punainen, vihre\u00e4. Ne on jaettu kalalajien mukaan: s\u00e4rki, karppi, lahna, suutari, s\u00e4rki.<\/p>\n\n    <div class=\"xs_social_share_widget xs_share_url after_content \t\tmain_content  wslu-style-1 wslu-share-box-shaped wslu-fill-colored wslu-none wslu-share-horizontal wslu-theme-font-no wslu-main_content\">\n\n\t\t\n        <ul>\n\t\t\t        <\/ul>\n    <\/div>","protected":false},"excerpt":{"rendered":"<p>Punainen s\u00e4rjen sy\u00f6tti on luotu erityisesti s\u00e4rjen pyyntiin, ottaen huomioon niiden v\u00e4ri- ja ymp\u00e4rist\u00f6mieltymykset. Kirkas punainen s\u00e4vy tekee sy\u00f6tist\u00e4 n\u00e4kyv\u00e4n jopa sameassa vedess\u00e4 tai pilvisell\u00e4 s\u00e4\u00e4ll\u00e4, lis\u00e4ten s\u00e4rjen huomiota ja kiinnostusta.<\/p>\n","protected":false},"featured_media":118472,"template":"","meta":{"_uag_custom_page_level_css":""},"product_brand":[1522],"product_cat":[1186],"product_tag":[],"class_list":{"0":"post-112710","1":"product","2":"type-product","3":"status-publish","4":"has-post-thumbnail","6":"product_brand-traper","7":"product_cat-soodad","8":"pa_brand-traper","10":"first","11":"instock","12":"sale","13":"taxable","14":"shipping-taxable","15":"purchasable","16":"product-type-simple"},"uagb_featured_image_src":{"full":["https:\/\/e-kalastus.b-cdn.net\/wp-content\/uploads\/2025\/08\/image-41558-4.png",623,997,false],"thumbnail":["https:\/\/e-kalastus.b-cdn.net\/wp-content\/uploads\/2025\/08\/image-41558-4-150x150.png",150,150,true],"medium":["https:\/\/e-kalastus.b-cdn.net\/wp-content\/uploads\/2025\/08\/image-41558-4-187x300.png",187,300,true],"medium_large":["https:\/\/e-kalastus.b-cdn.net\/wp-content\/uploads\/2025\/08\/image-41558-4.png",623,997,false],"large":["https:\/\/e-kalastus.b-cdn.net\/wp-content\/uploads\/2025\/08\/image-41558-4-500x800.png",500,800,true],"1536x1536":["https:\/\/e-kalastus.b-cdn.net\/wp-content\/uploads\/2025\/08\/image-41558-4.png",623,997,false],"2048x2048":["https:\/\/e-kalastus.b-cdn.net\/wp-content\/uploads\/2025\/08\/image-41558-4.png",623,997,false],"woocommerce_thumbnail":["https:\/\/e-kalastus.b-cdn.net\/wp-content\/uploads\/2025\/08\/image-41558-4-324x324.png",324,324,true],"woocommerce_single":["https:\/\/e-kalastus.b-cdn.net\/wp-content\/uploads\/2025\/08\/image-41558-4.png",416,666,false],"woocommerce_gallery_thumbnail":["https:\/\/e-kalastus.b-cdn.net\/wp-content\/uploads\/2025\/08\/image-41558-4-100x100.png",100,100,true]},"uagb_author_info":{"display_name":"Roman Jakovlev","author_link":"https:\/\/e-kalastus.ee\/fi\/author\/"},"uagb_comment_info":0,"uagb_excerpt":"Punainen s\u00e4rjen sy\u00f6tti on luotu erityisesti s\u00e4rjen pyyntiin, ottaen huomioon niiden v\u00e4ri- ja ymp\u00e4rist\u00f6mieltymykset. Kirkas punainen s\u00e4vy tekee sy\u00f6tist\u00e4 n\u00e4kyv\u00e4n jopa sameassa vedess\u00e4 tai pilvisell\u00e4 s\u00e4\u00e4ll\u00e4, lis\u00e4ten s\u00e4rjen huomiota ja kiinnostusta.","_links":{"self":[{"href":"https:\/\/e-kalastus.ee\/fi\/wp-json\/wp\/v2\/product\/112710","targetHints":{"allow":["GET"]}}],"collection":[{"href":"https:\/\/e-kalastus.ee\/fi\/wp-json\/wp\/v2\/product"}],"about":[{"href":"https:\/\/e-kalastus.ee\/fi\/wp-json\/wp\/v2\/types\/product"}],"wp:featuredmedia":[{"embeddable":true,"href":"https:\/\/e-kalastus.ee\/fi\/wp-json\/wp\/v2\/media\/118472"}],"wp:attachment":[{"href":"https:\/\/e-kalastus.ee\/fi\/wp-json\/wp\/v2\/media?parent=112710"}],"wp:term":[{"taxonomy":"product_brand","embeddable":true,"href":"https:\/\/e-kalastus.ee\/fi\/wp-json\/wp\/v2\/product_brand?post=112710"},{"taxonomy":"product_cat","embeddable":true,"href":"https:\/\/e-kalastus.ee\/fi\/wp-json\/wp\/v2\/product_cat?post=112710"},{"taxonomy":"product_tag","embeddable":true,"href":"https:\/\/e-kalastus.ee\/fi\/wp-json\/wp\/v2\/product_tag?post=112710"}],"curies":[{"name":"wp","href":"https:\/\/api.w.org\/{rel}","templated":true}]}}