{"id":112332,"date":"2025-08-03T16:19:32","date_gmt":"2025-08-03T13:19:32","guid":{"rendered":"https:\/\/e-kalastus.ee\/toode\/peibutussoot-traper-karp-magus-mais-5kg-00293\/"},"modified":"2026-03-30T15:40:49","modified_gmt":"2026-03-30T12:40:49","slug":"peibutussoot-traper-karp-magus-mais-5kg-00293","status":"publish","type":"product","link":"https:\/\/e-kalastus.ee\/fi\/tuotteet\/pohjaviehe-syotti-traper-karp-makea-maissi-5kg-00293\/","title":{"rendered":"Pohjaviehe sy\u00f6tti Traper Karp Makea maissi 5kg 00293"},"content":{"rendered":"\n    <div class=\"xs_social_share_widget xs_share_url after_content \t\tmain_content  wslu-style-1 wslu-share-box-shaped wslu-fill-colored wslu-none wslu-share-horizontal wslu-theme-font-no wslu-main_content\">\n\n\t\t\n        <ul>\n\t\t\t        <\/ul>\n    <\/div> \n","protected":false},"excerpt":{"rendered":"<p>Traper Karpiowate Series 5kg on perussy\u00f6ttiseos, joka on suunniteltu pidemmille kalastussessioille. Seoksen koostumus sopii ihanteellisesti alustavaksi sy\u00f6tt\u00e4miseksi luodakseen vankan pohjan kalastajan sy\u00f6tt\u00e4miselle. Sy\u00f6tin perustana ovat eritt\u00e4in ravinteikkaat ainesosat, jotka ovat tehokkaita erilaisissa kalastusolosuhteissa, erityisesti s\u00e4rkikalojen \u2013 kuten karppi, suutari ja s\u00e4rki \u2013 pyydyst\u00e4misess\u00e4.<\/p>\n<p>T\u00e4m\u00e4 pohjaviehe sy\u00f6tti sopii niille kalastajille, jotka haluavat s\u00e4\u00e4st\u00e4\u00e4 aikaa ja k\u00e4ytt\u00e4\u00e4 luotettavaa sy\u00f6tti\u00e4 ilman liiallisia kokeiluja. T\u00e4m\u00e4 mansikka-aroma versio on tehokas useimmissa vesist\u00f6iss\u00e4.<\/p>\n","protected":false},"featured_media":112331,"template":"","meta":{"_uag_custom_page_level_css":""},"product_brand":[1522],"product_cat":[1186],"product_tag":[],"class_list":{"0":"post-112332","1":"product","2":"type-product","3":"status-publish","4":"has-post-thumbnail","6":"product_brand-traper","7":"product_cat-soodad","8":"pa_brand-traper","10":"first","11":"instock","12":"sale","13":"taxable","14":"shipping-taxable","15":"purchasable","16":"product-type-simple"},"uagb_featured_image_src":{"full":["https:\/\/e-kalastus.b-cdn.net\/wp-content\/uploads\/2025\/08\/image-41556.png",512,512,false],"thumbnail":["https:\/\/e-kalastus.b-cdn.net\/wp-content\/uploads\/2025\/08\/image-41556-150x150.png",150,150,true],"medium":["https:\/\/e-kalastus.b-cdn.net\/wp-content\/uploads\/2025\/08\/image-41556-300x300.png",300,300,true],"medium_large":["https:\/\/e-kalastus.b-cdn.net\/wp-content\/uploads\/2025\/08\/image-41556.png",512,512,false],"large":["https:\/\/e-kalastus.b-cdn.net\/wp-content\/uploads\/2025\/08\/image-41556.png",512,512,false],"1536x1536":["https:\/\/e-kalastus.b-cdn.net\/wp-content\/uploads\/2025\/08\/image-41556.png",512,512,false],"2048x2048":["https:\/\/e-kalastus.b-cdn.net\/wp-content\/uploads\/2025\/08\/image-41556.png",512,512,false],"woocommerce_thumbnail":["https:\/\/e-kalastus.b-cdn.net\/wp-content\/uploads\/2025\/08\/image-41556.png",324,324,false],"woocommerce_single":["https:\/\/e-kalastus.b-cdn.net\/wp-content\/uploads\/2025\/08\/image-41556.png",416,416,false],"woocommerce_gallery_thumbnail":["https:\/\/e-kalastus.b-cdn.net\/wp-content\/uploads\/2025\/08\/image-41556-100x100.png",100,100,true]},"uagb_author_info":{"display_name":"Roman Jakovlev","author_link":"https:\/\/e-kalastus.ee\/fi\/author\/"},"uagb_comment_info":0,"uagb_excerpt":"Traper Karpiowate Series 5kg on perussy\u00f6ttiseos, joka on suunniteltu pidemmille kalastussessioille. Seoksen koostumus sopii ihanteellisesti alustavaksi sy\u00f6tt\u00e4miseksi luodakseen vankan pohjan kalastajan sy\u00f6tt\u00e4miselle. Sy\u00f6tin perustana ovat eritt\u00e4in ravinteikkaat ainesosat, jotka ovat tehokkaita erilaisissa kalastusolosuhteissa, erityisesti s\u00e4rkikalojen \u2013 kuten karppi, suutari ja s\u00e4rki \u2013 pyydyst\u00e4misess\u00e4. T\u00e4m\u00e4 pohjaviehe sy\u00f6tti sopii niille kalastajille, jotka haluavat s\u00e4\u00e4st\u00e4\u00e4 aikaa ja k\u00e4ytt\u00e4\u00e4&hellip;","_links":{"self":[{"href":"https:\/\/e-kalastus.ee\/fi\/wp-json\/wp\/v2\/product\/112332","targetHints":{"allow":["GET"]}}],"collection":[{"href":"https:\/\/e-kalastus.ee\/fi\/wp-json\/wp\/v2\/product"}],"about":[{"href":"https:\/\/e-kalastus.ee\/fi\/wp-json\/wp\/v2\/types\/product"}],"wp:featuredmedia":[{"embeddable":true,"href":"https:\/\/e-kalastus.ee\/fi\/wp-json\/wp\/v2\/media\/112331"}],"wp:attachment":[{"href":"https:\/\/e-kalastus.ee\/fi\/wp-json\/wp\/v2\/media?parent=112332"}],"wp:term":[{"taxonomy":"product_brand","embeddable":true,"href":"https:\/\/e-kalastus.ee\/fi\/wp-json\/wp\/v2\/product_brand?post=112332"},{"taxonomy":"product_cat","embeddable":true,"href":"https:\/\/e-kalastus.ee\/fi\/wp-json\/wp\/v2\/product_cat?post=112332"},{"taxonomy":"product_tag","embeddable":true,"href":"https:\/\/e-kalastus.ee\/fi\/wp-json\/wp\/v2\/product_tag?post=112332"}],"curies":[{"name":"wp","href":"https:\/\/api.w.org\/{rel}","templated":true}]}}