{"id":1114,"date":"2023-08-09T13:11:36","date_gmt":"2023-08-09T10:11:36","guid":{"rendered":"https:\/\/e-kalastus.ee\/toode\/lihtkasiong-golden-catch-sintez-pole-5m\/"},"modified":"2026-03-30T15:04:22","modified_gmt":"2026-03-30T12:04:22","slug":"lihtkasiong-golden-catch-sintez-pole-5m","status":"publish","type":"product","link":"https:\/\/e-kalastus.ee\/toode\/lihtkasiong-golden-catch-sintez-pole-5m\/","title":{"rendered":"Golden Catch Sintez Pole 5m"},"content":{"rendered":"<p><\/p>\n<div>*Fast action parema p\u00fc\u00fcgikontrolli tagamiseks<\/div>\n<div>*V\u00f5tab ideaalselt oma algasendi<\/div>\n<div>*Uskumatu tundlikkus v\u00f5imaldab teil m\u00e4ngust maksimumi v\u00f5tta<\/div>\n<div>*T\u00e4nu erakordsele tasakaalule v\u00f5imaldab ritv pikka aega aktiivselt kalastada ilma v\u00e4simust tundmata<\/div>\n<p><\/p>\n\n    <div class=\"xs_social_share_widget xs_share_url after_content \t\tmain_content  wslu-style-1 wslu-share-box-shaped wslu-fill-colored wslu-none wslu-share-horizontal wslu-theme-font-no wslu-main_content\">\n\n\t\t\n        <ul>\n\t\t\t        <\/ul>\n    <\/div>","protected":false},"excerpt":{"rendered":"<p>Pikkus (m): 5<br \/>\nLiigendeid: 5<br \/>\nKaal (g): 107<\/p>\n","protected":false},"featured_media":62431,"template":"","meta":{"_uag_custom_page_level_css":""},"product_brand":[1561],"product_cat":[1282],"product_tag":[],"class_list":{"0":"post-1114","1":"product","2":"type-product","3":"status-publish","4":"has-post-thumbnail","6":"product_brand-golden-catch","7":"product_cat-kasiong","8":"product_shipping_class-suur","9":"pa_brand-golden-catch","10":"pa_pikkus-5-7m","12":"first","13":"instock","14":"sale","15":"taxable","16":"shipping-taxable","17":"purchasable","18":"product-type-simple"},"uagb_featured_image_src":{"full":["https:\/\/e-kalastus.b-cdn.net\/wp-content\/uploads\/2024\/05\/Sintezpole-700x700-1.png",700,700,false],"thumbnail":["https:\/\/e-kalastus.b-cdn.net\/wp-content\/uploads\/2024\/05\/Sintezpole-700x700-1-150x150.png.jpg",150,150,true],"medium":["https:\/\/e-kalastus.b-cdn.net\/wp-content\/uploads\/2024\/05\/Sintezpole-700x700-1-300x300.png.jpg",300,300,true],"medium_large":["https:\/\/e-kalastus.b-cdn.net\/wp-content\/uploads\/2024\/05\/Sintezpole-700x700-1-768x768.png.jpg",768,768,true],"large":["https:\/\/e-kalastus.b-cdn.net\/wp-content\/uploads\/2024\/05\/Sintezpole-700x700-1-800x800.png.jpg",800,800,true],"1536x1536":["https:\/\/e-kalastus.b-cdn.net\/wp-content\/uploads\/2024\/05\/Sintezpole-700x700-1.png",700,700,false],"2048x2048":["https:\/\/e-kalastus.b-cdn.net\/wp-content\/uploads\/2024\/05\/Sintezpole-700x700-1.png",700,700,false],"woocommerce_thumbnail":["https:\/\/e-kalastus.b-cdn.net\/wp-content\/uploads\/2024\/05\/Sintezpole-700x700-1-768x768.png.jpg",324,324,true],"woocommerce_single":["https:\/\/e-kalastus.b-cdn.net\/wp-content\/uploads\/2024\/05\/Sintezpole-700x700-1-768x768.png.jpg",416,416,true],"woocommerce_gallery_thumbnail":["https:\/\/e-kalastus.b-cdn.net\/wp-content\/uploads\/2024\/05\/Sintezpole-700x700-1-100x100.png.jpg",100,100,true]},"uagb_author_info":{"display_name":"adam.mrozek","author_link":"https:\/\/e-kalastus.ee\/author\/"},"uagb_comment_info":0,"uagb_excerpt":"Pikkus (m): 5 Liigendeid: 5 Kaal (g): 107","_links":{"self":[{"href":"https:\/\/e-kalastus.ee\/wp-json\/wp\/v2\/product\/1114","targetHints":{"allow":["GET"]}}],"collection":[{"href":"https:\/\/e-kalastus.ee\/wp-json\/wp\/v2\/product"}],"about":[{"href":"https:\/\/e-kalastus.ee\/wp-json\/wp\/v2\/types\/product"}],"wp:featuredmedia":[{"embeddable":true,"href":"https:\/\/e-kalastus.ee\/wp-json\/wp\/v2\/media\/62431"}],"wp:attachment":[{"href":"https:\/\/e-kalastus.ee\/wp-json\/wp\/v2\/media?parent=1114"}],"wp:term":[{"taxonomy":"product_brand","embeddable":true,"href":"https:\/\/e-kalastus.ee\/wp-json\/wp\/v2\/product_brand?post=1114"},{"taxonomy":"product_cat","embeddable":true,"href":"https:\/\/e-kalastus.ee\/wp-json\/wp\/v2\/product_cat?post=1114"},{"taxonomy":"product_tag","embeddable":true,"href":"https:\/\/e-kalastus.ee\/wp-json\/wp\/v2\/product_tag?post=1114"}],"curies":[{"name":"wp","href":"https:\/\/api.w.org\/{rel}","templated":true}]}}