{"id":80747,"date":"2025-05-29T16:53:41","date_gmt":"2025-05-29T13:53:41","guid":{"rendered":"https:\/\/dev.e-kalastus.ee\/my-account\/"},"modified":"2026-02-19T16:40:54","modified_gmt":"2026-02-19T14:40:54","slug":"minu-konto","status":"publish","type":"page","link":"https:\/\/e-kalastus.ee\/minu-konto\/","title":{"rendered":"Minu konto","raw":"Minu konto"},"content":{"rendered":"\n<p><p style=\"caret-color: rgb(0, 0, 0); color: rgb(0, 0, 0); white-space: normal;\">Oleme loonud registreerumisv\u00f5imaluse, mis v\u00f5imaldab teil juurdep\u00e4\u00e4su oma tellimuste staatusele ja ajaloole. T\u00e4ites allolevad v\u00e4ljad, seadistatakse Teie konto.<\/p><\/p>\n\n\n<div class=\"woocommerce\"><\/div>\n\n    <div class=\"xs_social_share_widget xs_share_url after_content \t\tmain_content  wslu-style-1 wslu-share-box-shaped wslu-fill-colored wslu-none wslu-share-horizontal wslu-theme-font-no wslu-main_content\">\n\n\t\t\n        <ul>\n\t\t\t        <\/ul>\n    <\/div> \n","protected":false,"raw":"<!-- wp:paragraph -->\n<p><p style=\"caret-color: rgb(0, 0, 0); color: rgb(0, 0, 0); white-space: normal;\">Oleme loonud registreerumisv\u00f5imaluse, mis v\u00f5imaldab teil juurdep\u00e4\u00e4su oma tellimuste staatusele ja ajaloole. T\u00e4ites allolevad v\u00e4ljad, seadistatakse Teie konto.<\/p><\/p>\n<!-- \/wp:paragraph -->\n\n<!-- wp:shortcode -->\n[woocommerce_my_account]\n<!-- \/wp:shortcode -->"},"excerpt":{"rendered":"<p>Oleme loonud registreerumisv\u00f5imaluse, mis v\u00f5imaldab teil juurdep\u00e4\u00e4su oma tellimuste staatusele ja ajaloole. T\u00e4ites allolevad v\u00e4ljad, seadistatakse Teie konto.<\/p>\n","protected":false},"author":379,"featured_media":0,"parent":0,"menu_order":0,"comment_status":"closed","ping_status":"closed","template":"","meta":{"_uag_custom_page_level_css":"","footnotes":""},"class_list":["post-80747","page","type-page","status-publish","hentry"],"uagb_featured_image_src":{"full":false,"thumbnail":false,"medium":false,"medium_large":false,"large":false,"1536x1536":false,"2048x2048":false,"woocommerce_thumbnail":false,"woocommerce_single":false,"woocommerce_gallery_thumbnail":false},"uagb_author_info":{"display_name":"Sergei Voronin","author_link":"https:\/\/e-kalastus.ee\/author\/sergei-voronin\/"},"uagb_comment_info":0,"uagb_excerpt":"Oleme loonud registreerumisv\u00f5imaluse, mis v\u00f5imaldab teil juurdep\u00e4\u00e4su oma tellimuste staatusele ja ajaloole. T\u00e4ites allolevad v\u00e4ljad, seadistatakse Teie konto.","ztrans_full":{"title":"[:et]Minu konto[:en]My account[:ru]\u041c\u043e\u0439 \u0430\u043a\u043a\u0430\u0443\u043d\u0442[:fi]Tilini[:]","content":"[:et]<!-- wp:paragraph -->\n<p><p style=\"caret-color: rgb(0, 0, 0); color: rgb(0, 0, 0); white-space: normal;\">Oleme loonud registreerumisv\u00f5imaluse, mis v\u00f5imaldab teil juurdep\u00e4\u00e4su oma tellimuste staatusele ja ajaloole. T\u00e4ites allolevad v\u00e4ljad, seadistatakse Teie konto.<\/p><\/p>\n<!-- \/wp:paragraph -->\n\n<!-- wp:shortcode -->\n[woocommerce_my_account]\n<!-- \/wp:shortcode -->[:en]<!-- wp:paragraph -->\n<p>We have created a registration option that allows you to access your order status and history. By filling out the fields below, your account will be set up.<\/p>\n<!-- \/wp:paragraph --><!-- wp:shortcode -->\n[woocommerce_my_account]\n<!-- \/wp:shortcode -->[:ru]<!-- wp:paragraph -->\n<p>\u041c\u044b \u0441\u043e\u0437\u0434\u0430\u043b\u0438 \u0432\u043e\u0437\u043c\u043e\u0436\u043d\u043e\u0441\u0442\u044c \u0440\u0435\u0433\u0438\u0441\u0442\u0440\u0430\u0446\u0438\u0438, \u043a\u043e\u0442\u043e\u0440\u0430\u044f \u043f\u0440\u0435\u0434\u043e\u0441\u0442\u0430\u0432\u0438\u0442 \u0432\u0430\u043c \u0434\u043e\u0441\u0442\u0443\u043f \u043a \u0441\u0442\u0430\u0442\u0443\u0441\u0443 \u0438 \u0438\u0441\u0442\u043e\u0440\u0438\u0438 \u0432\u0430\u0448\u0438\u0445 \u0437\u0430\u043a\u0430\u0437\u043e\u0432. \u0417\u0430\u043f\u043e\u043b\u043d\u0438\u0432 \u043f\u043e\u043b\u044f \u043d\u0438\u0436\u0435, \u0432\u044b \u043d\u0430\u0441\u0442\u0440\u043e\u0438\u0442\u0435 \u0441\u0432\u043e\u044e \u0443\u0447\u0435\u0442\u043d\u0443\u044e \u0437\u0430\u043f\u0438\u0441\u044c.<\/p>\n<!-- \/wp:paragraph -->\n\n<!-- wp:shortcode -->\n[woocommerce_my_account]\n<!-- \/wp:shortcode -->[:fi]<!-- wp:paragraph -->\n<p>Olemme luoneet rekister\u00f6itymismahdollisuuden, jonka avulla p\u00e4\u00e4set k\u00e4siksi tilauksiesi tilaan ja historiaan. T\u00e4ytt\u00e4m\u00e4ll\u00e4 alla olevat kent\u00e4t luodaan tilisi.<\/p>\n<!-- \/wp:paragraph --><!-- wp:shortcode -->\n[woocommerce_my_account]\n<!-- \/wp:shortcode -->[:]","has_markers":true},"_links":{"self":[{"href":"https:\/\/e-kalastus.ee\/wp-json\/wp\/v2\/pages\/80747","targetHints":{"allow":["GET"]}}],"collection":[{"href":"https:\/\/e-kalastus.ee\/wp-json\/wp\/v2\/pages"}],"about":[{"href":"https:\/\/e-kalastus.ee\/wp-json\/wp\/v2\/types\/page"}],"author":[{"embeddable":true,"href":"https:\/\/e-kalastus.ee\/wp-json\/wp\/v2\/users\/379"}],"replies":[{"embeddable":true,"href":"https:\/\/e-kalastus.ee\/wp-json\/wp\/v2\/comments?post=80747"}],"version-history":[{"count":2,"href":"https:\/\/e-kalastus.ee\/wp-json\/wp\/v2\/pages\/80747\/revisions"}],"predecessor-version":[{"id":131665,"href":"https:\/\/e-kalastus.ee\/wp-json\/wp\/v2\/pages\/80747\/revisions\/131665"}],"wp:attachment":[{"href":"https:\/\/e-kalastus.ee\/wp-json\/wp\/v2\/media?parent=80747"}],"curies":[{"name":"wp","href":"https:\/\/api.w.org\/{rel}","templated":true}]}}