{"id":873,"date":"2023-08-08T13:27:39","date_gmt":"2023-08-08T10:27:39","guid":{"rendered":"https:\/\/e-kalastus.ee\/toode\/noor-sunline-x-plasma-asegai-x8-06-013mm-150m-green\/"},"modified":"2026-04-10T15:57:08","modified_gmt":"2026-04-10T12:57:08","slug":"noor-sunline-x-plasma-asegai-x8-06-013mm-150m-green","status":"publish","type":"product","link":"https:\/\/e-kalastus.ee\/toode\/noor-sunline-x-plasma-asegai-x8-06-013mm-150m-green\/","title":{"rendered":"Sunline X Plasma Asegai X8 #0,6 0,13mm 2,7kg 150m #Green"},"content":{"rendered":"<p>Tavap\u00e4rane punutud tamiili tootmismeetod piirdus v\u00e4heste meetoditega.<\/p>\n<p>Sunline on aga v\u00e4lja t\u00f6\u00f6tanud uue t\u00f6\u00f6tlemisviisi, mida keegi ei suuda j\u00e4ljendada.<\/p>\n<p>See on &#8220;plasmaioontehnoloogia ehk P-ioon&#8221;.<\/p>\n<p>See tehnoloogia on nii uuenduslik, et muudab erinevate materjalide pinda erinevateks omadustega pindadeks.<\/p>\n<p>Siin selgitame, kuidas P-ioon oma eeliseid eraldab.<\/p>\n\n    <div class=\"xs_social_share_widget xs_share_url after_content \t\tmain_content  wslu-style-1 wslu-share-box-shaped wslu-fill-colored wslu-none wslu-share-horizontal wslu-theme-font-no wslu-main_content\">\n\n\t\t\n        <ul>\n\t\t\t        <\/ul>\n    <\/div>","protected":false},"excerpt":{"rendered":"<p>\u25cf Plasma Rise tehnoloogia muudab tamiili libedamaks ja h\u00f5\u00f5rdumiskindlamaks.<\/p>\n<p>\u25cf Xplasma Asegai on 8-kiuline tihedalt kootud PE-n\u00f6\u00f6r.<\/p>\n<p>\u25cf Xplasma Asegai on suurep\u00e4rane valik k\u00f5ikide tehnikate jaoks, mis n\u00f5uavad tamiili.<\/p>\n","protected":false},"featured_media":69344,"template":"","meta":{"_uag_custom_page_level_css":""},"product_brand":[1524],"product_cat":[1158],"product_tag":[],"class_list":{"0":"post-873","1":"product","2":"type-product","3":"status-publish","4":"has-post-thumbnail","6":"product_brand-sunline","7":"product_cat-noorid","8":"pa_brand-sunline","9":"pa_labimoot-0-11-0-20mm","11":"first","12":"instock","13":"taxable","14":"shipping-taxable","15":"purchasable","16":"product-type-simple"},"uagb_featured_image_src":{"full":["https:\/\/e-kalastus.b-cdn.net\/wp-content\/uploads\/2024\/07\/sunline-xplasma-asegai-8braid.jpg",800,800,false],"thumbnail":["https:\/\/e-kalastus.b-cdn.net\/wp-content\/uploads\/2024\/07\/sunline-xplasma-asegai-8braid-150x150.jpg",150,150,true],"medium":["https:\/\/e-kalastus.b-cdn.net\/wp-content\/uploads\/2024\/07\/sunline-xplasma-asegai-8braid-300x300.jpg",300,300,true],"medium_large":["https:\/\/e-kalastus.b-cdn.net\/wp-content\/uploads\/2024\/07\/sunline-xplasma-asegai-8braid-768x768.jpg",768,768,true],"large":["https:\/\/e-kalastus.b-cdn.net\/wp-content\/uploads\/2024\/07\/sunline-xplasma-asegai-8braid-800x800.jpg",800,800,true],"1536x1536":["https:\/\/e-kalastus.b-cdn.net\/wp-content\/uploads\/2024\/07\/sunline-xplasma-asegai-8braid.jpg",800,800,false],"2048x2048":["https:\/\/e-kalastus.b-cdn.net\/wp-content\/uploads\/2024\/07\/sunline-xplasma-asegai-8braid.jpg",800,800,false],"woocommerce_thumbnail":["https:\/\/e-kalastus.b-cdn.net\/wp-content\/uploads\/2024\/07\/sunline-xplasma-asegai-8braid-768x768.jpg",324,324,true],"woocommerce_single":["https:\/\/e-kalastus.b-cdn.net\/wp-content\/uploads\/2024\/07\/sunline-xplasma-asegai-8braid-768x768.jpg",416,416,true],"woocommerce_gallery_thumbnail":["https:\/\/e-kalastus.b-cdn.net\/wp-content\/uploads\/2024\/07\/sunline-xplasma-asegai-8braid-100x100.jpg",100,100,true]},"uagb_author_info":{"display_name":"adam.mrozek","author_link":"https:\/\/e-kalastus.ee\/author\/"},"uagb_comment_info":0,"uagb_excerpt":"\u25cf Plasma Rise tehnoloogia muudab tamiili libedamaks ja h\u00f5\u00f5rdumiskindlamaks. \u25cf Xplasma Asegai on 8-kiuline tihedalt kootud PE-n\u00f6\u00f6r. \u25cf Xplasma Asegai on suurep\u00e4rane valik k\u00f5ikide tehnikate jaoks, mis n\u00f5uavad tamiili.","_links":{"self":[{"href":"https:\/\/e-kalastus.ee\/wp-json\/wp\/v2\/product\/873","targetHints":{"allow":["GET"]}}],"collection":[{"href":"https:\/\/e-kalastus.ee\/wp-json\/wp\/v2\/product"}],"about":[{"href":"https:\/\/e-kalastus.ee\/wp-json\/wp\/v2\/types\/product"}],"wp:featuredmedia":[{"embeddable":true,"href":"https:\/\/e-kalastus.ee\/wp-json\/wp\/v2\/media\/69344"}],"wp:attachment":[{"href":"https:\/\/e-kalastus.ee\/wp-json\/wp\/v2\/media?parent=873"}],"wp:term":[{"taxonomy":"product_brand","embeddable":true,"href":"https:\/\/e-kalastus.ee\/wp-json\/wp\/v2\/product_brand?post=873"},{"taxonomy":"product_cat","embeddable":true,"href":"https:\/\/e-kalastus.ee\/wp-json\/wp\/v2\/product_cat?post=873"},{"taxonomy":"product_tag","embeddable":true,"href":"https:\/\/e-kalastus.ee\/wp-json\/wp\/v2\/product_tag?post=873"}],"curies":[{"name":"wp","href":"https:\/\/api.w.org\/{rel}","templated":true}]}}