{"id":8424,"date":"2023-08-23T12:11:59","date_gmt":"2023-08-23T09:11:59","guid":{"rendered":"https:\/\/e-kalastus.ee\/toode\/noor-daiwa-j-braid-x4-015mm-135m-69kg-d-green\/"},"modified":"2026-04-10T15:20:24","modified_gmt":"2026-04-10T12:20:24","slug":"noor-daiwa-j-braid-x4-015mm-135m-69kg-d-green","status":"publish","type":"product","link":"https:\/\/e-kalastus.ee\/fi\/tuotteet\/daiwa-j-braid-x4-015mm-69kg-135m-tummanvihrea-punottusiima\/","title":{"rendered":"Daiwa J-Braid x4 0,15mm 6,9kg 135m Tummanvihre\u00e4"},"content":{"rendered":"<p><\/p>\n<p>Lis\u00e4tty on J-Braid x4 \u2013 4-s\u00e4ikeinen punottusiima. J-BRAID x4 on ihanteellinen kulumiskest\u00e4vyytens\u00e4 ja solmien sitomisen sek\u00e4 siiman hallinnan helppok\u00e4ytt\u00f6isyyden vuoksi. 4-s\u00e4ikeisell\u00e4 siimalla on hieman ohuempi halkaisija, mik\u00e4 tekee siit\u00e4 erinomaisen lis\u00e4siiman lis\u00e4\u00e4miseen kelalle tarvittaessa. x4 on valmistettu Japanista per\u00e4isin olevasta korkealaatuisesta Dyneema-materiaalista. Daitan todistettu korkea valmistusstandardi tekee J-Braidista yhden parhaista markkinoilla. J-BRAID x4 on saatavilla fluoresoivankeltaisena, tummanvihre\u00e4n\u00e4 ja saarensinisen\u00e4. Uusi J-BRAID x4 on saatavilla pituuksina 6, 8, 10, 15, 20, 30, 40, 50, 65 ja 80 paunaa (150 jaardia, 300 jaardia) ja 3000 jaardin pituuksina.<\/p>\n<p><\/p>\n\n    <div class=\"xs_social_share_widget xs_share_url after_content \t\tmain_content  wslu-style-1 wslu-share-box-shaped wslu-fill-colored wslu-none wslu-share-horizontal wslu-theme-font-no wslu-main_content\">\n\n\t\t\n        <ul>\n\t\t\t        <\/ul>\n    <\/div>","protected":false},"excerpt":{"rendered":"<p>X4 on valmistettu Japanista per\u00e4isin olevasta korkealaatuisesta Dyneema-materiaalista.<\/p>\n","protected":false},"featured_media":70128,"template":"","meta":{"_uag_custom_page_level_css":""},"product_brand":[1557],"product_cat":[1158],"product_tag":[],"class_list":{"0":"post-8424","1":"product","2":"type-product","3":"status-publish","4":"has-post-thumbnail","6":"product_brand-daiwa","7":"product_cat-noorid","8":"pa_brand-daiwa","9":"pa_labimoot-0-11-0-20mm","11":"first","12":"instock","13":"taxable","14":"shipping-taxable","15":"purchasable","16":"product-type-simple"},"uagb_featured_image_src":{"full":["https:\/\/e-kalastus.b-cdn.net\/wp-content\/uploads\/2024\/07\/Daiwa-j-braid-x4-0-6-3-8kg-135m-dark-green-3.jpg",395,606,false],"thumbnail":["https:\/\/e-kalastus.b-cdn.net\/wp-content\/uploads\/2024\/07\/Daiwa-j-braid-x4-0-6-3-8kg-135m-dark-green-3-150x150.jpg",150,150,true],"medium":["https:\/\/e-kalastus.b-cdn.net\/wp-content\/uploads\/2024\/07\/Daiwa-j-braid-x4-0-6-3-8kg-135m-dark-green-3-300x300.jpg",300,300,true],"medium_large":["https:\/\/e-kalastus.b-cdn.net\/wp-content\/uploads\/2024\/07\/Daiwa-j-braid-x4-0-6-3-8kg-135m-dark-green-3-768x768.jpg",768,768,true],"large":["https:\/\/e-kalastus.b-cdn.net\/wp-content\/uploads\/2024\/07\/Daiwa-j-braid-x4-0-6-3-8kg-135m-dark-green-3-800x800.jpg",800,800,true],"1536x1536":["https:\/\/e-kalastus.b-cdn.net\/wp-content\/uploads\/2024\/07\/Daiwa-j-braid-x4-0-6-3-8kg-135m-dark-green-3.jpg",395,606,false],"2048x2048":["https:\/\/e-kalastus.b-cdn.net\/wp-content\/uploads\/2024\/07\/Daiwa-j-braid-x4-0-6-3-8kg-135m-dark-green-3.jpg",395,606,false],"woocommerce_thumbnail":["https:\/\/e-kalastus.b-cdn.net\/wp-content\/uploads\/2024\/07\/Daiwa-j-braid-x4-0-6-3-8kg-135m-dark-green-3-768x768.jpg",324,324,true],"woocommerce_single":["https:\/\/e-kalastus.b-cdn.net\/wp-content\/uploads\/2024\/07\/Daiwa-j-braid-x4-0-6-3-8kg-135m-dark-green-3.jpg",395,606,false],"woocommerce_gallery_thumbnail":["https:\/\/e-kalastus.b-cdn.net\/wp-content\/uploads\/2024\/07\/Daiwa-j-braid-x4-0-6-3-8kg-135m-dark-green-3-100x100.jpg",100,100,true]},"uagb_author_info":{"display_name":"adam.mrozek","author_link":"https:\/\/e-kalastus.ee\/fi\/author\/"},"uagb_comment_info":0,"uagb_excerpt":"X4 on valmistettu Japanista per\u00e4isin olevasta korkealaatuisesta Dyneema-materiaalista.","_links":{"self":[{"href":"https:\/\/e-kalastus.ee\/fi\/wp-json\/wp\/v2\/product\/8424","targetHints":{"allow":["GET"]}}],"collection":[{"href":"https:\/\/e-kalastus.ee\/fi\/wp-json\/wp\/v2\/product"}],"about":[{"href":"https:\/\/e-kalastus.ee\/fi\/wp-json\/wp\/v2\/types\/product"}],"wp:featuredmedia":[{"embeddable":true,"href":"https:\/\/e-kalastus.ee\/fi\/wp-json\/wp\/v2\/media\/70128"}],"wp:attachment":[{"href":"https:\/\/e-kalastus.ee\/fi\/wp-json\/wp\/v2\/media?parent=8424"}],"wp:term":[{"taxonomy":"product_brand","embeddable":true,"href":"https:\/\/e-kalastus.ee\/fi\/wp-json\/wp\/v2\/product_brand?post=8424"},{"taxonomy":"product_cat","embeddable":true,"href":"https:\/\/e-kalastus.ee\/fi\/wp-json\/wp\/v2\/product_cat?post=8424"},{"taxonomy":"product_tag","embeddable":true,"href":"https:\/\/e-kalastus.ee\/fi\/wp-json\/wp\/v2\/product_tag?post=8424"}],"curies":[{"name":"wp","href":"https:\/\/api.w.org\/{rel}","templated":true}]}}