{"id":822,"date":"2023-08-08T13:27:21","date_gmt":"2023-08-08T10:27:21","guid":{"rendered":"https:\/\/e-kalastus.ee\/toode\/noor-sunline-siglon-pe-adv-x8-06-013mm-150mm-multicolor\/"},"modified":"2026-04-29T03:00:24","modified_gmt":"2026-04-29T00:00:24","slug":"noor-sunline-siglon-pe-adv-x8-06-013mm-150mm-multicolor","status":"publish","type":"product","link":"https:\/\/e-kalastus.ee\/fi\/tuotteet\/sunline-siglon-pe-adv-x8-06-0132mm-36kg-150m-multicolor\/","title":{"rendered":"Sunline Siglon PE ADV X8 #0,6 0,132mm 3,6kg 150m #Multicolor"},"content":{"rendered":"<p>Vertailimme SIGLON PE X8:n ja SIGLON PE ADV:n vedenkest\u00e4vyytt\u00e4.<\/p>\n<p>Jos SIGLON PE X8:lle asetetaan vesipisara, se imeytyy siimaan samalla tavalla<\/p>\n<p>kuin perinteisiss\u00e4 PE-siimoissa.<\/p>\n<p>SIGLON PE ADV:lla on kuitenkin erinomainen vedenkest\u00e4vyys erityisen<\/p>\n<p>hartsin ansiosta, joka tunkeutuu syv\u00e4lle kuituihin.<\/p>\n<p>T\u00e4m\u00e4 teknologia on ensimm\u00e4inen alallaan ja nimimme sen &#8221;DRT&#8221;:ksi, mik\u00e4 tarkoittaa<\/p>\n<p>&#8221;Deep Resin Technology&#8221; eli syv\u00e4hartsiteknologiaa.<\/p>\n\n    <div class=\"xs_social_share_widget xs_share_url after_content \t\tmain_content  wslu-style-1 wslu-share-box-shaped wslu-fill-colored wslu-none wslu-share-horizontal wslu-theme-font-no wslu-main_content\">\n\n\t\t\n        <ul>\n\t\t\t        <\/ul>\n    <\/div>","protected":false},"excerpt":{"rendered":"<p>\u25cf Sunlinen uusi ja erityinen valmistusteknologia, joka lis\u00e4\u00e4 vahvaa hartsia siiman sis\u00e4osaan.<br \/>\n\u25cf Eritt\u00e4in kehittynyt sujuvuus tarjoaa paremman heitto-ominaisuuden ja kest\u00e4vyyden.<\/p>\n","protected":false},"featured_media":65385,"template":"","meta":{"_uag_custom_page_level_css":""},"product_brand":[1524],"product_cat":[1158],"product_tag":[],"class_list":{"0":"post-822","1":"product","2":"type-product","3":"status-publish","4":"has-post-thumbnail","6":"product_brand-sunline","7":"product_cat-noorid","8":"pa_brand-sunline","9":"pa_labimoot-0-11-0-20mm","11":"first","12":"instock","13":"taxable","14":"shipping-taxable","15":"purchasable","16":"product-type-simple"},"uagb_featured_image_src":{"full":["https:\/\/e-kalastus.b-cdn.net\/wp-content\/uploads\/2024\/07\/Unknown-1-86.jpg",213,237,false],"thumbnail":["https:\/\/e-kalastus.b-cdn.net\/wp-content\/uploads\/2024\/07\/Unknown-1-86-150x150.jpg",150,150,true],"medium":["https:\/\/e-kalastus.b-cdn.net\/wp-content\/uploads\/2024\/07\/Unknown-1-86-300x300.jpg",300,300,true],"medium_large":["https:\/\/e-kalastus.b-cdn.net\/wp-content\/uploads\/2024\/07\/Unknown-1-86-768x768.jpg",768,768,true],"large":["https:\/\/e-kalastus.b-cdn.net\/wp-content\/uploads\/2024\/07\/Unknown-1-86-800x800.jpg",800,800,true],"1536x1536":["https:\/\/e-kalastus.b-cdn.net\/wp-content\/uploads\/2024\/07\/Unknown-1-86.jpg",213,237,false],"2048x2048":["https:\/\/e-kalastus.b-cdn.net\/wp-content\/uploads\/2024\/07\/Unknown-1-86.jpg",213,237,false],"woocommerce_thumbnail":["https:\/\/e-kalastus.b-cdn.net\/wp-content\/uploads\/2024\/07\/Unknown-1-86-768x768.jpg",324,324,true],"woocommerce_single":["https:\/\/e-kalastus.b-cdn.net\/wp-content\/uploads\/2024\/07\/Unknown-1-86.jpg",213,237,false],"woocommerce_gallery_thumbnail":["https:\/\/e-kalastus.b-cdn.net\/wp-content\/uploads\/2024\/07\/Unknown-1-86-100x100.jpg",100,100,true]},"uagb_author_info":{"display_name":"adam.mrozek","author_link":"https:\/\/e-kalastus.ee\/fi\/author\/"},"uagb_comment_info":0,"uagb_excerpt":"\u25cf Sunlinen uusi ja erityinen valmistusteknologia, joka lis\u00e4\u00e4 vahvaa hartsia siiman sis\u00e4osaan. \u25cf Eritt\u00e4in kehittynyt sujuvuus tarjoaa paremman heitto-ominaisuuden ja kest\u00e4vyyden.","_links":{"self":[{"href":"https:\/\/e-kalastus.ee\/fi\/wp-json\/wp\/v2\/product\/822","targetHints":{"allow":["GET"]}}],"collection":[{"href":"https:\/\/e-kalastus.ee\/fi\/wp-json\/wp\/v2\/product"}],"about":[{"href":"https:\/\/e-kalastus.ee\/fi\/wp-json\/wp\/v2\/types\/product"}],"wp:featuredmedia":[{"embeddable":true,"href":"https:\/\/e-kalastus.ee\/fi\/wp-json\/wp\/v2\/media\/65385"}],"wp:attachment":[{"href":"https:\/\/e-kalastus.ee\/fi\/wp-json\/wp\/v2\/media?parent=822"}],"wp:term":[{"taxonomy":"product_brand","embeddable":true,"href":"https:\/\/e-kalastus.ee\/fi\/wp-json\/wp\/v2\/product_brand?post=822"},{"taxonomy":"product_cat","embeddable":true,"href":"https:\/\/e-kalastus.ee\/fi\/wp-json\/wp\/v2\/product_cat?post=822"},{"taxonomy":"product_tag","embeddable":true,"href":"https:\/\/e-kalastus.ee\/fi\/wp-json\/wp\/v2\/product_tag?post=822"}],"curies":[{"name":"wp","href":"https:\/\/api.w.org\/{rel}","templated":true}]}}