{"id":80592,"date":"2025-05-23T15:16:12","date_gmt":"2025-05-23T12:16:12","guid":{"rendered":"https:\/\/e-kalastus.ee\/toode\/noor-shimano-kairiki-x8-mantis-green-vt-method-0-28mm-304kg-150m\/"},"modified":"2026-04-16T15:27:43","modified_gmt":"2026-04-16T12:27:43","slug":"noor-shimano-kairiki-x8-mantis-green-vt-method-0-28mm-304kg-150m","status":"publish","type":"product","link":"https:\/\/e-kalastus.ee\/fi\/tuotteet\/shimano-kairiki-x8-mantis-green-vt-method-punottusiima-028mm-304kg-150m\/","title":{"rendered":"Shimano Kairiki X8 Mantis Green VT Method 0.28mm 30.4kg 150m"},"content":{"rendered":"<p><\/p>\n<p><b>Kairikilla on uusi ulkoasu ja se on nyt valmistettu uudella VT-rakennemenetelm\u00e4ll\u00e4, joka tarjoaa tasaisemman viimeistelyn pidemmille heitoille.<\/b><\/p>\n<p>Uudella tyylill\u00e4 varustettu <b>Kairiki SX8<\/b> tunnetaan nyt nimell\u00e4 <b>Kairiki 8<\/b> ja se on valmistettu k\u00e4ytt\u00e4en <b>VT-rakennemenetelm\u00e4\u00e4<\/b>, joka luodaan kohdistamalla vahvaa j\u00e4nnityst\u00e4 vastakkaisiin suuntiin punontaprosessin aikana, antaen <b>punottusiimalle<\/b> tasaisemman viimeistelyn ja paremman herkkyyden. Tasaisemman viimeistelyn ansiosta <b>siima<\/b> on my\u00f6s v\u00e4hemm\u00e4n meluisa, koska se aiheuttaa v\u00e4hemm\u00e4n kitkaa renkaiden v\u00e4lill\u00e4, minimoiden heittomelun.<\/p>\n<p><\/p>\n\n    <div class=\"xs_social_share_widget xs_share_url after_content \t\tmain_content  wslu-style-1 wslu-share-box-shaped wslu-fill-colored wslu-none wslu-share-horizontal wslu-theme-font-no wslu-main_content\">\n\n\t\t\n        <ul>\n\t\t\t        <\/ul>\n    <\/div>","protected":false},"excerpt":{"rendered":"<p>Punottu siima Kairiki X8 &#8211; 150 metri\u00e4 yleisk\u00e4ytt\u00f6ist\u00e4 siimaa. Valmistettu Japanissa!<\/p>\n","protected":false},"featured_media":80591,"template":"","meta":{"_uag_custom_page_level_css":""},"product_brand":[762],"product_cat":[1158],"product_tag":[],"class_list":{"0":"post-80592","1":"product","2":"type-product","3":"status-publish","4":"has-post-thumbnail","6":"product_brand-shimano","7":"product_cat-noorid","8":"pa_brand-shimano","10":"first","11":"instock","12":"taxable","13":"shipping-taxable","14":"purchasable","15":"product-type-simple"},"uagb_featured_image_src":{"full":["https:\/\/e-kalastus.b-cdn.net\/wp-content\/uploads\/2025\/05\/image-40292.png",572,572,false],"thumbnail":["https:\/\/e-kalastus.b-cdn.net\/wp-content\/uploads\/2025\/05\/image-40292-150x150.png.jpg",150,150,true],"medium":["https:\/\/e-kalastus.b-cdn.net\/wp-content\/uploads\/2025\/05\/image-40292-300x300.png.jpg",300,300,true],"medium_large":["https:\/\/e-kalastus.b-cdn.net\/wp-content\/uploads\/2025\/05\/image-40292-768x768.png.jpg",768,768,true],"large":["https:\/\/e-kalastus.b-cdn.net\/wp-content\/uploads\/2025\/05\/image-40292-800x800.png.jpg",800,800,true],"1536x1536":["https:\/\/e-kalastus.b-cdn.net\/wp-content\/uploads\/2025\/05\/image-40292.png",572,572,false],"2048x2048":["https:\/\/e-kalastus.b-cdn.net\/wp-content\/uploads\/2025\/05\/image-40292.png",572,572,false],"woocommerce_thumbnail":["https:\/\/e-kalastus.b-cdn.net\/wp-content\/uploads\/2025\/05\/image-40292-768x768.png.jpg",324,324,true],"woocommerce_single":["https:\/\/e-kalastus.b-cdn.net\/wp-content\/uploads\/2025\/05\/image-40292-768x768.png.jpg",416,416,true],"woocommerce_gallery_thumbnail":["https:\/\/e-kalastus.b-cdn.net\/wp-content\/uploads\/2025\/05\/image-40292-100x100.png.jpg",100,100,true]},"uagb_author_info":{"display_name":"Roman Jakovlev","author_link":"https:\/\/e-kalastus.ee\/fi\/author\/"},"uagb_comment_info":0,"uagb_excerpt":"Punottu siima Kairiki X8 - 150 metri\u00e4 yleisk\u00e4ytt\u00f6ist\u00e4 siimaa. Valmistettu Japanissa!","_links":{"self":[{"href":"https:\/\/e-kalastus.ee\/fi\/wp-json\/wp\/v2\/product\/80592","targetHints":{"allow":["GET"]}}],"collection":[{"href":"https:\/\/e-kalastus.ee\/fi\/wp-json\/wp\/v2\/product"}],"about":[{"href":"https:\/\/e-kalastus.ee\/fi\/wp-json\/wp\/v2\/types\/product"}],"wp:featuredmedia":[{"embeddable":true,"href":"https:\/\/e-kalastus.ee\/fi\/wp-json\/wp\/v2\/media\/80591"}],"wp:attachment":[{"href":"https:\/\/e-kalastus.ee\/fi\/wp-json\/wp\/v2\/media?parent=80592"}],"wp:term":[{"taxonomy":"product_brand","embeddable":true,"href":"https:\/\/e-kalastus.ee\/fi\/wp-json\/wp\/v2\/product_brand?post=80592"},{"taxonomy":"product_cat","embeddable":true,"href":"https:\/\/e-kalastus.ee\/fi\/wp-json\/wp\/v2\/product_cat?post=80592"},{"taxonomy":"product_tag","embeddable":true,"href":"https:\/\/e-kalastus.ee\/fi\/wp-json\/wp\/v2\/product_tag?post=80592"}],"curies":[{"name":"wp","href":"https:\/\/api.w.org\/{rel}","templated":true}]}}