{"id":80491,"date":"2025-05-20T12:05:14","date_gmt":"2025-05-20T09:05:14","guid":{"rendered":"https:\/\/e-kalastus.ee\/toode\/silikoon-westin-ned-worm-7cm-3g-7tk-motoroil-pepper\/"},"modified":"2026-03-30T15:47:11","modified_gmt":"2026-03-30T12:47:11","slug":"silikoon-westin-ned-worm-7cm-3g-7tk-motoroil-pepper","status":"publish","type":"product","link":"https:\/\/e-kalastus.ee\/fi\/tuotteet\/westin-ned-worm-7cm-3g-7kpl-motoroil-pepper\/","title":{"rendered":"Westin Ned Worm 7cm 3g 7kpl #Motoroil Pepper"},"content":{"rendered":"<p><\/p>\n<p>Jokainen kokeneen petokalastajan tiet\u00e4\u00e4, kuinka tehokkaita Ned-tyyliset vieheet ovat, ja Ned Worm Slim avaa t\u00e4ysin uusia mahdollisuuksia Super Finesse -kalastukselle! T\u00e4m\u00e4 pieni viehe on t\u00e4ynn\u00e4 hyvi\u00e4 ominaisuuksia \u2013 kelluva TPE-materiaali pit\u00e4\u00e4 vieheen pystyss\u00e4, uurrettu runko luo mikroturbulenssia, ja ter\u00e4v\u00e4 k\u00e4rki reagoi jopa pienimp\u00e4\u00e4n vavan kosketukseen. Riippumatta siit\u00e4, toistatko sit\u00e4 pienill\u00e4 nyk\u00e4yksill\u00e4, raahaatko sit\u00e4 vai j\u00e4t\u00e4tk\u00f6 istumaan \u2013 t\u00e4m\u00e4 pieni hahmo on t\u00e4ysin vastustamaton kaikille petokaloille!<\/p>\n<ul>\n<li>\n<p role=\"presentation\">Eritt\u00e4in joustava ja kest\u00e4v\u00e4 TPE-materiaali<br \/>\n\t&nbsp;<\/p>\n<\/li>\n<li>\n<p role=\"presentation\">TPE \u2013 \u00e4l\u00e4 s\u00e4ilyt\u00e4 muiden vieheiden kanssa!<br \/>\n\t&nbsp;<\/p>\n<\/li>\n<li>\n<p role=\"presentation\">Ei sis\u00e4ll\u00e4 myrkyllisi\u00e4 ftaaleja<br \/>\n\t&nbsp;<\/p>\n<\/li>\n<li>\n<p role=\"presentation\">Kelluva<br \/>\n\t&nbsp;<\/p>\n<\/li>\n<li>\n<p role=\"presentation\">Slimi ja ruohoton suunnittelu<br \/>\n\t&nbsp;<\/p>\n<\/li>\n<\/ul>\n<p>Sopii k\u00e4ytett\u00e4v\u00e4ksi Ned Head-, EWG\/Offset- tai klassisen jigikoukun kanssa<\/p>\n\n    <div class=\"xs_social_share_widget xs_share_url after_content \t\tmain_content  wslu-style-1 wslu-share-box-shaped wslu-fill-colored wslu-none wslu-share-horizontal wslu-theme-font-no wslu-main_content\">\n\n\t\t\n        <ul>\n\t\t\t        <\/ul>\n    <\/div>","protected":false},"excerpt":{"rendered":"<p>Ned Worm Slim on eritt\u00e4in joustava ja kelluva viehe, joka reagoi jokaiseen liikkeeseen ja houkuttelee petokalat hy\u00f6kk\u00e4\u00e4m\u00e4\u00e4n jopa hienovaraisimmalla kalastustyylill\u00e4.<\/p>\n","protected":false},"featured_media":80490,"template":"","meta":{"_uag_custom_page_level_css":""},"product_brand":[763],"product_cat":[1421],"product_tag":[],"class_list":{"0":"post-80491","1":"product","2":"type-product","3":"status-publish","4":"has-post-thumbnail","6":"product_brand-westin","7":"product_cat-ned-worm","8":"pa_brand-westin","10":"first","11":"instock","12":"taxable","13":"shipping-taxable","14":"purchasable","15":"product-type-simple"},"uagb_featured_image_src":{"full":["https:\/\/e-kalastus.b-cdn.net\/wp-content\/uploads\/2025\/05\/image-40039.png",1000,750,false],"thumbnail":["https:\/\/e-kalastus.b-cdn.net\/wp-content\/uploads\/2025\/05\/image-40039-150x150.png.jpg",150,150,true],"medium":["https:\/\/e-kalastus.b-cdn.net\/wp-content\/uploads\/2025\/05\/image-40039-300x300.png.jpg",300,300,true],"medium_large":["https:\/\/e-kalastus.b-cdn.net\/wp-content\/uploads\/2025\/05\/image-40039-768x768.png.jpg",768,768,true],"large":["https:\/\/e-kalastus.b-cdn.net\/wp-content\/uploads\/2025\/05\/image-40039-800x800.png.jpg",800,800,true],"1536x1536":["https:\/\/e-kalastus.b-cdn.net\/wp-content\/uploads\/2025\/05\/image-40039.png",1000,750,false],"2048x2048":["https:\/\/e-kalastus.b-cdn.net\/wp-content\/uploads\/2025\/05\/image-40039.png",1000,750,false],"woocommerce_thumbnail":["https:\/\/e-kalastus.b-cdn.net\/wp-content\/uploads\/2025\/05\/image-40039-768x768.png.jpg",324,324,true],"woocommerce_single":["https:\/\/e-kalastus.b-cdn.net\/wp-content\/uploads\/2025\/05\/image-40039.png",416,312,false],"woocommerce_gallery_thumbnail":["https:\/\/e-kalastus.b-cdn.net\/wp-content\/uploads\/2025\/05\/image-40039-100x100.png.jpg",100,100,true]},"uagb_author_info":{"display_name":"Roman Jakovlev","author_link":"https:\/\/e-kalastus.ee\/fi\/author\/"},"uagb_comment_info":0,"uagb_excerpt":"Ned Worm Slim on eritt\u00e4in joustava ja kelluva viehe, joka reagoi jokaiseen liikkeeseen ja houkuttelee petokalat hy\u00f6kk\u00e4\u00e4m\u00e4\u00e4n jopa hienovaraisimmalla kalastustyylill\u00e4.","_links":{"self":[{"href":"https:\/\/e-kalastus.ee\/fi\/wp-json\/wp\/v2\/product\/80491","targetHints":{"allow":["GET"]}}],"collection":[{"href":"https:\/\/e-kalastus.ee\/fi\/wp-json\/wp\/v2\/product"}],"about":[{"href":"https:\/\/e-kalastus.ee\/fi\/wp-json\/wp\/v2\/types\/product"}],"wp:featuredmedia":[{"embeddable":true,"href":"https:\/\/e-kalastus.ee\/fi\/wp-json\/wp\/v2\/media\/80490"}],"wp:attachment":[{"href":"https:\/\/e-kalastus.ee\/fi\/wp-json\/wp\/v2\/media?parent=80491"}],"wp:term":[{"taxonomy":"product_brand","embeddable":true,"href":"https:\/\/e-kalastus.ee\/fi\/wp-json\/wp\/v2\/product_brand?post=80491"},{"taxonomy":"product_cat","embeddable":true,"href":"https:\/\/e-kalastus.ee\/fi\/wp-json\/wp\/v2\/product_cat?post=80491"},{"taxonomy":"product_tag","embeddable":true,"href":"https:\/\/e-kalastus.ee\/fi\/wp-json\/wp\/v2\/product_tag?post=80491"}],"curies":[{"name":"wp","href":"https:\/\/api.w.org\/{rel}","templated":true}]}}