{"id":80466,"date":"2025-05-19T22:01:12","date_gmt":"2025-05-19T19:01:12","guid":{"rendered":"https:\/\/e-kalastus.ee\/toode\/silikoon-westin-shadteez-slim-v2-22cm-53g-1tk-headlight\/"},"modified":"2026-04-16T17:03:04","modified_gmt":"2026-04-16T14:03:04","slug":"silikoon-westin-shadteez-slim-v2-22cm-53g-1tk-headlight","status":"publish","type":"product","link":"https:\/\/e-kalastus.ee\/fi\/tuotteet\/westin-shadteez-slim-v2-22cm-53g-1kpl-headlight\/","title":{"rendered":"Westin Shadteez Slim V2 22cm 53g 1kpl #Headlight"},"content":{"rendered":"<p><\/p>\n<p>Legendaarinen <strong>ShadTeez Slim<\/strong> on tullut viel\u00e4 paremmaksi. T\u00e4m\u00e4 vaikuttava suuri viehe matkii muita shad-vieheit\u00e4 niin t\u00e4ydellisesti, ett\u00e4 ne j\u00e4\u00e4v\u00e4t sen varjoon. Jokainen yksityiskohta on t\u00e4ydellinen! Syv\u00e4 vartalo, hoikka keskiosa ja leve\u00e4 pyrst\u00f6 luovat vakuuttavan, py\u00f6riv\u00e4n ja vatsan v\u00e4lkkyv\u00e4n uimaliikkeen, joka j\u00e4tt\u00e4\u00e4 suuret petokalat t\u00e4ysin lumoutuneiksi. Vied\u00e4\u00e4n matalalla ja hitaasti ruohikon l\u00e4pi tai pelataan syv\u00e4ll\u00e4, se j\u00e4ljittelee hieman loukkaantunutta, panikoitunutta kalaa \u2013 ja pian l\u00f6yd\u00e4t henkil\u00f6kohtaisen enn\u00e4tyksesi kalan koukusta!<\/p>\n<ul>\n<li>\n<p>Ei sis\u00e4ll\u00e4 myrkyllisi\u00e4 ftaalaatteja<\/p>\n<\/li>\n<li>\n<p>Optimoitu joustavuus<\/p>\n<\/li>\n<li>\n<p>Realistiset silm\u00e4t<\/p>\n<\/li>\n<li>\n<p>Helposti pelattava lapapyrst\u00f6<\/p>\n<\/li>\n<li>\n<p>Korkea vartaloprofiili ja voimakas vatsan v\u00e4lke<\/p>\n<\/li>\n<li>\n<p>K\u00e4sinmaalattu, yksityiskohtainen ulkon\u00e4k\u00f6<\/p>\n<\/li>\n<li>\n<p>22 cm, 53 g \u2013 1 kpl<\/p>\n<\/li>\n<\/ul>\n<p><\/p>\n\n    <div class=\"xs_social_share_widget xs_share_url after_content \t\tmain_content  wslu-style-1 wslu-share-box-shaped wslu-fill-colored wslu-none wslu-share-horizontal wslu-theme-font-no wslu-main_content\">\n\n\t\t\n        <ul>\n\t\t\t        <\/ul>\n    <\/div>","protected":false},"excerpt":{"rendered":"<p>ShadTeez Slim on eritt\u00e4in realistinen viehe, joka yhdist\u00e4\u00e4 el\u00e4v\u00e4nkaltaisen liikkeen ja yksityiskohtaisen viimeistelyn houkutellakseen jopa varovaisimmat petokalat.<\/p>\n","protected":false},"featured_media":80465,"template":"","meta":{"_uag_custom_page_level_css":""},"product_brand":[763],"product_cat":[1420],"product_tag":[],"class_list":{"0":"post-80466","1":"product","2":"type-product","3":"status-publish","4":"has-post-thumbnail","6":"product_brand-westin","7":"product_cat-shadteez-slim","8":"pa_brand-westin","10":"first","11":"instock","12":"taxable","13":"shipping-taxable","14":"purchasable","15":"product-type-simple"},"uagb_featured_image_src":{"full":["https:\/\/e-kalastus.b-cdn.net\/wp-content\/uploads\/2025\/05\/image-40006.png",800,800,false],"thumbnail":["https:\/\/e-kalastus.b-cdn.net\/wp-content\/uploads\/2025\/05\/image-40006-150x150.png.jpg",150,150,true],"medium":["https:\/\/e-kalastus.b-cdn.net\/wp-content\/uploads\/2025\/05\/image-40006-300x300.png.jpg",300,300,true],"medium_large":["https:\/\/e-kalastus.b-cdn.net\/wp-content\/uploads\/2025\/05\/image-40006-768x768.png.jpg",768,768,true],"large":["https:\/\/e-kalastus.b-cdn.net\/wp-content\/uploads\/2025\/05\/image-40006-800x800.png.jpg",800,800,true],"1536x1536":["https:\/\/e-kalastus.b-cdn.net\/wp-content\/uploads\/2025\/05\/image-40006.png",800,800,false],"2048x2048":["https:\/\/e-kalastus.b-cdn.net\/wp-content\/uploads\/2025\/05\/image-40006.png",800,800,false],"woocommerce_thumbnail":["https:\/\/e-kalastus.b-cdn.net\/wp-content\/uploads\/2025\/05\/image-40006-768x768.png.jpg",324,324,true],"woocommerce_single":["https:\/\/e-kalastus.b-cdn.net\/wp-content\/uploads\/2025\/05\/image-40006-768x768.png.jpg",416,416,true],"woocommerce_gallery_thumbnail":["https:\/\/e-kalastus.b-cdn.net\/wp-content\/uploads\/2025\/05\/image-40006-100x100.png.jpg",100,100,true]},"uagb_author_info":{"display_name":"Roman Jakovlev","author_link":"https:\/\/e-kalastus.ee\/fi\/author\/"},"uagb_comment_info":0,"uagb_excerpt":"ShadTeez Slim on eritt\u00e4in realistinen viehe, joka yhdist\u00e4\u00e4 el\u00e4v\u00e4nkaltaisen liikkeen ja yksityiskohtaisen viimeistelyn houkutellakseen jopa varovaisimmat petokalat.","_links":{"self":[{"href":"https:\/\/e-kalastus.ee\/fi\/wp-json\/wp\/v2\/product\/80466","targetHints":{"allow":["GET"]}}],"collection":[{"href":"https:\/\/e-kalastus.ee\/fi\/wp-json\/wp\/v2\/product"}],"about":[{"href":"https:\/\/e-kalastus.ee\/fi\/wp-json\/wp\/v2\/types\/product"}],"wp:featuredmedia":[{"embeddable":true,"href":"https:\/\/e-kalastus.ee\/fi\/wp-json\/wp\/v2\/media\/80465"}],"wp:attachment":[{"href":"https:\/\/e-kalastus.ee\/fi\/wp-json\/wp\/v2\/media?parent=80466"}],"wp:term":[{"taxonomy":"product_brand","embeddable":true,"href":"https:\/\/e-kalastus.ee\/fi\/wp-json\/wp\/v2\/product_brand?post=80466"},{"taxonomy":"product_cat","embeddable":true,"href":"https:\/\/e-kalastus.ee\/fi\/wp-json\/wp\/v2\/product_cat?post=80466"},{"taxonomy":"product_tag","embeddable":true,"href":"https:\/\/e-kalastus.ee\/fi\/wp-json\/wp\/v2\/product_tag?post=80466"}],"curies":[{"name":"wp","href":"https:\/\/api.w.org\/{rel}","templated":true}]}}