{"id":78978,"date":"2025-03-28T14:10:48","date_gmt":"2025-03-28T12:10:48","guid":{"rendered":"https:\/\/e-kalastus.ee\/toode\/kasiong-shimano-bolo-aero-x1-gt-4m-8-18g\/"},"modified":"2026-04-10T14:40:54","modified_gmt":"2026-04-10T11:40:54","slug":"kasiong-shimano-bolo-aero-x1-gt-4m-8-18g","status":"publish","type":"product","link":"https:\/\/e-kalastus.ee\/toode\/kasiong-shimano-bolo-aero-x1-gt-4m-8-18g\/","title":{"rendered":"Shimano Bolo Aero X1 GT 4m 8-18g"},"content":{"rendered":"<p><\/p>\n<p data-end=\"716\" data-start=\"89\">Aero X1 Bolo &nbsp;on kvaliteetne teleskoop-bolo \u00f5ng, mis \u00fchendab kiire tegevuse, tundlikkuse ja tasakaalustatud disaini. T\u00e4nu tugevdatud k\u00e4epideme osale ja \u00fclikiirele tipule v\u00f5imaldab see t\u00e4pseid ja delikaatseid viskeid ning lihtsat kalade k\u00e4tte saamist, s\u00f5ltumata nende suurusest. \u00d5ng on valmistatud s\u00fcsinikust, varustatud kergete SHIMANO Hardlite r\u00f5ngaste ja kohandatud SHIMANO rullikohaga, pakkudes nii suurep\u00e4rast j\u00f5udlust kui ka stiilset v\u00e4limust. Sobib ideaalselt float rod p\u00fc\u00fcgiks 8\u201318 g kaaluga ja v\u00f5imaldab kasutada nii peenikest liini v\u00e4ikeste konksudega kui ka tugevamat varustust suuremate kalade p\u00fc\u00fcgiks.<\/p>\n<p><\/p>\n\n    <div class=\"xs_social_share_widget xs_share_url after_content \t\tmain_content  wslu-style-1 wslu-share-box-shaped wslu-fill-colored wslu-none wslu-share-horizontal wslu-theme-font-no wslu-main_content\">\n\n\t\t\n        <ul>\n\t\t\t        <\/ul>\n    <\/div>","protected":false},"excerpt":{"rendered":"<p>Kaal: 242g<br \/>\nPikkus: 400cm<br \/>\nPikkus transpordiasendis: 139cm<br \/>\nSektsioonide arv: 4<br \/>\nTest: 8-18g<\/p>\n","protected":false},"featured_media":78977,"template":"","meta":{"_uag_custom_page_level_css":""},"product_brand":[762],"product_cat":[1282],"product_tag":[],"class_list":{"0":"post-78978","1":"product","2":"type-product","3":"status-publish","4":"has-post-thumbnail","6":"product_brand-shimano","7":"product_cat-kasiong","8":"product_shipping_class-suur","9":"pa_brand-shimano","11":"first","12":"instock","13":"sale","14":"taxable","15":"shipping-taxable","16":"purchasable","17":"product-type-simple"},"uagb_featured_image_src":{"full":["https:\/\/e-kalastus.b-cdn.net\/wp-content\/uploads\/2025\/03\/image-36929.png",572,572,false],"thumbnail":["https:\/\/e-kalastus.b-cdn.net\/wp-content\/uploads\/2025\/03\/image-36929-150x150.png.jpg",150,150,true],"medium":["https:\/\/e-kalastus.b-cdn.net\/wp-content\/uploads\/2025\/03\/image-36929-300x300.png.jpg",300,300,true],"medium_large":["https:\/\/e-kalastus.b-cdn.net\/wp-content\/uploads\/2025\/03\/image-36929-768x768.png.jpg",768,768,true],"large":["https:\/\/e-kalastus.b-cdn.net\/wp-content\/uploads\/2025\/03\/image-36929-800x800.png.jpg",800,800,true],"1536x1536":["https:\/\/e-kalastus.b-cdn.net\/wp-content\/uploads\/2025\/03\/image-36929.png",572,572,false],"2048x2048":["https:\/\/e-kalastus.b-cdn.net\/wp-content\/uploads\/2025\/03\/image-36929.png",572,572,false],"woocommerce_thumbnail":["https:\/\/e-kalastus.b-cdn.net\/wp-content\/uploads\/2025\/03\/image-36929-768x768.png.jpg",324,324,true],"woocommerce_single":["https:\/\/e-kalastus.b-cdn.net\/wp-content\/uploads\/2025\/03\/image-36929-768x768.png.jpg",416,416,true],"woocommerce_gallery_thumbnail":["https:\/\/e-kalastus.b-cdn.net\/wp-content\/uploads\/2025\/03\/image-36929-100x100.png.jpg",100,100,true]},"uagb_author_info":{"display_name":"Sergei Voronin","author_link":"https:\/\/e-kalastus.ee\/author\/"},"uagb_comment_info":0,"uagb_excerpt":"Kaal: 242g Pikkus: 400cm Pikkus transpordiasendis: 139cm Sektsioonide arv: 4 Test: 8-18g","_links":{"self":[{"href":"https:\/\/e-kalastus.ee\/wp-json\/wp\/v2\/product\/78978","targetHints":{"allow":["GET"]}}],"collection":[{"href":"https:\/\/e-kalastus.ee\/wp-json\/wp\/v2\/product"}],"about":[{"href":"https:\/\/e-kalastus.ee\/wp-json\/wp\/v2\/types\/product"}],"wp:featuredmedia":[{"embeddable":true,"href":"https:\/\/e-kalastus.ee\/wp-json\/wp\/v2\/media\/78977"}],"wp:attachment":[{"href":"https:\/\/e-kalastus.ee\/wp-json\/wp\/v2\/media?parent=78978"}],"wp:term":[{"taxonomy":"product_brand","embeddable":true,"href":"https:\/\/e-kalastus.ee\/wp-json\/wp\/v2\/product_brand?post=78978"},{"taxonomy":"product_cat","embeddable":true,"href":"https:\/\/e-kalastus.ee\/wp-json\/wp\/v2\/product_cat?post=78978"},{"taxonomy":"product_tag","embeddable":true,"href":"https:\/\/e-kalastus.ee\/wp-json\/wp\/v2\/product_tag?post=78978"}],"curies":[{"name":"wp","href":"https:\/\/api.w.org\/{rel}","templated":true}]}}