{"id":785,"date":"2023-08-08T13:27:07","date_gmt":"2023-08-08T10:27:07","guid":{"rendered":"https:\/\/e-kalastus.ee\/toode\/noor-sunline-siglon-pe-x8-06-013mm-150m-multicolor\/"},"modified":"2026-03-30T14:30:53","modified_gmt":"2026-03-30T11:30:53","slug":"noor-sunline-siglon-pe-x8-06-013mm-150m-multicolor","status":"publish","type":"product","link":"https:\/\/e-kalastus.ee\/toode\/noor-sunline-siglon-pe-x8-06-013mm-150m-multicolor\/","title":{"rendered":"Sunline Siglon PE X8 #0,6 0,13mm 4,5kg 150m #Multicolor"},"content":{"rendered":"<p><\/p>\n<p class=\"p1\" style=\"margin: 0px;font-size: 13px;line-height: normal\">See PE-liin on t\u00e4iesti uus toode, mille Sunline on v\u00e4lja t\u00f6\u00f6tanud oma rahvusvahelistele f\u00e4nnidele ja klientidele. Tegemist on tugeva punutud multifilament tamiiliga, mis sobib k\u00f5ikv\u00f5imalike kalap\u00fc\u00fcgitehnikate jaoks, kuna sellel on nii k\u00f5rge lineaarne kui ka s\u00f5lmetugevus. Liin on vastupidav ja peaaegu ei pleegi. \u00dcheks oluliseks omaduseks on selle erakordselt \u00fcmar kuju, mis tagab suurep\u00e4rase libeduse ja hea visatavuse. T\u00e4nu oma siledale pinnale muudab see p\u00fc\u00fcgiprotsessi lihtsaks ja nauditavaks. Sunline soovib selle tootega pakkuda igale kalamehele r\u00f5\u00f5mu ja rahulolu kalap\u00fc\u00fcgist.<\/p>\n<p><\/p>\n\n    <div class=\"xs_social_share_widget xs_share_url after_content \t\tmain_content  wslu-style-1 wslu-share-box-shaped wslu-fill-colored wslu-none wslu-share-horizontal wslu-theme-font-no wslu-main_content\">\n\n\t\t\n        <ul>\n\t\t\t        <\/ul>\n    <\/div>","protected":false},"excerpt":{"rendered":"<p>\u25cf Kompaktselt punutud ja k\u00f5rgelt kvalifitseeritud PE-\u00f5ngen\u00f6\u00f6r<br \/>\n\u25cf Suurep\u00e4rane joonetugevus ja s\u00f5lmetugevus<br \/>\n\u25cf Suur kulumiskindlus ja tugev t\u00f5mbetugevus<br \/>\n\u25cf Suurep\u00e4rane libedus ja elastsus<br \/>\n\u25cf Lihtne kasutada<\/p>\n","protected":false},"featured_media":72683,"template":"","meta":{"_uag_custom_page_level_css":""},"product_brand":[1524],"product_cat":[1158],"product_tag":[],"class_list":{"0":"post-785","1":"product","2":"type-product","3":"status-publish","4":"has-post-thumbnail","6":"product_brand-sunline","7":"product_cat-noorid","8":"pa_brand-sunline","9":"pa_labimoot-0-11-0-20mm","11":"first","12":"instock","13":"taxable","14":"shipping-taxable","15":"purchasable","16":"product-type-simple"},"uagb_featured_image_src":{"full":["https:\/\/e-kalastus.b-cdn.net\/wp-content\/uploads\/2024\/07\/s-l1200-48.jpg",1000,838,false],"thumbnail":["https:\/\/e-kalastus.b-cdn.net\/wp-content\/uploads\/2024\/07\/s-l1200-48-150x150.jpg",150,150,true],"medium":["https:\/\/e-kalastus.b-cdn.net\/wp-content\/uploads\/2024\/07\/s-l1200-48-300x300.jpg",300,300,true],"medium_large":["https:\/\/e-kalastus.b-cdn.net\/wp-content\/uploads\/2024\/07\/s-l1200-48-768x768.jpg",768,768,true],"large":["https:\/\/e-kalastus.b-cdn.net\/wp-content\/uploads\/2024\/07\/s-l1200-48-800x800.jpg",800,800,true],"1536x1536":["https:\/\/e-kalastus.b-cdn.net\/wp-content\/uploads\/2024\/07\/s-l1200-48.jpg",1000,838,false],"2048x2048":["https:\/\/e-kalastus.b-cdn.net\/wp-content\/uploads\/2024\/07\/s-l1200-48.jpg",1000,838,false],"woocommerce_thumbnail":["https:\/\/e-kalastus.b-cdn.net\/wp-content\/uploads\/2024\/07\/s-l1200-48-768x768.jpg",324,324,true],"woocommerce_single":["https:\/\/e-kalastus.b-cdn.net\/wp-content\/uploads\/2024\/07\/s-l1200-48.jpg",416,349,false],"woocommerce_gallery_thumbnail":["https:\/\/e-kalastus.b-cdn.net\/wp-content\/uploads\/2024\/07\/s-l1200-48-100x100.jpg",100,100,true]},"uagb_author_info":{"display_name":"adam.mrozek","author_link":"https:\/\/e-kalastus.ee\/author\/"},"uagb_comment_info":0,"uagb_excerpt":"\u25cf Kompaktselt punutud ja k\u00f5rgelt kvalifitseeritud PE-\u00f5ngen\u00f6\u00f6r \u25cf Suurep\u00e4rane joonetugevus ja s\u00f5lmetugevus \u25cf Suur kulumiskindlus ja tugev t\u00f5mbetugevus \u25cf Suurep\u00e4rane libedus ja elastsus \u25cf Lihtne kasutada","_links":{"self":[{"href":"https:\/\/e-kalastus.ee\/wp-json\/wp\/v2\/product\/785","targetHints":{"allow":["GET"]}}],"collection":[{"href":"https:\/\/e-kalastus.ee\/wp-json\/wp\/v2\/product"}],"about":[{"href":"https:\/\/e-kalastus.ee\/wp-json\/wp\/v2\/types\/product"}],"wp:featuredmedia":[{"embeddable":true,"href":"https:\/\/e-kalastus.ee\/wp-json\/wp\/v2\/media\/72683"}],"wp:attachment":[{"href":"https:\/\/e-kalastus.ee\/wp-json\/wp\/v2\/media?parent=785"}],"wp:term":[{"taxonomy":"product_brand","embeddable":true,"href":"https:\/\/e-kalastus.ee\/wp-json\/wp\/v2\/product_brand?post=785"},{"taxonomy":"product_cat","embeddable":true,"href":"https:\/\/e-kalastus.ee\/wp-json\/wp\/v2\/product_cat?post=785"},{"taxonomy":"product_tag","embeddable":true,"href":"https:\/\/e-kalastus.ee\/wp-json\/wp\/v2\/product_tag?post=785"}],"curies":[{"name":"wp","href":"https:\/\/api.w.org\/{rel}","templated":true}]}}