{"id":77039,"date":"2025-01-08T11:09:19","date_gmt":"2025-01-08T09:09:19","guid":{"rendered":"https:\/\/e-kalastus.ee\/toode\/vib-frapp-trixy-90mm-37g-16\/"},"modified":"2026-03-30T15:41:56","modified_gmt":"2026-03-30T12:41:56","slug":"vib-frapp-trixy-90mm-37g-16","status":"publish","type":"product","link":"https:\/\/e-kalastus.ee\/fi\/tuotteet\/vib-frapp-trixy-90mm-37g-16\/","title":{"rendered":"VIB Frapp Trixy 90mm 37g #16"},"content":{"rendered":"\n    <div class=\"xs_social_share_widget xs_share_url after_content \t\tmain_content  wslu-style-1 wslu-share-box-shaped wslu-fill-colored wslu-none wslu-share-horizontal wslu-theme-font-no wslu-main_content\">\n\n\t\t\n        <ul>\n\t\t\t        <\/ul>\n    <\/div> \n","protected":false},"excerpt":{"rendered":"<p>Suurten kalojen tappaja \u2013 hauen, ahvenen ja muiden trofeakalojen pyyntiin.<\/p>\n<p>FRAPP Trixy erottuu aggressiivisella liikkeell\u00e4\u00e4n, timanttireunaisella muodollaan ja realistisella suomutekstuuripinnallaan, jonka ansiosta petokala huomaa sen jo kaukaa.<\/p>\n<p>T\u00e4m\u00e4 on monipuolinen uistin, joka yhdist\u00e4\u00e4 yhteen malliin mahdollisimman monta ominaisuutta. Muotonsa ja painonsa ansiosta se lent\u00e4\u00e4 uskomattoman kauas \u2013 kuin pieni kivi \u2013 ja sit\u00e4 on helppo tuntea tuulellakin, sek\u00e4 pystysuorassa jigatessa ett\u00e4 heitett\u00e4ess\u00e4.<\/p>\n","protected":false},"featured_media":77038,"template":"","meta":{"_uag_custom_page_level_css":""},"product_brand":[1512],"product_cat":[1456],"product_tag":[],"class_list":{"0":"post-77039","1":"product","2":"type-product","3":"status-publish","4":"has-post-thumbnail","6":"product_brand-frapp","7":"product_cat-frapp-vib","8":"pa_brand-frapp","10":"first","11":"instock","12":"taxable","13":"shipping-taxable","14":"purchasable","15":"product-type-simple"},"uagb_featured_image_src":{"full":["https:\/\/e-kalastus.b-cdn.net\/wp-content\/uploads\/2025\/01\/image-30345.png",999,999,false],"thumbnail":["https:\/\/e-kalastus.b-cdn.net\/wp-content\/uploads\/2025\/01\/image-30345-150x150.png.jpg",150,150,true],"medium":["https:\/\/e-kalastus.b-cdn.net\/wp-content\/uploads\/2025\/01\/image-30345-300x300.png.jpg",300,300,true],"medium_large":["https:\/\/e-kalastus.b-cdn.net\/wp-content\/uploads\/2025\/01\/image-30345-768x768.png.jpg",768,768,true],"large":["https:\/\/e-kalastus.b-cdn.net\/wp-content\/uploads\/2025\/01\/image-30345-800x800.png.jpg",800,800,true],"1536x1536":["https:\/\/e-kalastus.b-cdn.net\/wp-content\/uploads\/2025\/01\/image-30345.png",999,999,false],"2048x2048":["https:\/\/e-kalastus.b-cdn.net\/wp-content\/uploads\/2025\/01\/image-30345.png",999,999,false],"woocommerce_thumbnail":["https:\/\/e-kalastus.b-cdn.net\/wp-content\/uploads\/2025\/01\/image-30345-768x768.png.jpg",324,324,true],"woocommerce_single":["https:\/\/e-kalastus.b-cdn.net\/wp-content\/uploads\/2025\/01\/image-30345-768x768.png.jpg",416,416,true],"woocommerce_gallery_thumbnail":["https:\/\/e-kalastus.b-cdn.net\/wp-content\/uploads\/2025\/01\/image-30345-100x100.png.jpg",100,100,true]},"uagb_author_info":{"display_name":"Sergei Voronin","author_link":"https:\/\/e-kalastus.ee\/fi\/author\/"},"uagb_comment_info":0,"uagb_excerpt":"Suurten kalojen tappaja \u2013 hauen, ahvenen ja muiden trofeakalojen pyyntiin. FRAPP Trixy erottuu aggressiivisella liikkeell\u00e4\u00e4n, timanttireunaisella muodollaan ja realistisella suomutekstuuripinnallaan, jonka ansiosta petokala huomaa sen jo kaukaa. T\u00e4m\u00e4 on monipuolinen uistin, joka yhdist\u00e4\u00e4 yhteen malliin mahdollisimman monta ominaisuutta. Muotonsa ja painonsa ansiosta se lent\u00e4\u00e4 uskomattoman kauas \u2013 kuin pieni kivi \u2013 ja sit\u00e4 on helppo&hellip;","_links":{"self":[{"href":"https:\/\/e-kalastus.ee\/fi\/wp-json\/wp\/v2\/product\/77039","targetHints":{"allow":["GET"]}}],"collection":[{"href":"https:\/\/e-kalastus.ee\/fi\/wp-json\/wp\/v2\/product"}],"about":[{"href":"https:\/\/e-kalastus.ee\/fi\/wp-json\/wp\/v2\/types\/product"}],"wp:featuredmedia":[{"embeddable":true,"href":"https:\/\/e-kalastus.ee\/fi\/wp-json\/wp\/v2\/media\/77038"}],"wp:attachment":[{"href":"https:\/\/e-kalastus.ee\/fi\/wp-json\/wp\/v2\/media?parent=77039"}],"wp:term":[{"taxonomy":"product_brand","embeddable":true,"href":"https:\/\/e-kalastus.ee\/fi\/wp-json\/wp\/v2\/product_brand?post=77039"},{"taxonomy":"product_cat","embeddable":true,"href":"https:\/\/e-kalastus.ee\/fi\/wp-json\/wp\/v2\/product_cat?post=77039"},{"taxonomy":"product_tag","embeddable":true,"href":"https:\/\/e-kalastus.ee\/fi\/wp-json\/wp\/v2\/product_tag?post=77039"}],"curies":[{"name":"wp","href":"https:\/\/api.w.org\/{rel}","templated":true}]}}