{"id":76800,"date":"2025-01-06T16:53:58","date_gmt":"2025-01-06T14:53:58","guid":{"rendered":"https:\/\/e-kalastus.ee\/toode\/vib-frapp-whiphead-70mm-12g-35\/"},"modified":"2026-04-09T14:42:59","modified_gmt":"2026-04-09T11:42:59","slug":"vib-frapp-whiphead-70mm-12g-35","status":"publish","type":"product","link":"https:\/\/e-kalastus.ee\/fi\/tuotteet\/vib-frapp-whiphead-70mm-12g-35\/","title":{"rendered":"VIB Frapp Whiphead 70mm 12g #35"},"content":{"rendered":"\n    <div class=\"xs_social_share_widget xs_share_url after_content \t\tmain_content  wslu-style-1 wslu-share-box-shaped wslu-fill-colored wslu-none wslu-share-horizontal wslu-theme-font-no wslu-main_content\">\n\n\t\t\n        <ul>\n\t\t\t        <\/ul>\n    <\/div> \n","protected":false},"excerpt":{"rendered":"<p>T\u00e4m\u00e4 on pienin v\u00e4rin\u00e4viehe ei vain Whiphead-perheess\u00e4, vaan my\u00f6s kaikkien t\u00e4m\u00e4n luokan FRAPP-vieheiden joukossa. Kompakti ja herkk\u00e4 viehe on 70 mm pitk\u00e4 ja painaa 12 g. Kuten FRAPP-v\u00e4rin\u00e4vieheille on tyypillist\u00e4, se on valmistettu laadukkaasta ja kalojen hampaille kest\u00e4v\u00e4ksi ABS-muovista.<\/p>\n<p>Paino on kiinte\u00e4, eik\u00e4 siin\u00e4 ole helistinkapseleita, joten viehe toimii hiljaisesti. Sopii k\u00e4ytett\u00e4v\u00e4ksi sek\u00e4 j\u00e4\u00e4ll\u00e4 pilkinn\u00e4ss\u00e4 ett\u00e4 heittokalastuksessa.<\/p>\n","protected":false},"featured_media":76799,"template":"","meta":{"_uag_custom_page_level_css":""},"product_brand":[1512],"product_cat":[1456],"product_tag":[],"class_list":{"0":"post-76800","1":"product","2":"type-product","3":"status-publish","4":"has-post-thumbnail","6":"product_brand-frapp","7":"product_cat-frapp-vib","8":"pa_brand-frapp","10":"first","11":"instock","12":"taxable","13":"shipping-taxable","14":"purchasable","15":"product-type-simple"},"uagb_featured_image_src":{"full":["https:\/\/e-kalastus.b-cdn.net\/wp-content\/uploads\/2025\/01\/image-30195.png",395,606,false],"thumbnail":["https:\/\/e-kalastus.b-cdn.net\/wp-content\/uploads\/2025\/01\/image-30195-150x150.png.jpg",150,150,true],"medium":["https:\/\/e-kalastus.b-cdn.net\/wp-content\/uploads\/2025\/01\/image-30195-300x300.png.jpg",300,300,true],"medium_large":["https:\/\/e-kalastus.b-cdn.net\/wp-content\/uploads\/2025\/01\/image-30195-768x768.png.jpg",768,768,true],"large":["https:\/\/e-kalastus.b-cdn.net\/wp-content\/uploads\/2025\/01\/image-30195-800x800.png.jpg",800,800,true],"1536x1536":["https:\/\/e-kalastus.b-cdn.net\/wp-content\/uploads\/2025\/01\/image-30195.png",395,606,false],"2048x2048":["https:\/\/e-kalastus.b-cdn.net\/wp-content\/uploads\/2025\/01\/image-30195.png",395,606,false],"woocommerce_thumbnail":["https:\/\/e-kalastus.b-cdn.net\/wp-content\/uploads\/2025\/01\/image-30195-768x768.png.jpg",324,324,true],"woocommerce_single":["https:\/\/e-kalastus.b-cdn.net\/wp-content\/uploads\/2025\/01\/image-30195.png",395,606,false],"woocommerce_gallery_thumbnail":["https:\/\/e-kalastus.b-cdn.net\/wp-content\/uploads\/2025\/01\/image-30195-100x100.png.jpg",100,100,true]},"uagb_author_info":{"display_name":"Sergei Voronin","author_link":"https:\/\/e-kalastus.ee\/fi\/author\/"},"uagb_comment_info":0,"uagb_excerpt":"T\u00e4m\u00e4 on pienin v\u00e4rin\u00e4viehe ei vain Whiphead-perheess\u00e4, vaan my\u00f6s kaikkien t\u00e4m\u00e4n luokan FRAPP-vieheiden joukossa. Kompakti ja herkk\u00e4 viehe on 70 mm pitk\u00e4 ja painaa 12 g. Kuten FRAPP-v\u00e4rin\u00e4vieheille on tyypillist\u00e4, se on valmistettu laadukkaasta ja kalojen hampaille kest\u00e4v\u00e4ksi ABS-muovista. Paino on kiinte\u00e4, eik\u00e4 siin\u00e4 ole helistinkapseleita, joten viehe toimii hiljaisesti. Sopii k\u00e4ytett\u00e4v\u00e4ksi sek\u00e4 j\u00e4\u00e4ll\u00e4 pilkinn\u00e4ss\u00e4&hellip;","_links":{"self":[{"href":"https:\/\/e-kalastus.ee\/fi\/wp-json\/wp\/v2\/product\/76800","targetHints":{"allow":["GET"]}}],"collection":[{"href":"https:\/\/e-kalastus.ee\/fi\/wp-json\/wp\/v2\/product"}],"about":[{"href":"https:\/\/e-kalastus.ee\/fi\/wp-json\/wp\/v2\/types\/product"}],"wp:featuredmedia":[{"embeddable":true,"href":"https:\/\/e-kalastus.ee\/fi\/wp-json\/wp\/v2\/media\/76799"}],"wp:attachment":[{"href":"https:\/\/e-kalastus.ee\/fi\/wp-json\/wp\/v2\/media?parent=76800"}],"wp:term":[{"taxonomy":"product_brand","embeddable":true,"href":"https:\/\/e-kalastus.ee\/fi\/wp-json\/wp\/v2\/product_brand?post=76800"},{"taxonomy":"product_cat","embeddable":true,"href":"https:\/\/e-kalastus.ee\/fi\/wp-json\/wp\/v2\/product_cat?post=76800"},{"taxonomy":"product_tag","embeddable":true,"href":"https:\/\/e-kalastus.ee\/fi\/wp-json\/wp\/v2\/product_tag?post=76800"}],"curies":[{"name":"wp","href":"https:\/\/api.w.org\/{rel}","templated":true}]}}