{"id":76032,"date":"2024-11-07T13:51:41","date_gmt":"2024-11-07T11:51:41","guid":{"rendered":"https:\/\/e-kalastus.ee\/toode\/peibutussoot-traper-ready-to-use-ahven-075kg-00134\/"},"modified":"2026-03-30T15:47:35","modified_gmt":"2026-03-30T12:47:35","slug":"peibutussoot-traper-ready-to-use-ahven-075kg-00134","status":"publish","type":"product","link":"https:\/\/e-kalastus.ee\/fi\/tuotteet\/pohjaviehe-traper-ready-to-use-ahven-075kg-00134\/","title":{"rendered":"Pohjaviehe Traper Ready To Use Ahven 0,75kg 00134"},"content":{"rendered":"\n    <div class=\"xs_social_share_widget xs_share_url after_content \t\tmain_content  wslu-style-1 wslu-share-box-shaped wslu-fill-colored wslu-none wslu-share-horizontal wslu-theme-font-no wslu-main_content\">\n\n\t\t\n        <ul>\n\t\t\t        <\/ul>\n    <\/div> \n","protected":false},"excerpt":{"rendered":"<p>T\u00e4m\u00e4n sarjan sy\u00f6tit ovat ainutlaatuisia, koska ne ovat jo t\u00e4ysin k\u00e4ytt\u00f6valmiita, kuten nimi &#8221;Ready&#8221; (valmis) viittaa. Sinun ei en\u00e4\u00e4 tarvitse taistella kylm\u00e4n sy\u00f6tin kanssa, etsi\u00e4 sekoitusastioita tai kastaa k\u00e4si\u00e4si kylm\u00e4\u00e4n veteen.<\/p>\n<p>Paino: 0,75 kg<\/p>\n","protected":false},"featured_media":76031,"template":"","meta":{"_uag_custom_page_level_css":""},"product_brand":[1522],"product_cat":[1236],"product_tag":[],"class_list":{"0":"post-76032","1":"product","2":"type-product","3":"status-publish","4":"has-post-thumbnail","6":"product_brand-traper","7":"product_cat-talisoodad","8":"pa_brand-traper","10":"first","11":"instock","12":"taxable","13":"shipping-taxable","14":"purchasable","15":"product-type-simple"},"uagb_featured_image_src":{"full":["https:\/\/e-kalastus.b-cdn.net\/wp-content\/uploads\/2024\/11\/image-29361.png",800,800,false],"thumbnail":["https:\/\/e-kalastus.b-cdn.net\/wp-content\/uploads\/2024\/11\/image-29361-150x150.png.jpg",150,150,true],"medium":["https:\/\/e-kalastus.b-cdn.net\/wp-content\/uploads\/2024\/11\/image-29361-300x300.png.jpg",300,300,true],"medium_large":["https:\/\/e-kalastus.b-cdn.net\/wp-content\/uploads\/2024\/11\/image-29361-768x768.png.jpg",768,768,true],"large":["https:\/\/e-kalastus.b-cdn.net\/wp-content\/uploads\/2024\/11\/image-29361-800x800.png.jpg",800,800,true],"1536x1536":["https:\/\/e-kalastus.b-cdn.net\/wp-content\/uploads\/2024\/11\/image-29361.png",800,800,false],"2048x2048":["https:\/\/e-kalastus.b-cdn.net\/wp-content\/uploads\/2024\/11\/image-29361.png",800,800,false],"woocommerce_thumbnail":["https:\/\/e-kalastus.b-cdn.net\/wp-content\/uploads\/2024\/11\/image-29361-768x768.png.jpg",324,324,true],"woocommerce_single":["https:\/\/e-kalastus.b-cdn.net\/wp-content\/uploads\/2024\/11\/image-29361-768x768.png.jpg",416,416,true],"woocommerce_gallery_thumbnail":["https:\/\/e-kalastus.b-cdn.net\/wp-content\/uploads\/2024\/11\/image-29361-100x100.png.jpg",100,100,true]},"uagb_author_info":{"display_name":"Sergei Voronin","author_link":"https:\/\/e-kalastus.ee\/fi\/author\/"},"uagb_comment_info":0,"uagb_excerpt":"T\u00e4m\u00e4n sarjan sy\u00f6tit ovat ainutlaatuisia, koska ne ovat jo t\u00e4ysin k\u00e4ytt\u00f6valmiita, kuten nimi \"Ready\" (valmis) viittaa. Sinun ei en\u00e4\u00e4 tarvitse taistella kylm\u00e4n sy\u00f6tin kanssa, etsi\u00e4 sekoitusastioita tai kastaa k\u00e4si\u00e4si kylm\u00e4\u00e4n veteen. Paino: 0,75 kg","_links":{"self":[{"href":"https:\/\/e-kalastus.ee\/fi\/wp-json\/wp\/v2\/product\/76032","targetHints":{"allow":["GET"]}}],"collection":[{"href":"https:\/\/e-kalastus.ee\/fi\/wp-json\/wp\/v2\/product"}],"about":[{"href":"https:\/\/e-kalastus.ee\/fi\/wp-json\/wp\/v2\/types\/product"}],"wp:featuredmedia":[{"embeddable":true,"href":"https:\/\/e-kalastus.ee\/fi\/wp-json\/wp\/v2\/media\/76031"}],"wp:attachment":[{"href":"https:\/\/e-kalastus.ee\/fi\/wp-json\/wp\/v2\/media?parent=76032"}],"wp:term":[{"taxonomy":"product_brand","embeddable":true,"href":"https:\/\/e-kalastus.ee\/fi\/wp-json\/wp\/v2\/product_brand?post=76032"},{"taxonomy":"product_cat","embeddable":true,"href":"https:\/\/e-kalastus.ee\/fi\/wp-json\/wp\/v2\/product_cat?post=76032"},{"taxonomy":"product_tag","embeddable":true,"href":"https:\/\/e-kalastus.ee\/fi\/wp-json\/wp\/v2\/product_tag?post=76032"}],"curies":[{"name":"wp","href":"https:\/\/api.w.org\/{rel}","templated":true}]}}