{"id":743,"date":"2023-08-08T12:58:17","date_gmt":"2023-08-08T09:58:17","guid":{"rendered":"https:\/\/e-kalastus.ee\/toode\/noor-sunline-pe-jigger-ult-x8-2-024mm-200m-multicolor\/"},"modified":"2026-04-10T15:25:55","modified_gmt":"2026-04-10T12:25:55","slug":"noor-sunline-pe-jigger-ult-x8-2-024mm-200m-multicolor","status":"publish","type":"product","link":"https:\/\/e-kalastus.ee\/toode\/noor-sunline-pe-jigger-ult-x8-2-024mm-200m-multicolor\/","title":{"rendered":"Sunline PE Jigger ULT X8 #2,0 0,24mm 200m #Multicolor"},"content":{"rendered":"<p>\u25cf T\u00e4nu SSP (sileda pinna t\u00f6\u00f6tlemise) tehnoloogiale muutub tamiili pind \u00e4\u00e4rmiselt siledaks. T\u00e4nu sellele on v\u00f5imalik saavutada \u00fclikiire langemiskiirus.<br \/>\n\u25cf Tamiili kuju on peaaegu t\u00e4iuslikult \u00fcmar ja see talub ka keerulisi p\u00fc\u00fcgiolukordi. Samuti on v\u00e4hendatud h\u00f5\u00f5rdumist r\u00f5ngastega.<br \/>\n\u25cf Vastupidavate toorainete ja sobiva venivuse kombinatsiooniga talub tamiil suurte kalade tugevat t\u00f5mmet.<br \/>\n\u25cf T\u00e4nu v\u00e4ljat\u00f6\u00f6tatud EMSC (lihtne m\u00f5\u00f5tev\u00e4rvis\u00fcsteem) tehnoloogiale on v\u00f5imalik kalap\u00fc\u00fck kindlal s\u00fcgavusel. Kasutatakse n\u00e4htavaid ja erksaid v\u00e4rve, mis meres kergesti ei varja.<\/p>\n\n    <div class=\"xs_social_share_widget xs_share_url after_content \t\tmain_content  wslu-style-1 wslu-share-box-shaped wslu-fill-colored wslu-none wslu-share-horizontal wslu-theme-font-no wslu-main_content\">\n\n\t\t\n        <ul>\n\t\t\t        <\/ul>\n    <\/div>","protected":false},"excerpt":{"rendered":"<p>H\u00e4mmastav kukkumiskiirus!<\/p>\n","protected":false},"featured_media":67417,"template":"","meta":{"_uag_custom_page_level_css":""},"product_brand":[1524],"product_cat":[1158],"product_tag":[],"class_list":{"0":"post-743","1":"product","2":"type-product","3":"status-publish","4":"has-post-thumbnail","6":"product_brand-sunline","7":"product_cat-noorid","8":"pa_brand-sunline","9":"pa_labimoot-0-21-0-25mm","11":"first","12":"outofstock","13":"taxable","14":"shipping-taxable","15":"purchasable","16":"product-type-simple"},"uagb_featured_image_src":{"full":["https:\/\/e-kalastus.b-cdn.net\/wp-content\/uploads\/2024\/07\/sunline-pe-jigger-ult-x4-200m-12-0187mm-20lb-92kg-3.jpg",458,458,false],"thumbnail":["https:\/\/e-kalastus.b-cdn.net\/wp-content\/uploads\/2024\/07\/sunline-pe-jigger-ult-x4-200m-12-0187mm-20lb-92kg-3-150x150.jpg",150,150,true],"medium":["https:\/\/e-kalastus.b-cdn.net\/wp-content\/uploads\/2024\/07\/sunline-pe-jigger-ult-x4-200m-12-0187mm-20lb-92kg-3-300x300.jpg",300,300,true],"medium_large":["https:\/\/e-kalastus.b-cdn.net\/wp-content\/uploads\/2024\/07\/sunline-pe-jigger-ult-x4-200m-12-0187mm-20lb-92kg-3-768x768.jpg",768,768,true],"large":["https:\/\/e-kalastus.b-cdn.net\/wp-content\/uploads\/2024\/07\/sunline-pe-jigger-ult-x4-200m-12-0187mm-20lb-92kg-3-800x800.jpg",800,800,true],"1536x1536":["https:\/\/e-kalastus.b-cdn.net\/wp-content\/uploads\/2024\/07\/sunline-pe-jigger-ult-x4-200m-12-0187mm-20lb-92kg-3.jpg",458,458,false],"2048x2048":["https:\/\/e-kalastus.b-cdn.net\/wp-content\/uploads\/2024\/07\/sunline-pe-jigger-ult-x4-200m-12-0187mm-20lb-92kg-3.jpg",458,458,false],"woocommerce_thumbnail":["https:\/\/e-kalastus.b-cdn.net\/wp-content\/uploads\/2024\/07\/sunline-pe-jigger-ult-x4-200m-12-0187mm-20lb-92kg-3-768x768.jpg",324,324,true],"woocommerce_single":["https:\/\/e-kalastus.b-cdn.net\/wp-content\/uploads\/2024\/07\/sunline-pe-jigger-ult-x4-200m-12-0187mm-20lb-92kg-3-768x768.jpg",416,416,true],"woocommerce_gallery_thumbnail":["https:\/\/e-kalastus.b-cdn.net\/wp-content\/uploads\/2024\/07\/sunline-pe-jigger-ult-x4-200m-12-0187mm-20lb-92kg-3-100x100.jpg",100,100,true]},"uagb_author_info":{"display_name":"adam.mrozek","author_link":"https:\/\/e-kalastus.ee\/author\/"},"uagb_comment_info":0,"uagb_excerpt":"H\u00e4mmastav kukkumiskiirus!","_links":{"self":[{"href":"https:\/\/e-kalastus.ee\/wp-json\/wp\/v2\/product\/743","targetHints":{"allow":["GET"]}}],"collection":[{"href":"https:\/\/e-kalastus.ee\/wp-json\/wp\/v2\/product"}],"about":[{"href":"https:\/\/e-kalastus.ee\/wp-json\/wp\/v2\/types\/product"}],"wp:featuredmedia":[{"embeddable":true,"href":"https:\/\/e-kalastus.ee\/wp-json\/wp\/v2\/media\/67417"}],"wp:attachment":[{"href":"https:\/\/e-kalastus.ee\/wp-json\/wp\/v2\/media?parent=743"}],"wp:term":[{"taxonomy":"product_brand","embeddable":true,"href":"https:\/\/e-kalastus.ee\/wp-json\/wp\/v2\/product_brand?post=743"},{"taxonomy":"product_cat","embeddable":true,"href":"https:\/\/e-kalastus.ee\/wp-json\/wp\/v2\/product_cat?post=743"},{"taxonomy":"product_tag","embeddable":true,"href":"https:\/\/e-kalastus.ee\/wp-json\/wp\/v2\/product_tag?post=743"}],"curies":[{"name":"wp","href":"https:\/\/api.w.org\/{rel}","templated":true}]}}