{"id":73810,"date":"2024-07-27T12:36:41","date_gmt":"2024-07-27T09:36:41","guid":{"rendered":"https:\/\/e-kalastus.ee\/toode\/silikoon-narval-skinny-10cm-5tk-034-black-prince\/"},"modified":"2026-03-30T15:47:43","modified_gmt":"2026-03-30T12:47:43","slug":"silikoon-narval-skinny-10cm-5tk-034-black-prince","status":"publish","type":"product","link":"https:\/\/e-kalastus.ee\/fi\/tuotteet\/silikoniviehe-narval-skinny-10cm-5kpl-034-black-prince\/","title":{"rendered":"Narval Skinny 10cm 5kpl #034 Black Prince"},"content":{"rendered":"<p>Narval Skinny \u2013 Narval Fishingin uusin shad-viehemalli, saatavilla nelj\u00e4ss\u00e4 koossa: 8, 10, 12 ja 14 cm. T\u00e4m\u00e4 viehe toimii erinomaisesti sek\u00e4 kolmikoukun ett\u00e4 jigikoukun kanssa. Kompakti pyrst\u00f6 her\u00e4\u00e4 eloon jo pienimm\u00e4ll\u00e4kin painolla, antaen hoikalle &#8221;minnow&#8221;-ruumiille rytmikk\u00e4\u00e4n ja korkeataajuisen pelin. Erinomaisten lentoominaisuuksiensa ansiosta Narval Skinny on erityisesti arvostettu rannasta tapahtuvassa kalastuksessa. Haluttu saalis \u2013 olkoon se ahven, kuha tai hauki \u2013 on aina ulottuvillasi Narval Skinnyll\u00e4.<\/p>\n\n    <div class=\"xs_social_share_widget xs_share_url after_content \t\tmain_content  wslu-style-1 wslu-share-box-shaped wslu-fill-colored wslu-none wslu-share-horizontal wslu-theme-font-no wslu-main_content\">\n\n\t\t\n        <ul>\n\t\t\t        <\/ul>\n    <\/div>","protected":false},"excerpt":{"rendered":"<p>Narval Skinny on uusin shad-viehe, joka toimii erinomaisesti sek\u00e4 jigikoukun ett\u00e4 kolmikoukun kanssa, tarjoaa el\u00e4v\u00e4\u00e4 peli\u00e4 jo pienimm\u00e4ll\u00e4kin painolla ja houkuttelee helposti ahventa, kuhaa ja haukea.<\/p>\n","protected":false},"featured_media":73809,"template":"","meta":{"_uag_custom_page_level_css":""},"product_brand":[1153],"product_cat":[1372],"product_tag":[],"class_list":{"0":"post-73810","1":"product","2":"type-product","3":"status-publish","4":"has-post-thumbnail","6":"product_brand-narval","7":"product_cat-skinny","8":"pa_brand-narval","10":"first","11":"instock","12":"taxable","13":"shipping-taxable","14":"purchasable","15":"product-type-simple"},"uagb_featured_image_src":{"full":["https:\/\/e-kalastus.b-cdn.net\/wp-content\/uploads\/2024\/07\/image-25632.png",800,800,false],"thumbnail":["https:\/\/e-kalastus.b-cdn.net\/wp-content\/uploads\/2024\/07\/image-25632-150x150.png.jpg",150,150,true],"medium":["https:\/\/e-kalastus.b-cdn.net\/wp-content\/uploads\/2024\/07\/image-25632-300x300.png.jpg",300,300,true],"medium_large":["https:\/\/e-kalastus.b-cdn.net\/wp-content\/uploads\/2024\/07\/image-25632-768x768.png.jpg",768,768,true],"large":["https:\/\/e-kalastus.b-cdn.net\/wp-content\/uploads\/2024\/07\/image-25632-800x800.png.jpg",800,800,true],"1536x1536":["https:\/\/e-kalastus.b-cdn.net\/wp-content\/uploads\/2024\/07\/image-25632.png",800,800,false],"2048x2048":["https:\/\/e-kalastus.b-cdn.net\/wp-content\/uploads\/2024\/07\/image-25632.png",800,800,false],"woocommerce_thumbnail":["https:\/\/e-kalastus.b-cdn.net\/wp-content\/uploads\/2024\/07\/image-25632-768x768.png.jpg",324,324,true],"woocommerce_single":["https:\/\/e-kalastus.b-cdn.net\/wp-content\/uploads\/2024\/07\/image-25632-768x768.png.jpg",416,416,true],"woocommerce_gallery_thumbnail":["https:\/\/e-kalastus.b-cdn.net\/wp-content\/uploads\/2024\/07\/image-25632-100x100.png.jpg",100,100,true]},"uagb_author_info":{"display_name":"Sergei Voronin","author_link":"https:\/\/e-kalastus.ee\/fi\/author\/"},"uagb_comment_info":0,"uagb_excerpt":"Narval Skinny on uusin shad-viehe, joka toimii erinomaisesti sek\u00e4 jigikoukun ett\u00e4 kolmikoukun kanssa, tarjoaa el\u00e4v\u00e4\u00e4 peli\u00e4 jo pienimm\u00e4ll\u00e4kin painolla ja houkuttelee helposti ahventa, kuhaa ja haukea.","_links":{"self":[{"href":"https:\/\/e-kalastus.ee\/fi\/wp-json\/wp\/v2\/product\/73810","targetHints":{"allow":["GET"]}}],"collection":[{"href":"https:\/\/e-kalastus.ee\/fi\/wp-json\/wp\/v2\/product"}],"about":[{"href":"https:\/\/e-kalastus.ee\/fi\/wp-json\/wp\/v2\/types\/product"}],"wp:featuredmedia":[{"embeddable":true,"href":"https:\/\/e-kalastus.ee\/fi\/wp-json\/wp\/v2\/media\/73809"}],"wp:attachment":[{"href":"https:\/\/e-kalastus.ee\/fi\/wp-json\/wp\/v2\/media?parent=73810"}],"wp:term":[{"taxonomy":"product_brand","embeddable":true,"href":"https:\/\/e-kalastus.ee\/fi\/wp-json\/wp\/v2\/product_brand?post=73810"},{"taxonomy":"product_cat","embeddable":true,"href":"https:\/\/e-kalastus.ee\/fi\/wp-json\/wp\/v2\/product_cat?post=73810"},{"taxonomy":"product_tag","embeddable":true,"href":"https:\/\/e-kalastus.ee\/fi\/wp-json\/wp\/v2\/product_tag?post=73810"}],"curies":[{"name":"wp","href":"https:\/\/api.w.org\/{rel}","templated":true}]}}