{"id":73724,"date":"2024-07-26T12:21:30","date_gmt":"2024-07-26T09:21:30","guid":{"rendered":"https:\/\/e-kalastus.ee\/toode\/silikoon-narval-commander-shad-10cm-5tk-012-jon-snow\/"},"modified":"2026-03-30T14:58:25","modified_gmt":"2026-03-30T11:58:25","slug":"silikoon-narval-commander-shad-10cm-5tk-012-jon-snow","status":"publish","type":"product","link":"https:\/\/e-kalastus.ee\/toode\/silikoon-narval-commander-shad-10cm-5tk-012-jon-snow\/","title":{"rendered":"Narval Commander Shad 10cm 5tk #012 Jon Snow"},"content":{"rendered":"<p><\/p>\n<p dir=\"ltr\" style=\"line-height:1.38;margin-top:12pt;margin-bottom:12pt\"><span id=\"docs-internal-guid-51c87bbb-7fff-595a-4d29-c75aa68dc16e\"><span style=\"font-size: 11pt;font-family: Arial, sans-serif;background-color: transparent;vertical-align: baseline\">COMMANDER SHAD \u2013 trofeekalade spetsialist!!!<\/span><\/span><\/p>\n<p dir=\"ltr\" style=\"line-height:1.38;margin-top:12pt;margin-bottom:12pt\"><span id=\"docs-internal-guid-51c87bbb-7fff-595a-4d29-c75aa68dc16e\"><span style=\"font-size: 11pt;font-family: Arial, sans-serif;background-color: transparent;vertical-align: baseline\">V\u00e4liselt n\u00e4eb see v\u00e4lja nagu klassikaline peibutus, kuid peidab endas palju erilisi omadusi. Masala valmistamisel kasutatud silikoon on v\u00e4ga pehme, kuid samas vastupidav r\u00f6\u00f6vkalade teravatele hammastele.<\/span><\/span><\/p>\n<p dir=\"ltr\" style=\"line-height:1.38;margin-top:12pt;margin-bottom:12pt\"><span id=\"docs-internal-guid-51c87bbb-7fff-595a-4d29-c75aa68dc16e\"><span style=\"font-size: 11pt;font-family: Arial, sans-serif;background-color: transparent;vertical-align: baseline\">Peibutise k\u00f5hu esiosas on eriline \u201ep\u00f5hi\u201c, mis annab landile k\u00fclgk\u00f5ikumise ja tugevdab tekitatavaid vibratsioone. Keskmise suurusega saba mitte ainult ei vibreeri k\u00fclgedele, vaid keerleb ka \u00fcmber oma telje, luues t\u00e4iendavaid turbulentsivibratsioone.<\/span><\/span><\/p>\n<p><span id=\"docs-internal-guid-51c87bbb-7fff-595a-4d29-c75aa68dc16e\"><span style=\"font-size: 11pt;font-family: Arial, sans-serif;background-color: transparent;vertical-align: baseline\">Peibutise pikkus \u2013 10 cm<\/span><br \/>\n<span style=\"font-size: 11pt;font-family: Arial, sans-serif;background-color: transparent;vertical-align: baseline\">Peibutise kaal \u2013 9 g<\/span><br \/>\n<span style=\"font-size: 11pt;font-family: Arial, sans-serif;background-color: transparent;vertical-align: baseline\">Pakendis \u2013 5 tk<\/span><\/span><\/p>\n\n    <div class=\"xs_social_share_widget xs_share_url after_content \t\tmain_content  wslu-style-1 wslu-share-box-shaped wslu-fill-colored wslu-none wslu-share-horizontal wslu-theme-font-no wslu-main_content\">\n\n\t\t\n        <ul>\n\t\t\t        <\/ul>\n    <\/div>","protected":false},"excerpt":{"rendered":"<p>COMMANDER SHAD on 10 cm pikkune ja 9 g kaaluv peibutus, mis \u00fchendab pehme ja vastupidava silikooni erilise k\u00f5hupadjaga ning saba keerlemisega, muutes selle t\u00f5eliseks trofeekalade p\u00fc\u00fcdjaks.<\/p>\n","protected":false},"featured_media":73723,"template":"","meta":{"_uag_custom_page_level_css":""},"product_brand":[1153],"product_cat":[1367],"product_tag":[],"class_list":{"0":"post-73724","1":"product","2":"type-product","3":"status-publish","4":"has-post-thumbnail","6":"product_brand-narval","7":"product_cat-commander-shad","8":"pa_brand-narval","10":"first","11":"instock","12":"taxable","13":"shipping-taxable","14":"purchasable","15":"product-type-simple"},"uagb_featured_image_src":{"full":["https:\/\/e-kalastus.b-cdn.net\/wp-content\/uploads\/2024\/07\/image-25455.png",395,606,false],"thumbnail":["https:\/\/e-kalastus.b-cdn.net\/wp-content\/uploads\/2024\/07\/image-25455-150x150.png.jpg",150,150,true],"medium":["https:\/\/e-kalastus.b-cdn.net\/wp-content\/uploads\/2024\/07\/image-25455-300x300.png.jpg",300,300,true],"medium_large":["https:\/\/e-kalastus.b-cdn.net\/wp-content\/uploads\/2024\/07\/image-25455-768x768.png.jpg",768,768,true],"large":["https:\/\/e-kalastus.b-cdn.net\/wp-content\/uploads\/2024\/07\/image-25455-800x800.png.jpg",800,800,true],"1536x1536":["https:\/\/e-kalastus.b-cdn.net\/wp-content\/uploads\/2024\/07\/image-25455.png",395,606,false],"2048x2048":["https:\/\/e-kalastus.b-cdn.net\/wp-content\/uploads\/2024\/07\/image-25455.png",395,606,false],"woocommerce_thumbnail":["https:\/\/e-kalastus.b-cdn.net\/wp-content\/uploads\/2024\/07\/image-25455-768x768.png.jpg",324,324,true],"woocommerce_single":["https:\/\/e-kalastus.b-cdn.net\/wp-content\/uploads\/2024\/07\/image-25455.png",395,606,false],"woocommerce_gallery_thumbnail":["https:\/\/e-kalastus.b-cdn.net\/wp-content\/uploads\/2024\/07\/image-25455-100x100.png.jpg",100,100,true]},"uagb_author_info":{"display_name":"Sergei Voronin","author_link":"https:\/\/e-kalastus.ee\/author\/"},"uagb_comment_info":0,"uagb_excerpt":"COMMANDER SHAD on 10 cm pikkune ja 9 g kaaluv peibutus, mis \u00fchendab pehme ja vastupidava silikooni erilise k\u00f5hupadjaga ning saba keerlemisega, muutes selle t\u00f5eliseks trofeekalade p\u00fc\u00fcdjaks.","_links":{"self":[{"href":"https:\/\/e-kalastus.ee\/wp-json\/wp\/v2\/product\/73724","targetHints":{"allow":["GET"]}}],"collection":[{"href":"https:\/\/e-kalastus.ee\/wp-json\/wp\/v2\/product"}],"about":[{"href":"https:\/\/e-kalastus.ee\/wp-json\/wp\/v2\/types\/product"}],"wp:featuredmedia":[{"embeddable":true,"href":"https:\/\/e-kalastus.ee\/wp-json\/wp\/v2\/media\/73723"}],"wp:attachment":[{"href":"https:\/\/e-kalastus.ee\/wp-json\/wp\/v2\/media?parent=73724"}],"wp:term":[{"taxonomy":"product_brand","embeddable":true,"href":"https:\/\/e-kalastus.ee\/wp-json\/wp\/v2\/product_brand?post=73724"},{"taxonomy":"product_cat","embeddable":true,"href":"https:\/\/e-kalastus.ee\/wp-json\/wp\/v2\/product_cat?post=73724"},{"taxonomy":"product_tag","embeddable":true,"href":"https:\/\/e-kalastus.ee\/wp-json\/wp\/v2\/product_tag?post=73724"}],"curies":[{"name":"wp","href":"https:\/\/api.w.org\/{rel}","templated":true}]}}