{"id":63370,"date":"2024-06-05T15:52:37","date_gmt":"2024-06-05T12:52:37","guid":{"rendered":"https:\/\/e-kalastus.ee\/toode\/thermacell-e55-elektrooniline-saasepeletaja\/"},"modified":"2026-03-30T14:20:52","modified_gmt":"2026-03-30T11:20:52","slug":"thermacell-e55-elektrooniline-saasepeletaja","status":"publish","type":"product","link":"https:\/\/e-kalastus.ee\/fi\/tuotteet\/thermacell-e55-elektroninen-hyttyskarkotin\/","title":{"rendered":"Thermacell E55 Elektroninen Hyttyskarkotin"},"content":{"rendered":"<p><\/p>\n<p>Aku-k\u00e4ytt\u00f6inen ThermaCELL E55 hyttyskarkotin torjuu hyttysi\u00e4 tehokkaasti, luoden itsens\u00e4 ymp\u00e4rille noin 29 m\u00b2 suuruisen hyttyssuojavy\u00f6hykkeen.<\/p>\n<p>Voita pahin hyttyshy\u00f6kk\u00e4ys yhdell\u00e4 painikkeen painalluksella. Uudella langattomalla Thermacell-hyttyskarkottimella on pidempi k\u00e4ytt\u00f6aika, optimoitu torjuntateho ja se ohjataan yhdest\u00e4 painikkeesta. Parhaan tuloksen saavuttamiseksi suunniteltu ThermaCELL E55 on vaivatonta, helppok\u00e4ytt\u00f6ist\u00e4, uudelleenladattavaa, hajutonta ja kompaktia. Koska E55:tt\u00e4 k\u00e4ytt\u00e4\u00e4 litiumioniakku, ei Thermacellin kaasupatruunoita, se on lentokoneyst\u00e4v\u00e4llinen ja t\u00e4ysin k\u00e4ytett\u00e4viss\u00e4 mill\u00e4 tahansa korkeudella.<br \/>Helposti yhdest\u00e4 painikkeesta ohjattava. Laita se p\u00e4\u00e4lle \u2026 ja hyttyset ovat poissa!<\/p>\n<p>Hyttyskarkotin ilman iholle levitett\u00e4vi\u00e4 kemikaaleja, kuten suihkeita tai voiteita. DEET-vapaa ja hajuton.<br \/>Noudattaa lentoturvallisuuss\u00e4\u00e4nt\u00f6j\u00e4 ja on eritt\u00e4in kannettava. Toimii samalla tavalla mill\u00e4 tahansa korkeudella.<br \/>Toimii 6,5+ tuntia yhdell\u00e4 latauksella. Voidaan k\u00e4ytt\u00e4\u00e4 latauksen aikana.<br \/>Latautuu t\u00e4yteen 5 tunnissa.<br \/>Matkalukot, valinnainen automaattinen sammutusaika (2 tunnin j\u00e4lkeen) tai jatkuva toiminta.<br \/>Torjuu hyttysi\u00e4 jopa 40 tuntia yhdell\u00e4 t\u00e4ytepatruunalla (t\u00e4ytepakkaukset myyd\u00e4\u00e4n erikseen).<br \/>Suojaa 29 m\u00b2 aluetta.<br \/>Kest\u00e4v\u00e4\u00e4, kompaktia ja tehokasta.<\/p>\n<p>Sis\u00e4ltyy: E55 hyttyskarkotin, 40 tunnin t\u00e4ytepatruuna ja USB-latauskaapeli. Varustettu akun ilmaisimella.<br \/>S\u00c4ILYTYSHUOMAUTUS: Lataa akku t\u00e4yteen ennen pitk\u00e4aikaista s\u00e4ilytyst\u00e4.<\/p>\n<p>Vaikuttava aine: Metoflutriini\/pralletriini<br \/>Kokoonpano: Valmis k\u00e4ytett\u00e4v\u00e4ksi<br \/>Aku: Sis\u00e4\u00e4nrakennettu uudelleenladattava Li-ion<br \/>Mitat: 7.4x 7.4 x 8.4 cm (LxKxS)<br \/>Suojan kesto (tunteina): 40<br \/>Mallinumero: E55<br \/>Paino (kg): 0,181<br \/>Suojavy\u00f6hykkeen kattavuus: 29 m\u00b2<\/p>\n<p>&nbsp;<\/p>\n<p><\/p>\n\n    <div class=\"xs_social_share_widget xs_share_url after_content \t\tmain_content  wslu-style-1 wslu-share-box-shaped wslu-fill-colored wslu-none wslu-share-horizontal wslu-theme-font-no wslu-main_content\">\n\n\t\t\n        <ul>\n\t\t\t        <\/ul>\n    <\/div>","protected":false},"excerpt":{"rendered":"<p>Aku-k\u00e4ytt\u00f6inen ThermaCELL E55 hyttyskarkotin torjuu hyttysi\u00e4 tehokkaasti, luoden itsens\u00e4 ymp\u00e4rille noin 29 m\u00b2 suuruisen hyttyssuojavy\u00f6hykkeen. Voita pahin hyttyshy\u00f6kk\u00e4ys yhdell\u00e4 painikkeen painalluksella. Uudella langattomalla Thermacell-hyttyskarkottimella on pidempi k\u00e4ytt\u00f6aika, optimoitu torjuntateho ja se ohjataan yhdest\u00e4 painikkeesta. Parhaan tuloksen saavuttamiseksi suunniteltu ThermaCELL E55 on vaivatonta, helppok\u00e4ytt\u00f6ist\u00e4, uudelleenladattavaa, hajutonta ja kompaktia. Koska E55:tt\u00e4 k\u00e4ytt\u00e4\u00e4 litiumioniakku, ei Thermacellin kaasupatruunoita, se [&hellip;]<\/p>\n","protected":false},"featured_media":63369,"template":"","meta":{"_uag_custom_page_level_css":""},"product_brand":[],"product_cat":[1220],"product_tag":[],"class_list":{"0":"post-63370","1":"product","2":"type-product","3":"status-publish","4":"has-post-thumbnail","6":"product_cat-muud-tarvikud","8":"first","9":"outofstock","10":"sale","11":"taxable","12":"shipping-taxable","13":"purchasable","14":"product-type-simple"},"uagb_featured_image_src":{"full":["https:\/\/e-kalastus.b-cdn.net\/wp-content\/uploads\/2024\/06\/Thermacell-Rechargeable-E55-Mosquito-Repellent-with-12-Hour-Refill-and-USB-Charging-Cable-Charcoal-0b3be857-6384-454e-8e78-8b7bb0797e35-45c64a87240252f4bfbe5039328dbc45-jpeg.png",1000,1000,false],"thumbnail":["https:\/\/e-kalastus.b-cdn.net\/wp-content\/uploads\/2024\/06\/Thermacell-Rechargeable-E55-Mosquito-Repellent-with-12-Hour-Refill-and-USB-Charging-Cable-Charcoal-0b3be857-6384-454e-8e78-8b7bb0797e35-45c64a87240252f4bfbe5039328dbc45-jpeg-150x150.png.jpg",150,150,true],"medium":["https:\/\/e-kalastus.b-cdn.net\/wp-content\/uploads\/2024\/06\/Thermacell-Rechargeable-E55-Mosquito-Repellent-with-12-Hour-Refill-and-USB-Charging-Cable-Charcoal-0b3be857-6384-454e-8e78-8b7bb0797e35-45c64a87240252f4bfbe5039328dbc45-jpeg-300x300.png.jpg",300,300,true],"medium_large":["https:\/\/e-kalastus.b-cdn.net\/wp-content\/uploads\/2024\/06\/Thermacell-Rechargeable-E55-Mosquito-Repellent-with-12-Hour-Refill-and-USB-Charging-Cable-Charcoal-0b3be857-6384-454e-8e78-8b7bb0797e35-45c64a87240252f4bfbe5039328dbc45-jpeg-768x768.png.jpg",768,768,true],"large":["https:\/\/e-kalastus.b-cdn.net\/wp-content\/uploads\/2024\/06\/Thermacell-Rechargeable-E55-Mosquito-Repellent-with-12-Hour-Refill-and-USB-Charging-Cable-Charcoal-0b3be857-6384-454e-8e78-8b7bb0797e35-45c64a87240252f4bfbe5039328dbc45-jpeg-800x800.png.jpg",800,800,true],"1536x1536":["https:\/\/e-kalastus.b-cdn.net\/wp-content\/uploads\/2024\/06\/Thermacell-Rechargeable-E55-Mosquito-Repellent-with-12-Hour-Refill-and-USB-Charging-Cable-Charcoal-0b3be857-6384-454e-8e78-8b7bb0797e35-45c64a87240252f4bfbe5039328dbc45-jpeg.png",1000,1000,false],"2048x2048":["https:\/\/e-kalastus.b-cdn.net\/wp-content\/uploads\/2024\/06\/Thermacell-Rechargeable-E55-Mosquito-Repellent-with-12-Hour-Refill-and-USB-Charging-Cable-Charcoal-0b3be857-6384-454e-8e78-8b7bb0797e35-45c64a87240252f4bfbe5039328dbc45-jpeg.png",1000,1000,false],"woocommerce_thumbnail":["https:\/\/e-kalastus.b-cdn.net\/wp-content\/uploads\/2024\/06\/Thermacell-Rechargeable-E55-Mosquito-Repellent-with-12-Hour-Refill-and-USB-Charging-Cable-Charcoal-0b3be857-6384-454e-8e78-8b7bb0797e35-45c64a87240252f4bfbe5039328dbc45-jpeg-768x768.png.jpg",324,324,true],"woocommerce_single":["https:\/\/e-kalastus.b-cdn.net\/wp-content\/uploads\/2024\/06\/Thermacell-Rechargeable-E55-Mosquito-Repellent-with-12-Hour-Refill-and-USB-Charging-Cable-Charcoal-0b3be857-6384-454e-8e78-8b7bb0797e35-45c64a87240252f4bfbe5039328dbc45-jpeg-768x768.png.jpg",416,416,true],"woocommerce_gallery_thumbnail":["https:\/\/e-kalastus.b-cdn.net\/wp-content\/uploads\/2024\/06\/Thermacell-Rechargeable-E55-Mosquito-Repellent-with-12-Hour-Refill-and-USB-Charging-Cable-Charcoal-0b3be857-6384-454e-8e78-8b7bb0797e35-45c64a87240252f4bfbe5039328dbc45-jpeg-100x100.png.jpg",100,100,true]},"uagb_author_info":{"display_name":"adam.mrozek","author_link":"https:\/\/e-kalastus.ee\/fi\/author\/"},"uagb_comment_info":0,"uagb_excerpt":"Aku-k\u00e4ytt\u00f6inen ThermaCELL E55 hyttyskarkotin torjuu hyttysi\u00e4 tehokkaasti, luoden itsens\u00e4 ymp\u00e4rille noin 29 m\u00b2 suuruisen hyttyssuojavy\u00f6hykkeen. Voita pahin hyttyshy\u00f6kk\u00e4ys yhdell\u00e4 painikkeen painalluksella. Uudella langattomalla Thermacell-hyttyskarkottimella on pidempi k\u00e4ytt\u00f6aika, optimoitu torjuntateho ja se ohjataan yhdest\u00e4 painikkeesta. Parhaan tuloksen saavuttamiseksi suunniteltu ThermaCELL E55 on vaivatonta, helppok\u00e4ytt\u00f6ist\u00e4, uudelleenladattavaa, hajutonta ja kompaktia. Koska E55:tt\u00e4 k\u00e4ytt\u00e4\u00e4 litiumioniakku, ei Thermacellin kaasupatruunoita, se&hellip;","_links":{"self":[{"href":"https:\/\/e-kalastus.ee\/fi\/wp-json\/wp\/v2\/product\/63370","targetHints":{"allow":["GET"]}}],"collection":[{"href":"https:\/\/e-kalastus.ee\/fi\/wp-json\/wp\/v2\/product"}],"about":[{"href":"https:\/\/e-kalastus.ee\/fi\/wp-json\/wp\/v2\/types\/product"}],"wp:featuredmedia":[{"embeddable":true,"href":"https:\/\/e-kalastus.ee\/fi\/wp-json\/wp\/v2\/media\/63369"}],"wp:attachment":[{"href":"https:\/\/e-kalastus.ee\/fi\/wp-json\/wp\/v2\/media?parent=63370"}],"wp:term":[{"taxonomy":"product_brand","embeddable":true,"href":"https:\/\/e-kalastus.ee\/fi\/wp-json\/wp\/v2\/product_brand?post=63370"},{"taxonomy":"product_cat","embeddable":true,"href":"https:\/\/e-kalastus.ee\/fi\/wp-json\/wp\/v2\/product_cat?post=63370"},{"taxonomy":"product_tag","embeddable":true,"href":"https:\/\/e-kalastus.ee\/fi\/wp-json\/wp\/v2\/product_tag?post=63370"}],"curies":[{"name":"wp","href":"https:\/\/api.w.org\/{rel}","templated":true}]}}