{"id":63166,"date":"2024-05-31T17:16:09","date_gmt":"2024-05-31T14:16:09","guid":{"rendered":"https:\/\/e-kalastus.ee\/toode\/thermacell-taitsekapsel-40h\/"},"modified":"2026-04-10T15:57:31","modified_gmt":"2026-04-10T12:57:31","slug":"thermacell-taitsekapsel-40h","status":"publish","type":"product","link":"https:\/\/e-kalastus.ee\/fi\/tuotteet\/thermacell-tayttokapseli-40h\/","title":{"rendered":"Thermacell T\u00e4ytt\u00f6kapseli 40h"},"content":{"rendered":"<p><\/p>\n<p>Thermacell akkuk\u00e4ytt\u00f6isen hyttyskarkottimen t\u00e4ytt\u00f6kapseli 40 tunniksi.<\/p>\n<p>T\u00e4m\u00e4 t\u00e4ysin suljettu nestet\u00e4ytt\u00f6pakkaus suojaa 29 m\u00b2 aluetta hyttysilt\u00e4. K\u00e4ytett\u00e4viss\u00e4 vain akkuk\u00e4ytt\u00f6isiss\u00e4 Thermacell hyttyskarkottimissa. Kun sit\u00e4 k\u00e4ytet\u00e4\u00e4n Thermacell akkuk\u00e4ytt\u00f6isen hyttyskarkottimen kanssa, t\u00e4m\u00e4 nestem\u00e4inen karkoteaine tarjoaa hyttyssuojaa sek\u00e4 sinulle ett\u00e4 ymp\u00e4rill\u00e4si oleville.<br \/>40 tunnin t\u00e4ytt\u00f6kapseli k\u00e4ytett\u00e4v\u00e4ksi vain akkuk\u00e4ytt\u00f6isiss\u00e4 Thermacell hyttyskarkottimissa.<br \/>Hajuton, DEET-vapaa ja helppok\u00e4ytt\u00f6inen.<br \/>T\u00e4ysin suljettu ja vuotonsuojattu. Matkayst\u00e4v\u00e4llinen muotoilu.<br \/>Paketissa: yksi t\u00e4ytt\u00f6kapseli 40 tunniksi.<\/p>\n<p>Sopii akkuk\u00e4ytt\u00f6isiin Thermacell hyttyskarkottimiin (esim. E55 ja EX90).<\/p>\n<p>Vaikuttava aine Metoflutriini\/pralletriini<br \/>Mitat 6 x 7 x 1,9 cm (L x S x K)<br \/>Suojan kesto (tuntia) 40<br \/>Nettotilavuus 11 ml<br \/>Suojavy\u00f6hykkeen kattavuus 29 m\u00b2<br \/>Mallinumero ER140<\/p>\n<p><\/p>\n\n    <div class=\"xs_social_share_widget xs_share_url after_content \t\tmain_content  wslu-style-1 wslu-share-box-shaped wslu-fill-colored wslu-none wslu-share-horizontal wslu-theme-font-no wslu-main_content\">\n\n\t\t\n        <ul>\n\t\t\t        <\/ul>\n    <\/div>","protected":false},"excerpt":{"rendered":"<p>Thermacell akkuk\u00e4ytt\u00f6isen hyttyskarkottimen t\u00e4ytt\u00f6kapseli 40 tunniksi. T\u00e4m\u00e4 t\u00e4ysin suljettu nestet\u00e4ytt\u00f6pakkaus suojaa 29 m\u00b2 aluetta hyttysilt\u00e4. K\u00e4ytett\u00e4viss\u00e4 vain akkuk\u00e4ytt\u00f6isiss\u00e4 Thermacell hyttyskarkottimissa. Kun sit\u00e4 k\u00e4ytet\u00e4\u00e4n Thermacell akkuk\u00e4ytt\u00f6isen hyttyskarkottimen kanssa, t\u00e4m\u00e4 nestem\u00e4inen karkoteaine tarjoaa hyttyssuojaa sek\u00e4 sinulle ett\u00e4 ymp\u00e4rill\u00e4si oleville.40 tunnin t\u00e4ytt\u00f6kapseli k\u00e4ytett\u00e4v\u00e4ksi vain akkuk\u00e4ytt\u00f6isiss\u00e4 Thermacell hyttyskarkottimissa.Hajuton, DEET-vapaa ja helppok\u00e4ytt\u00f6inen.T\u00e4ysin suljettu ja vuotonsuojattu. Matkayst\u00e4v\u00e4llinen muotoilu.Paketissa: yksi t\u00e4ytt\u00f6kapseli 40 [&hellip;]<\/p>\n","protected":false},"featured_media":63368,"template":"","meta":{"_uag_custom_page_level_css":""},"product_brand":[],"product_cat":[1220],"product_tag":[],"class_list":{"0":"post-63166","1":"product","2":"type-product","3":"status-publish","4":"has-post-thumbnail","6":"product_cat-muud-tarvikud","8":"first","9":"instock","10":"sale","11":"taxable","12":"shipping-taxable","13":"purchasable","14":"product-type-simple"},"uagb_featured_image_src":{"full":["https:\/\/e-kalastus.b-cdn.net\/wp-content\/uploads\/2024\/06\/image-24111.png",1000,1000,false],"thumbnail":["https:\/\/e-kalastus.b-cdn.net\/wp-content\/uploads\/2024\/06\/image-24111-150x150.png.jpg",150,150,true],"medium":["https:\/\/e-kalastus.b-cdn.net\/wp-content\/uploads\/2024\/06\/image-24111-300x300.png.jpg",300,300,true],"medium_large":["https:\/\/e-kalastus.b-cdn.net\/wp-content\/uploads\/2024\/06\/image-24111-768x768.png.jpg",768,768,true],"large":["https:\/\/e-kalastus.b-cdn.net\/wp-content\/uploads\/2024\/06\/image-24111-800x800.png.jpg",800,800,true],"1536x1536":["https:\/\/e-kalastus.b-cdn.net\/wp-content\/uploads\/2024\/06\/image-24111.png",1000,1000,false],"2048x2048":["https:\/\/e-kalastus.b-cdn.net\/wp-content\/uploads\/2024\/06\/image-24111.png",1000,1000,false],"woocommerce_thumbnail":["https:\/\/e-kalastus.b-cdn.net\/wp-content\/uploads\/2024\/06\/image-24111-768x768.png.jpg",324,324,true],"woocommerce_single":["https:\/\/e-kalastus.b-cdn.net\/wp-content\/uploads\/2024\/06\/image-24111-768x768.png.jpg",416,416,true],"woocommerce_gallery_thumbnail":["https:\/\/e-kalastus.b-cdn.net\/wp-content\/uploads\/2024\/06\/image-24111-100x100.png.jpg",100,100,true]},"uagb_author_info":{"display_name":"adam.mrozek","author_link":"https:\/\/e-kalastus.ee\/fi\/author\/"},"uagb_comment_info":0,"uagb_excerpt":"Thermacell akkuk\u00e4ytt\u00f6isen hyttyskarkottimen t\u00e4ytt\u00f6kapseli 40 tunniksi. T\u00e4m\u00e4 t\u00e4ysin suljettu nestet\u00e4ytt\u00f6pakkaus suojaa 29 m\u00b2 aluetta hyttysilt\u00e4. K\u00e4ytett\u00e4viss\u00e4 vain akkuk\u00e4ytt\u00f6isiss\u00e4 Thermacell hyttyskarkottimissa. Kun sit\u00e4 k\u00e4ytet\u00e4\u00e4n Thermacell akkuk\u00e4ytt\u00f6isen hyttyskarkottimen kanssa, t\u00e4m\u00e4 nestem\u00e4inen karkoteaine tarjoaa hyttyssuojaa sek\u00e4 sinulle ett\u00e4 ymp\u00e4rill\u00e4si oleville.40 tunnin t\u00e4ytt\u00f6kapseli k\u00e4ytett\u00e4v\u00e4ksi vain akkuk\u00e4ytt\u00f6isiss\u00e4 Thermacell hyttyskarkottimissa.Hajuton, DEET-vapaa ja helppok\u00e4ytt\u00f6inen.T\u00e4ysin suljettu ja vuotonsuojattu. Matkayst\u00e4v\u00e4llinen muotoilu.Paketissa: yksi t\u00e4ytt\u00f6kapseli 40&hellip;","_links":{"self":[{"href":"https:\/\/e-kalastus.ee\/fi\/wp-json\/wp\/v2\/product\/63166","targetHints":{"allow":["GET"]}}],"collection":[{"href":"https:\/\/e-kalastus.ee\/fi\/wp-json\/wp\/v2\/product"}],"about":[{"href":"https:\/\/e-kalastus.ee\/fi\/wp-json\/wp\/v2\/types\/product"}],"wp:featuredmedia":[{"embeddable":true,"href":"https:\/\/e-kalastus.ee\/fi\/wp-json\/wp\/v2\/media\/63368"}],"wp:attachment":[{"href":"https:\/\/e-kalastus.ee\/fi\/wp-json\/wp\/v2\/media?parent=63166"}],"wp:term":[{"taxonomy":"product_brand","embeddable":true,"href":"https:\/\/e-kalastus.ee\/fi\/wp-json\/wp\/v2\/product_brand?post=63166"},{"taxonomy":"product_cat","embeddable":true,"href":"https:\/\/e-kalastus.ee\/fi\/wp-json\/wp\/v2\/product_cat?post=63166"},{"taxonomy":"product_tag","embeddable":true,"href":"https:\/\/e-kalastus.ee\/fi\/wp-json\/wp\/v2\/product_tag?post=63166"}],"curies":[{"name":"wp","href":"https:\/\/api.w.org\/{rel}","templated":true}]}}