{"id":61533,"date":"2024-05-06T09:57:27","date_gmt":"2024-05-06T06:57:27","guid":{"rendered":"https:\/\/e-kalastus.ee\/toode\/silikoon-westin-bullteez-curltail-14cm-1tk-sparkling-chartreuse\/"},"modified":"2026-04-16T15:24:09","modified_gmt":"2026-04-16T12:24:09","slug":"silikoon-westin-bullteez-curltail-14cm-1tk-sparkling-chartreuse","status":"publish","type":"product","link":"https:\/\/e-kalastus.ee\/fi\/tuotteet\/westin-bullteez-curltail-14cm-1kpl-sparkling-chartreuse\/","title":{"rendered":"Westin Bullteez Curltail 14cm 1kpl #Sparkling Chartreuse"},"content":{"rendered":"<p><\/p>\n<p>Nimi Bullteez Curltail kertoo kaiken. Bullteezin ja Curlyn yhdistelm\u00e4. T\u00e4m\u00e4 viehe on erinomainen lis\u00e4 tunnetulle suurten kalojen magneetille Bullteez Shadtail. T\u00e4m\u00e4 uistin houkuttelee jopa vastahakoisimmat saalistajat py\u00f6rivill\u00e4 ja lepattavilla kiharoillaan. Nosta Bullteez Curltailia hyvin hitaasti syv\u00e4ss\u00e4 vedess\u00e4 tai nopeuta sit\u00e4 ja kalasta nopeasti matalien vesikasvien yli. Se on erinomainen valinta saaliskaloille, kuten hauelle, ahvenelle ja kuha. Bullteez Curltailia voidaan helposti kalastaa matalilla alustoilla tai s\u00e4\u00e4nn\u00f6llisell\u00e4 jigikoukulla suoraan syvyyksiin. Vesikasvista vapaa toimitus siirtokoukulla, olemme varustaneet Bullteez Curltailin tuuletusreijill\u00e4 vatsassa ja sel\u00e4ss\u00e4. Erinomainen py\u00f6reiden rakenteiden ymp\u00e4rill\u00e4 ja vesikasvien l\u00e4pi kalastamiseen!<\/p>\n<p>Ominaisuudet:<\/p>\n<p>Myrkyllisten ftalaattien vapaa<\/p>\n<p>Realistiset silm\u00e4t<\/p>\n<p>Curtail liikkuu eritt\u00e4in hitaasti<\/p>\n<p>Kiertoliike vatsa-alueella<\/p>\n<p>Sel\u00e4n ja vatsan leikkaukset siirtokoukkua varten<\/p>\n<p>Pituus 14 cm<\/p>\n<p>Paino 15g<\/p>\n\n    <div class=\"xs_social_share_widget xs_share_url after_content \t\tmain_content  wslu-style-1 wslu-share-box-shaped wslu-fill-colored wslu-none wslu-share-horizontal wslu-theme-font-no wslu-main_content\">\n\n\t\t\n        <ul>\n\t\t\t        <\/ul>\n    <\/div>","protected":false},"excerpt":{"rendered":"<p>Bullteez Curltail on el\u00e4v\u00e4nveroinen viehe, joka yhdist\u00e4\u00e4 Bullteezin voiman ja kiharaisen h\u00e4nn\u00e4n leikkisyyden, tarjoten vertaansa vailla olevaa liikett\u00e4 ja tehokkuutta suurten saaliskalojen, kuten hauen, ahvenen ja kuhan, pyydyst\u00e4miseen.<\/p>\n","protected":false},"featured_media":61532,"template":"","meta":{"_uag_custom_page_level_css":""},"product_brand":[763],"product_cat":[1416],"product_tag":[],"class_list":{"0":"post-61533","1":"product","2":"type-product","3":"status-publish","4":"has-post-thumbnail","6":"product_brand-westin","7":"product_cat-bullteez-curltail","8":"pa_brand-westin","10":"first","11":"instock","12":"taxable","13":"shipping-taxable","14":"purchasable","15":"product-type-simple"},"uagb_featured_image_src":{"full":["https:\/\/e-kalastus.b-cdn.net\/wp-content\/uploads\/2024\/05\/big-p081-557-007-default.jpg",1000,750,false],"thumbnail":["https:\/\/e-kalastus.b-cdn.net\/wp-content\/uploads\/2024\/05\/big-p081-557-007-default-150x150.jpg",150,150,true],"medium":["https:\/\/e-kalastus.b-cdn.net\/wp-content\/uploads\/2024\/05\/big-p081-557-007-default-300x300.jpg",300,300,true],"medium_large":["https:\/\/e-kalastus.b-cdn.net\/wp-content\/uploads\/2024\/05\/big-p081-557-007-default-768x768.jpg",768,768,true],"large":["https:\/\/e-kalastus.b-cdn.net\/wp-content\/uploads\/2024\/05\/big-p081-557-007-default-800x800.jpg",800,800,true],"1536x1536":["https:\/\/e-kalastus.b-cdn.net\/wp-content\/uploads\/2024\/05\/big-p081-557-007-default.jpg",1000,750,false],"2048x2048":["https:\/\/e-kalastus.b-cdn.net\/wp-content\/uploads\/2024\/05\/big-p081-557-007-default.jpg",1000,750,false],"woocommerce_thumbnail":["https:\/\/e-kalastus.b-cdn.net\/wp-content\/uploads\/2024\/05\/big-p081-557-007-default-768x768.jpg",324,324,true],"woocommerce_single":["https:\/\/e-kalastus.b-cdn.net\/wp-content\/uploads\/2024\/05\/big-p081-557-007-default.jpg",416,312,false],"woocommerce_gallery_thumbnail":["https:\/\/e-kalastus.b-cdn.net\/wp-content\/uploads\/2024\/05\/big-p081-557-007-default-100x100.jpg",100,100,true]},"uagb_author_info":{"display_name":"adam.mrozek","author_link":"https:\/\/e-kalastus.ee\/fi\/author\/"},"uagb_comment_info":0,"uagb_excerpt":"Bullteez Curltail on el\u00e4v\u00e4nveroinen viehe, joka yhdist\u00e4\u00e4 Bullteezin voiman ja kiharaisen h\u00e4nn\u00e4n leikkisyyden, tarjoten vertaansa vailla olevaa liikett\u00e4 ja tehokkuutta suurten saaliskalojen, kuten hauen, ahvenen ja kuhan, pyydyst\u00e4miseen.","_links":{"self":[{"href":"https:\/\/e-kalastus.ee\/fi\/wp-json\/wp\/v2\/product\/61533","targetHints":{"allow":["GET"]}}],"collection":[{"href":"https:\/\/e-kalastus.ee\/fi\/wp-json\/wp\/v2\/product"}],"about":[{"href":"https:\/\/e-kalastus.ee\/fi\/wp-json\/wp\/v2\/types\/product"}],"wp:featuredmedia":[{"embeddable":true,"href":"https:\/\/e-kalastus.ee\/fi\/wp-json\/wp\/v2\/media\/61532"}],"wp:attachment":[{"href":"https:\/\/e-kalastus.ee\/fi\/wp-json\/wp\/v2\/media?parent=61533"}],"wp:term":[{"taxonomy":"product_brand","embeddable":true,"href":"https:\/\/e-kalastus.ee\/fi\/wp-json\/wp\/v2\/product_brand?post=61533"},{"taxonomy":"product_cat","embeddable":true,"href":"https:\/\/e-kalastus.ee\/fi\/wp-json\/wp\/v2\/product_cat?post=61533"},{"taxonomy":"product_tag","embeddable":true,"href":"https:\/\/e-kalastus.ee\/fi\/wp-json\/wp\/v2\/product_tag?post=61533"}],"curies":[{"name":"wp","href":"https:\/\/api.w.org\/{rel}","templated":true}]}}