{"id":61528,"date":"2024-05-06T09:27:24","date_gmt":"2024-05-06T06:27:24","guid":{"rendered":"https:\/\/e-kalastus.ee\/toode\/silikoon-westin-stanley-the-stickleback-55cm-1tk-pearl-stickleback\/"},"modified":"2026-04-16T15:32:13","modified_gmt":"2026-04-16T12:32:13","slug":"silikoon-westin-stanley-the-stickleback-55cm-1tk-pearl-stickleback","status":"publish","type":"product","link":"https:\/\/e-kalastus.ee\/fi\/tuotteet\/westin-stanley-the-stickleback-pehme-viehe-55cm-helmi\/","title":{"rendered":"Westin Stanley The Stickleback 5,5cm 1kpl #Pearl Stickleback"},"content":{"rendered":"<p><\/p>\n<p>Kiiski on rasva- ja valkuarikkaita herkkupala, jota rakastavat kaikki hampaat petokalat \u2013 ja nyt voit pyyt\u00e4\u00e4 sit\u00e4 itse Westinin avulla. Stanley the Stickleback -pehme viehe on 3D-skannaus oikeasta kalasta ja sopii kalastukseen sek\u00e4 suolaisessa ett\u00e4 makeassa vedess\u00e4. Valmistettu eritt\u00e4in pehme\u00e4st\u00e4 ja joustavasta muovista, Stanley tuntee olonsa mukavaksi sek\u00e4 kevyen perinteisen jigikoukun ett\u00e4 dropshotin kanssa \u2013 h\u00e4n ei ole valikoiva, mutta eritt\u00e4in houkutteleva! Kaiken muotoiset ja kokoiset petokalat kiehtuvat h\u00e4nen arvaamattomasta uimaliikkeest\u00e4\u00e4n, melah\u00e4nn\u00e4st\u00e4\u00e4n, aktiivisista silmist\u00e4\u00e4n ja k\u00e4sinmaalatuista v\u00e4reist\u00e4\u00e4n.<\/p>\n<ul>\n<li>\n<p role=\"presentation\">Optimoitu superaaltoileva joustavuus<br \/>\n\t&nbsp;<\/p>\n<\/li>\n<li>\n<p role=\"presentation\">Aktiiviset silm\u00e4t<br \/>\n\t&nbsp;<\/p>\n<\/li>\n<li>\n<p role=\"presentation\">El\u00e4v\u00e4nveroinen viehe<br \/>\n\t&nbsp;<\/p>\n<\/li>\n<li>\n<p role=\"presentation\">Helposti animoitava melah\u00e4nt\u00e4<br \/>\n\t&nbsp;<\/p>\n<\/li>\n<li>\n<p role=\"presentation\">K\u00e4sinmaalattu yksityiskohtainen viimeistely<\/p>\n<\/li>\n<\/ul>\n<p><\/p>\n\n    <div class=\"xs_social_share_widget xs_share_url after_content \t\tmain_content  wslu-style-1 wslu-share-box-shaped wslu-fill-colored wslu-none wslu-share-horizontal wslu-theme-font-no wslu-main_content\">\n\n\t\t\n        <ul>\n\t\t\t        <\/ul>\n    <\/div>","protected":false},"excerpt":{"rendered":"<p>Stanley the Stickleback on eritt\u00e4in joustava ja el\u00e4v\u00e4nveroinen viehe, joka houkuttelee kaikkia petokaloja realistisella liikkeell\u00e4\u00e4n, aktiivisilla silmill\u00e4\u00e4n ja yksityiskohtaisella viimeistelyll\u00e4\u00e4n.<\/p>\n","protected":false},"featured_media":61529,"template":"","meta":{"_uag_custom_page_level_css":""},"product_brand":[763],"product_cat":[1424],"product_tag":[],"class_list":{"0":"post-61528","1":"product","2":"type-product","3":"status-publish","4":"has-post-thumbnail","6":"product_brand-westin","7":"product_cat-stanley-the-stickleback","8":"pa_brand-westin","10":"first","11":"instock","12":"taxable","13":"shipping-taxable","14":"purchasable","15":"product-type-simple"},"uagb_featured_image_src":{"full":["https:\/\/e-kalastus.b-cdn.net\/wp-content\/uploads\/2024\/05\/images-1024.jpg",259,194,false],"thumbnail":["https:\/\/e-kalastus.b-cdn.net\/wp-content\/uploads\/2024\/05\/images-1024-150x150.jpg",150,150,true],"medium":["https:\/\/e-kalastus.b-cdn.net\/wp-content\/uploads\/2024\/05\/images-1024-300x300.jpg",300,300,true],"medium_large":["https:\/\/e-kalastus.b-cdn.net\/wp-content\/uploads\/2024\/05\/images-1024-768x768.jpg",768,768,true],"large":["https:\/\/e-kalastus.b-cdn.net\/wp-content\/uploads\/2024\/05\/images-1024-800x800.jpg",800,800,true],"1536x1536":["https:\/\/e-kalastus.b-cdn.net\/wp-content\/uploads\/2024\/05\/images-1024.jpg",259,194,false],"2048x2048":["https:\/\/e-kalastus.b-cdn.net\/wp-content\/uploads\/2024\/05\/images-1024.jpg",259,194,false],"woocommerce_thumbnail":["https:\/\/e-kalastus.b-cdn.net\/wp-content\/uploads\/2024\/05\/images-1024-768x768.jpg",324,324,true],"woocommerce_single":["https:\/\/e-kalastus.b-cdn.net\/wp-content\/uploads\/2024\/05\/images-1024.jpg",259,194,false],"woocommerce_gallery_thumbnail":["https:\/\/e-kalastus.b-cdn.net\/wp-content\/uploads\/2024\/05\/images-1024-100x100.jpg",100,100,true]},"uagb_author_info":{"display_name":"adam.mrozek","author_link":"https:\/\/e-kalastus.ee\/fi\/author\/"},"uagb_comment_info":0,"uagb_excerpt":"Stanley the Stickleback on eritt\u00e4in joustava ja el\u00e4v\u00e4nveroinen viehe, joka houkuttelee kaikkia petokaloja realistisella liikkeell\u00e4\u00e4n, aktiivisilla silmill\u00e4\u00e4n ja yksityiskohtaisella viimeistelyll\u00e4\u00e4n.","_links":{"self":[{"href":"https:\/\/e-kalastus.ee\/fi\/wp-json\/wp\/v2\/product\/61528","targetHints":{"allow":["GET"]}}],"collection":[{"href":"https:\/\/e-kalastus.ee\/fi\/wp-json\/wp\/v2\/product"}],"about":[{"href":"https:\/\/e-kalastus.ee\/fi\/wp-json\/wp\/v2\/types\/product"}],"wp:featuredmedia":[{"embeddable":true,"href":"https:\/\/e-kalastus.ee\/fi\/wp-json\/wp\/v2\/media\/61529"}],"wp:attachment":[{"href":"https:\/\/e-kalastus.ee\/fi\/wp-json\/wp\/v2\/media?parent=61528"}],"wp:term":[{"taxonomy":"product_brand","embeddable":true,"href":"https:\/\/e-kalastus.ee\/fi\/wp-json\/wp\/v2\/product_brand?post=61528"},{"taxonomy":"product_cat","embeddable":true,"href":"https:\/\/e-kalastus.ee\/fi\/wp-json\/wp\/v2\/product_cat?post=61528"},{"taxonomy":"product_tag","embeddable":true,"href":"https:\/\/e-kalastus.ee\/fi\/wp-json\/wp\/v2\/product_tag?post=61528"}],"curies":[{"name":"wp","href":"https:\/\/api.w.org\/{rel}","templated":true}]}}