{"id":61441,"date":"2024-05-03T08:57:25","date_gmt":"2024-05-03T05:57:25","guid":{"rendered":"https:\/\/e-kalastus.ee\/toode\/silikoon-westin-shadteez-16cm-1tk-lively-roach\/"},"modified":"2026-03-30T15:47:37","modified_gmt":"2026-03-30T12:47:37","slug":"silikoon-westin-shadteez-16cm-1tk-lively-roach","status":"publish","type":"product","link":"https:\/\/e-kalastus.ee\/fi\/tuotteet\/westin-shadteez-16cm-1kpl-lively-roach-silikoniviehe\/","title":{"rendered":"Westin Shadteez 16cm 1kpl #Lively Roach"},"content":{"rendered":"<p><\/p>\n<p>J\u00e4tt\u00e4\u00e4 muut shad-vieheet varjoon \u2013 ShadTeez on viimeistelty t\u00e4ydellisyyteen asti pienimpiin yksityiskohtiin saakka. Syv\u00e4 vartalo, hoikka keskiosa ja leve\u00e4 pyrst\u00f6 luovat py\u00f6riv\u00e4n, vatsan v\u00e4lkkyv\u00e4n uimaliikkeen jopa hitaalla kelauksella, j\u00e4tt\u00e4en suuret petokalat t\u00e4ysin lumoutuneiksi. T\u00e4ydellinen valinta jigaukseen, heittokalastukseen ja pystykalastukseen. Matkien hieman loukkaantunutta ja panikoitunutta kalaa l\u00f6yd\u00e4t enn\u00e4tyssaaliisi nopeammin kuin osaat kuvitellakaan!<\/p>\n<ul>\n<li>\n<p role=\"presentation\">Optimoitu joustavuus<br \/>\n\t&nbsp;<\/p>\n<\/li>\n<li>\n<p role=\"presentation\">Realistiset silm\u00e4t<br \/>\n\t&nbsp;<\/p>\n<\/li>\n<li>\n<p role=\"presentation\">Helposti v\u00e4r\u00e4htelev\u00e4 melapyrst\u00f6<br \/>\n\t&nbsp;<\/p>\n<\/li>\n<li>\n<p role=\"presentation\">Korkea vartaloprofiili ja voimakas vatsan v\u00e4lke<br \/>\n\t&nbsp;<\/p>\n<\/li>\n<li>\n<p role=\"presentation\">K\u00e4sinmaalattu yksityiskohtainen viimeistely<br \/>\n\t&nbsp;<\/p>\n<\/li>\n<li>\n<p role=\"presentation\">Toimitetaan laatikossa<br \/>\n\t&nbsp;<\/p>\n<\/li>\n<li>\n<p role=\"presentation\">Paino: 7 cm 4 g | 9 cm 7 g | 12 cm 15 g | 16 cm 39 g | 19 cm 56 g<\/p>\n<\/li>\n<\/ul>\n<p><\/p>\n\n    <div class=\"xs_social_share_widget xs_share_url after_content \t\tmain_content  wslu-style-1 wslu-share-box-shaped wslu-fill-colored wslu-none wslu-share-horizontal wslu-theme-font-no wslu-main_content\">\n\n\t\t\n        <ul>\n\t\t\t        <\/ul>\n    <\/div>","protected":false},"excerpt":{"rendered":"<p>ShadTeez on eritt\u00e4in realistinen silikoniviehe, joka yhdist\u00e4\u00e4 el\u00e4v\u00e4nkaltaisen liikkeen ja yksityiskohtaisen viimeistelyn houkutellakseen jopa varovaisimmat petokalat.<\/p>\n","protected":false},"featured_media":61440,"template":"","meta":{"_uag_custom_page_level_css":""},"product_brand":[763],"product_cat":[1419],"product_tag":[],"class_list":{"0":"post-61441","1":"product","2":"type-product","3":"status-publish","4":"has-post-thumbnail","6":"product_brand-westin","7":"product_cat-shadteez","8":"pa_brand-westin","10":"first","11":"instock","12":"taxable","13":"shipping-taxable","14":"purchasable","15":"product-type-simple"},"uagb_featured_image_src":{"full":["https:\/\/e-kalastus.b-cdn.net\/wp-content\/uploads\/2024\/05\/p15360-guma-westin-shadteez-16cm-39g-lively-roach.jpg",800,800,false],"thumbnail":["https:\/\/e-kalastus.b-cdn.net\/wp-content\/uploads\/2024\/05\/p15360-guma-westin-shadteez-16cm-39g-lively-roach-150x150.jpg",150,150,true],"medium":["https:\/\/e-kalastus.b-cdn.net\/wp-content\/uploads\/2024\/05\/p15360-guma-westin-shadteez-16cm-39g-lively-roach-300x300.jpg",300,300,true],"medium_large":["https:\/\/e-kalastus.b-cdn.net\/wp-content\/uploads\/2024\/05\/p15360-guma-westin-shadteez-16cm-39g-lively-roach-768x768.jpg",768,768,true],"large":["https:\/\/e-kalastus.b-cdn.net\/wp-content\/uploads\/2024\/05\/p15360-guma-westin-shadteez-16cm-39g-lively-roach-800x800.jpg",800,800,true],"1536x1536":["https:\/\/e-kalastus.b-cdn.net\/wp-content\/uploads\/2024\/05\/p15360-guma-westin-shadteez-16cm-39g-lively-roach.jpg",800,800,false],"2048x2048":["https:\/\/e-kalastus.b-cdn.net\/wp-content\/uploads\/2024\/05\/p15360-guma-westin-shadteez-16cm-39g-lively-roach.jpg",800,800,false],"woocommerce_thumbnail":["https:\/\/e-kalastus.b-cdn.net\/wp-content\/uploads\/2024\/05\/p15360-guma-westin-shadteez-16cm-39g-lively-roach-768x768.jpg",324,324,true],"woocommerce_single":["https:\/\/e-kalastus.b-cdn.net\/wp-content\/uploads\/2024\/05\/p15360-guma-westin-shadteez-16cm-39g-lively-roach-768x768.jpg",416,416,true],"woocommerce_gallery_thumbnail":["https:\/\/e-kalastus.b-cdn.net\/wp-content\/uploads\/2024\/05\/p15360-guma-westin-shadteez-16cm-39g-lively-roach-100x100.jpg",100,100,true]},"uagb_author_info":{"display_name":"adam.mrozek","author_link":"https:\/\/e-kalastus.ee\/fi\/author\/"},"uagb_comment_info":0,"uagb_excerpt":"ShadTeez on eritt\u00e4in realistinen silikoniviehe, joka yhdist\u00e4\u00e4 el\u00e4v\u00e4nkaltaisen liikkeen ja yksityiskohtaisen viimeistelyn houkutellakseen jopa varovaisimmat petokalat.","_links":{"self":[{"href":"https:\/\/e-kalastus.ee\/fi\/wp-json\/wp\/v2\/product\/61441","targetHints":{"allow":["GET"]}}],"collection":[{"href":"https:\/\/e-kalastus.ee\/fi\/wp-json\/wp\/v2\/product"}],"about":[{"href":"https:\/\/e-kalastus.ee\/fi\/wp-json\/wp\/v2\/types\/product"}],"wp:featuredmedia":[{"embeddable":true,"href":"https:\/\/e-kalastus.ee\/fi\/wp-json\/wp\/v2\/media\/61440"}],"wp:attachment":[{"href":"https:\/\/e-kalastus.ee\/fi\/wp-json\/wp\/v2\/media?parent=61441"}],"wp:term":[{"taxonomy":"product_brand","embeddable":true,"href":"https:\/\/e-kalastus.ee\/fi\/wp-json\/wp\/v2\/product_brand?post=61441"},{"taxonomy":"product_cat","embeddable":true,"href":"https:\/\/e-kalastus.ee\/fi\/wp-json\/wp\/v2\/product_cat?post=61441"},{"taxonomy":"product_tag","embeddable":true,"href":"https:\/\/e-kalastus.ee\/fi\/wp-json\/wp\/v2\/product_tag?post=61441"}],"curies":[{"name":"wp","href":"https:\/\/api.w.org\/{rel}","templated":true}]}}